{"id":9423,"date":"2023-02-02T11:39:57","date_gmt":"2023-02-02T10:39:57","guid":{"rendered":"https:\/\/bavarian-bondage.de\/?post_type=product&#038;p=9423"},"modified":"2026-03-07T02:45:13","modified_gmt":"2026-03-07T01:45:13","slug":"hampreb-naturligt-3mm-eksklusivt-enkeltreb-4m","status":"publish","type":"product","link":"https:\/\/bavarian-bondage.de\/da\/produkt\/leinenhanfseil-natur-3mm-exklusiv-einzelseil-4m\/","title":{"rendered":"Hampreb naturligt 3 mm eksklusivt; Enkelt reb 4m"},"content":{"rendered":"<h3 style=\"text-align: center\">Hampreb 3 mm EKSKLUSIVT!<\/h3>\n<p style=\"text-align: center\">Hamprebet 3 mm EXCLUSIVE er bl\u00f8dt og smidigt! Den er blevet behandlet flere gange for at bevare den bedste kvalitet. Rebet imponerer med sin runde, j\u00e6vne og knudefri struktur i hele sin l\u00e6ngde. Endvidere er enderne forsynet med sm\u00e5 splejseknuder.<\/p>\n<p style=\"text-align: center\">3 mm reb er ikke beregnet til normal bondage. De bruges til kunstneriske dekorationer s\u00e5vel som til at binde h\u00e5ret eller ansigtet.<\/p>\n<p><strong>Detaljer:<\/strong><\/p>\n<p>Hampreb 3 mm EKSKLUSIVT<br \/>\n3-akslet drejet<br \/>\nFarve: lys gr\u00e5<br \/>\nTrisk knude<br \/>\nL\u00e6ngde: 1x4m<br \/>\n(Tovl\u00e6ngden kan afvige fra den specificerede l\u00e6ngde med op til 3%)<\/p>\n<p>&nbsp;<\/p>\n<p><span style=\"color: #ff0000\"><strong>En meddelelse:<\/strong><\/span><\/p>\n<p>Tjek reb regelm\u00e6ssigt for slitage og skader!<br \/>\nHvis reb bliver sl\u00e5et eller snoet, kan de blive l\u00f8s under brug!<\/p>\n<p>&nbsp;<\/p>\n<p><strong>Leveringsomfang:<\/strong> 1x4m h\u00f8r hamp reb 3mm EKSKLUSIVT<\/p>\n<p>&nbsp;<\/p>\n<hr \/>\n<blockquote>\n<p style=\"text-align: center\"><span style=\"color: #333399\">Oplysningerne om produkterne er givet efter vores bedste viden og overbevisning. Alle dimensioner er omtrentlige. Brugen af de produkter, der tilbydes her i butikken, er p\u00e5 eget ansvar. Hver person reagerer forskelligt p\u00e5 ydre p\u00e5virkninger, p\u00e5 nydelse eller smerte osv. Derfor kan der ikke p\u00e5tages noget ansvar for forkert brug.  Hver bruger b\u00e6rer det fulde ansvar for brug eller korrekt brug af produkterne og dets uforudsigelige konsekvenser.<\/span><\/p>\n<\/blockquote>","protected":false},"excerpt":{"rendered":"<p>Grundpris: \u20ac1,88\/m<\/p>\n<p>Leveringstid: 5-7 dage*<\/p>","protected":false},"featured_media":9749,"template":"","meta":[],"product_brand":[],"product_cat":[216,217,218,496],"product_tag":[],"class_list":{"0":"post-9423","1":"product","2":"type-product","3":"status-publish","4":"has-post-thumbnail","6":"product_cat-bondageseile","7":"product_cat-leinenhanfseil","8":"product_cat-leinenhanfseil-natur","9":"product_cat-leinenhanfseil-3mm","11":"first","12":"instock","13":"taxable","14":"shipping-taxable","15":"purchasable","16":"product-type-simple"},"_links":{"self":[{"href":"https:\/\/bavarian-bondage.de\/da\/wp-json\/wp\/v2\/product\/9423","targetHints":{"allow":["GET"]}}],"collection":[{"href":"https:\/\/bavarian-bondage.de\/da\/wp-json\/wp\/v2\/product"}],"about":[{"href":"https:\/\/bavarian-bondage.de\/da\/wp-json\/wp\/v2\/types\/product"}],"version-history":[{"count":5,"href":"https:\/\/bavarian-bondage.de\/da\/wp-json\/wp\/v2\/product\/9423\/revisions"}],"predecessor-version":[{"id":13590,"href":"https:\/\/bavarian-bondage.de\/da\/wp-json\/wp\/v2\/product\/9423\/revisions\/13590"}],"wp:featuredmedia":[{"embeddable":true,"href":"https:\/\/bavarian-bondage.de\/da\/wp-json\/wp\/v2\/media\/9749"}],"wp:attachment":[{"href":"https:\/\/bavarian-bondage.de\/da\/wp-json\/wp\/v2\/media?parent=9423"}],"wp:term":[{"taxonomy":"product_brand","embeddable":true,"href":"https:\/\/bavarian-bondage.de\/da\/wp-json\/wp\/v2\/product_brand?post=9423"},{"taxonomy":"product_cat","embeddable":true,"href":"https:\/\/bavarian-bondage.de\/da\/wp-json\/wp\/v2\/product_cat?post=9423"},{"taxonomy":"product_tag","embeddable":true,"href":"https:\/\/bavarian-bondage.de\/da\/wp-json\/wp\/v2\/product_tag?post=9423"}],"curies":[{"name":"wp","href":"https:\/\/api.w.org\/{rel}","templated":true}]}}