{"id":9569,"date":"2023-02-15T12:46:17","date_gmt":"2023-02-15T11:46:17","guid":{"rendered":"https:\/\/bavarian-bondage.de\/?post_type=product&#038;p=9569"},"modified":"2026-03-19T07:02:01","modified_gmt":"2026-03-19T06:02:01","slug":"kupon","status":"publish","type":"product","link":"https:\/\/bavarian-bondage.de\/da\/produkt\/gutschein\/","title":{"rendered":"Kupon"},"content":{"rendered":"<h3 style=\"text-align: center\">Kupon<\/h3>\n<h3 style=\"text-align: center\"><span style=\"color: #0000ff\">Bestil venligst kuponer separat fra andre produkter<\/span><\/h3>\n<p style=\"text-align: center\">Den perfekte gave til mange lejligheder! Giv i gave og g\u00f8r dig glad!<\/p>\n<p style=\"text-align: center\">P\u00e5 grund af stor eftersp\u00f8rgsel tilbyder vi nu ogs\u00e5 gavekort. Disse kan indl\u00f8ses her i vores butik. Vi sender dig dit udfyldte gavekort gratis med posten. Hvis du har brug for det hurtigt, kan vi ogs\u00e5 sende det til dig via e-mail, s\u00e5 du selv kan udskrive det.<\/p>\n<p style=\"text-align: center\">V\u00e6rdibeviskoden er placeret nederst til venstre og sendes separat p\u00e5 mail, n\u00e5r den sendes med posten. Der er stadig plads til dine personlige ord p\u00e5 bagsiden!<\/p>\n<p>&nbsp;<\/p>\n<p><strong>Detaljer:<\/strong><\/p>\n<p>M\u00e5l: 10,7 cm x 21,2 cm<\/p>\n<p>Gyldighed: 2 \u00e5r efter k\u00f8b<\/p>\n<p>&nbsp;<\/p>\n<p><span style=\"color: #ff0000\"><strong>En meddelelse:<\/strong><\/span><\/p>\n<ul>\n<li>Flere v\u00e6rdibeviser kan indl\u00f8ses p\u00e5 samme tid.<\/li>\n<li>V\u00e6rdibeviset kan kun indl\u00f8ses fuldt ud.<\/li>\n<li>Delvis indl\u00f8sning og tilbagetr\u00e6kning er ikke mulig.<\/li>\n<\/ul>\n<p>&nbsp;<\/p>\n<p><strong>Leveringsomfang:<\/strong> En voucher (valgbar v\u00e6rdi), sendt via brev eller e-mail<\/p>\n<p>&nbsp;<\/p>\n<hr \/>\n<blockquote>\n<p style=\"text-align: center\"><span style=\"color: #333399\">Oplysningerne om produkterne er givet efter vores bedste viden og overbevisning. Alle dimensioner er omtrentlige. Brugen af de produkter, der tilbydes her i butikken, er p\u00e5 eget ansvar. Hver person reagerer forskelligt p\u00e5 ydre p\u00e5virkninger, p\u00e5 nydelse eller smerte osv. Derfor kan der ikke p\u00e5tages noget ansvar for forkert brug.  Hver bruger b\u00e6rer det fulde ansvar for brug eller korrekt brug af produkterne og dets uforudsigelige konsekvenser.<\/span><\/p>\n<\/blockquote>","protected":false},"excerpt":{"rendered":"<p>Leveringstid: 5-7 dage*<\/p>","protected":false},"featured_media":9668,"template":"","meta":[],"product_brand":[],"product_cat":[223,222],"product_tag":[],"class_list":{"0":"post-9569","1":"product","2":"type-product","3":"status-publish","4":"has-post-thumbnail","6":"product_cat-zubehoer","7":"product_cat-alle-produkte","9":"first","10":"instock","11":"purchasable","12":"product-type-variable"},"_links":{"self":[{"href":"https:\/\/bavarian-bondage.de\/da\/wp-json\/wp\/v2\/product\/9569","targetHints":{"allow":["GET"]}}],"collection":[{"href":"https:\/\/bavarian-bondage.de\/da\/wp-json\/wp\/v2\/product"}],"about":[{"href":"https:\/\/bavarian-bondage.de\/da\/wp-json\/wp\/v2\/types\/product"}],"version-history":[{"count":5,"href":"https:\/\/bavarian-bondage.de\/da\/wp-json\/wp\/v2\/product\/9569\/revisions"}],"predecessor-version":[{"id":16990,"href":"https:\/\/bavarian-bondage.de\/da\/wp-json\/wp\/v2\/product\/9569\/revisions\/16990"}],"wp:featuredmedia":[{"embeddable":true,"href":"https:\/\/bavarian-bondage.de\/da\/wp-json\/wp\/v2\/media\/9668"}],"wp:attachment":[{"href":"https:\/\/bavarian-bondage.de\/da\/wp-json\/wp\/v2\/media?parent=9569"}],"wp:term":[{"taxonomy":"product_brand","embeddable":true,"href":"https:\/\/bavarian-bondage.de\/da\/wp-json\/wp\/v2\/product_brand?post=9569"},{"taxonomy":"product_cat","embeddable":true,"href":"https:\/\/bavarian-bondage.de\/da\/wp-json\/wp\/v2\/product_cat?post=9569"},{"taxonomy":"product_tag","embeddable":true,"href":"https:\/\/bavarian-bondage.de\/da\/wp-json\/wp\/v2\/product_tag?post=9569"}],"curies":[{"name":"wp","href":"https:\/\/api.w.org\/{rel}","templated":true}]}}