{"id":1104,"date":"2016-01-23T21:24:14","date_gmt":"2016-01-23T20:24:14","guid":{"rendered":"https:\/\/bavarian-bondage.mysupr.de\/bondageseile\/"},"modified":"2024-09-01T19:18:28","modified_gmt":"2024-09-01T17:18:28","slug":"bondageseile","status":"publish","type":"page","link":"https:\/\/bavarian-bondage.de\/de\/bondageseile\/","title":{"rendered":"Bondageseile"},"content":{"rendered":"\t\t<div data-elementor-type=\"wp-post\" data-elementor-id=\"1104\" class=\"elementor elementor-1104\" data-elementor-post-type=\"page\">\n\t\t\t\t<div class=\"elementor-element elementor-element-245a058 e-flex e-con-boxed e-con e-parent\" data-id=\"245a058\" data-element_type=\"container\" data-e-type=\"container\" data-settings=\"{&quot;background_background&quot;:&quot;classic&quot;}\">\n\t\t\t\t\t<div class=\"e-con-inner\">\n\t\t<div class=\"elementor-element elementor-element-da084e0 e-con-full e-flex e-con e-child\" data-id=\"da084e0\" data-element_type=\"container\" data-e-type=\"container\" data-settings=\"{&quot;background_background&quot;:&quot;classic&quot;}\">\n\t\t\t\t<div class=\"elementor-element elementor-element-ea1dfa2 elementor-widget elementor-widget-spacer\" data-id=\"ea1dfa2\" data-element_type=\"widget\" data-e-type=\"widget\" data-widget_type=\"spacer.default\">\n\t\t\t\t\t\t\t<div class=\"elementor-spacer\">\n\t\t\t<div class=\"elementor-spacer-inner\"><\/div>\n\t\t<\/div>\n\t\t\t\t\t\t<\/div>\n\t\t\t\t<div class=\"elementor-element elementor-element-f005b98 elementor-widget elementor-widget-heading\" data-id=\"f005b98\" data-element_type=\"widget\" data-e-type=\"widget\" data-widget_type=\"heading.default\">\n\t\t\t\t\t<h2 class=\"elementor-heading-title elementor-size-default\">Hanf- und Juteseile, so \u00e4hnlich und doch verschieden!<\/h2>\t\t\t\t<\/div>\n\t\t\t\t<div class=\"elementor-element elementor-element-4af304a elementor-widget elementor-widget-spacer\" data-id=\"4af304a\" data-element_type=\"widget\" data-e-type=\"widget\" data-widget_type=\"spacer.default\">\n\t\t\t\t\t\t\t<div class=\"elementor-spacer\">\n\t\t\t<div class=\"elementor-spacer-inner\"><\/div>\n\t\t<\/div>\n\t\t\t\t\t\t<\/div>\n\t\t\t\t<\/div>\n\t\t\t\t\t<\/div>\n\t\t\t\t<\/div>\n\t\t<div class=\"elementor-element elementor-element-00244d7 e-flex e-con-boxed e-con e-parent\" data-id=\"00244d7\" data-element_type=\"container\" data-e-type=\"container\">\n\t\t\t\t\t<div class=\"e-con-inner\">\n\t\t<div class=\"elementor-element elementor-element-b9932de e-con-full e-flex e-con e-child\" data-id=\"b9932de\" data-element_type=\"container\" data-e-type=\"container\" data-settings=\"{&quot;background_background&quot;:&quot;classic&quot;}\">\n\t\t<div class=\"elementor-element elementor-element-bc3dac0 e-con-full e-flex e-con e-child\" data-id=\"bc3dac0\" data-element_type=\"container\" data-e-type=\"container\">\n\t\t<div class=\"elementor-element elementor-element-6fdd22d e-con-full e-flex e-con e-child\" data-id=\"6fdd22d\" data-element_type=\"container\" data-e-type=\"container\">\n\t\t\t\t<div class=\"elementor-element elementor-element-3c38ffd elementor-widget elementor-widget-image\" data-id=\"3c38ffd\" data-element_type=\"widget\" data-e-type=\"widget\" data-widget_type=\"image.default\">\n\t\t\t\t\t\t\t\t\t\t\t\t\t\t\t<img fetchpriority=\"high\" decoding=\"async\" width=\"800\" height=\"800\" src=\"https:\/\/bavarian-bondage.de\/wp-content\/uploads\/2020\/10\/Seilsta\u0308rke-1024x1024.png\" class=\"attachment-large size-large wp-image-3480\" alt=\"\" srcset=\"https:\/\/bavarian-bondage.de\/wp-content\/uploads\/2020\/10\/Seilsta\u0308rke-1024x1024.png 1024w, https:\/\/bavarian-bondage.de\/wp-content\/uploads\/2020\/10\/Seilsta\u0308rke-400x400.png 400w, https:\/\/bavarian-bondage.de\/wp-content\/uploads\/2020\/10\/Seilsta\u0308rke-150x150.png 150w, https:\/\/bavarian-bondage.de\/wp-content\/uploads\/2020\/10\/Seilsta\u0308rke-768x768.png 768w, https:\/\/bavarian-bondage.de\/wp-content\/uploads\/2020\/10\/Seilsta\u0308rke-300x300.png 300w, https:\/\/bavarian-bondage.de\/wp-content\/uploads\/2020\/10\/Seilsta\u0308rke-600x600.png 600w, https:\/\/bavarian-bondage.de\/wp-content\/uploads\/2020\/10\/Seilsta\u0308rke-100x100.png 100w, https:\/\/bavarian-bondage.de\/wp-content\/uploads\/2020\/10\/Seilsta\u0308rke.png 1200w\" sizes=\"(max-width: 800px) 100vw, 800px\" title=\"\">\t\t\t\t\t\t\t\t\t\t\t\t\t\t\t<\/div>\n\t\t\t\t<\/div>\n\t\t<div class=\"elementor-element elementor-element-9450ef8 e-con-full e-flex e-con e-child\" data-id=\"9450ef8\" data-element_type=\"container\" data-e-type=\"container\">\n\t\t\t\t<div class=\"elementor-element elementor-element-84ec8a5 elementor-widget elementor-widget-heading\" data-id=\"84ec8a5\" data-element_type=\"widget\" data-e-type=\"widget\" data-widget_type=\"heading.default\">\n\t\t\t\t\t<h2 class=\"elementor-heading-title elementor-size-default\">Unterschiedlichen Seilst\u00e4rken von links nach rechts<\/h2>\t\t\t\t<\/div>\n\t\t\t\t<div class=\"elementor-element elementor-element-fcc603d elementor-widget elementor-widget-text-editor\" data-id=\"fcc603d\" data-element_type=\"widget\" data-e-type=\"widget\" data-widget_type=\"text-editor.default\">\n\t\t\t\t\t\t\t\t\t<p>Hanfseil 4mm<\/p><p>Hanfseil 5mm<\/p><p>Hanfseil 6mm<\/p><p>Jute High Class 4mm<\/p><p>Jute High Class 5,5mm<\/p><p>Jute High Class 6mm<\/p><p>Jute standard 6mm<\/p>\t\t\t\t\t\t\t\t<\/div>\n\t\t\t\t<\/div>\n\t\t\t\t<\/div>\n\t\t\t\t<\/div>\n\t\t\t\t\t<\/div>\n\t\t\t\t<\/div>\n\t\t<div class=\"elementor-element elementor-element-d613ff5 e-flex e-con-boxed e-con e-parent\" data-id=\"d613ff5\" data-element_type=\"container\" data-e-type=\"container\">\n\t\t\t\t\t<div class=\"e-con-inner\">\n\t\t<div class=\"elementor-element elementor-element-0f1d844 e-con-full e-flex e-con e-child\" data-id=\"0f1d844\" data-element_type=\"container\" data-e-type=\"container\">\n\t\t\t\t<div class=\"elementor-element elementor-element-823da4b elementor-widget elementor-widget-text-editor\" data-id=\"823da4b\" data-element_type=\"widget\" data-e-type=\"widget\" data-widget_type=\"text-editor.default\">\n\t\t\t\t\t\t\t\t\t<p style=\"text-align: center\">Die Durchmesser sind auf dem Bild sehr gut zu erkennen. Leider sind diese Angaben nie exakt richtig und k\u00f6nnen etwas variieren.<\/p><p style=\"text-align: center\">Um das ganze mal kurz zu erkl\u00e4ren:<\/p><p style=\"text-align: center\">Ich gehe jetzt einfach mal vom Jute High Class 5mm aus. Das Seil besteht aus 3 Litzen und jede davon wiederum aus 10 Str\u00e4ngen Garn. Sobald die 30 F\u00e4den auch nur 0,1mm vom Ma\u00df abweichen, kann es sich schon auf das k\u00fcnftige Seil auswirken, wenn das Seil anschlie\u00dfend gedreht bzw. geschlagen wird, muss man auch hier wieder berechnen, ob es locker oder fester werden soll und gegebenenfalls die Menge an F\u00e4den anpassen. Generell kann man sagen, dass jedes Seil, das die Seilerei verl\u00e4sst, ein klein wenig anders ist.<\/p><p style=\"text-align: center\">Letztendlich wird es dann auch noch veredelt. Je nach Bearbeitungsart kann sich der Durchmesser auch hier wieder ein wenig ver\u00e4ndern.<\/p><p style=\"text-align: center\"><strong>Also bitte fixiert euch nicht zu sehr auf den angegebenen Durchmesser!<\/strong><\/p>\t\t\t\t\t\t\t\t<\/div>\n\t\t\t\t<div class=\"elementor-element elementor-element-130a1f3 elementor-widget-divider--view-line elementor-widget elementor-widget-divider\" data-id=\"130a1f3\" data-element_type=\"widget\" data-e-type=\"widget\" data-widget_type=\"divider.default\">\n\t\t\t\t\t\t\t<div class=\"elementor-divider\">\n\t\t\t<span class=\"elementor-divider-separator\">\n\t\t\t\t\t\t<\/span>\n\t\t<\/div>\n\t\t\t\t\t\t<\/div>\n\t\t\t\t<div class=\"elementor-element elementor-element-634ebfe elementor-widget elementor-widget-spacer\" data-id=\"634ebfe\" data-element_type=\"widget\" data-e-type=\"widget\" data-widget_type=\"spacer.default\">\n\t\t\t\t\t\t\t<div class=\"elementor-spacer\">\n\t\t\t<div class=\"elementor-spacer-inner\"><\/div>\n\t\t<\/div>\n\t\t\t\t\t\t<\/div>\n\t\t\t\t<div class=\"elementor-element elementor-element-7853421 elementor-widget elementor-widget-heading\" data-id=\"7853421\" data-element_type=\"widget\" data-e-type=\"widget\" data-widget_type=\"heading.default\">\n\t\t\t\t\t<h2 class=\"elementor-heading-title elementor-size-default\">Die Ausf\u00fchrungen KLASSIK und EXKLUSIV<\/h2>\t\t\t\t<\/div>\n\t\t\t\t<div class=\"elementor-element elementor-element-6a6bdd7 elementor-widget elementor-widget-image\" data-id=\"6a6bdd7\" data-element_type=\"widget\" data-e-type=\"widget\" data-widget_type=\"image.default\">\n\t\t\t\t\t\t\t\t\t\t\t\t\t\t\t<img decoding=\"async\" src=\"https:\/\/bavarian-bondage.de\/wp-content\/uploads\/elementor\/thumbs\/20171109_125925-p0twqvj2bbpqr1ov1bcxtjkb8cmi0gghrdec5dwwy8.png\" title=\"20171109_125925\" alt=\"20171109_125925\" loading=\"lazy\" \/>\t\t\t\t\t\t\t\t\t\t\t\t\t\t\t<\/div>\n\t\t\t\t<\/div>\n\t\t\t\t\t<\/div>\n\t\t\t\t<\/div>\n\t\t<div class=\"elementor-element elementor-element-2f28d84 e-flex e-con-boxed e-con e-parent\" data-id=\"2f28d84\" data-element_type=\"container\" data-e-type=\"container\">\n\t\t\t\t\t<div class=\"e-con-inner\">\n\t\t<div class=\"elementor-element elementor-element-2bdfe0d e-con-full e-flex e-con e-child\" data-id=\"2bdfe0d\" data-element_type=\"container\" data-e-type=\"container\">\n\t\t<div class=\"elementor-element elementor-element-548ac8a e-con-full e-flex e-con e-child\" data-id=\"548ac8a\" data-element_type=\"container\" data-e-type=\"container\">\n\t\t<div class=\"elementor-element elementor-element-dfa78b4 e-con-full e-flex e-con e-child\" data-id=\"dfa78b4\" data-element_type=\"container\" data-e-type=\"container\" data-settings=\"{&quot;background_background&quot;:&quot;classic&quot;}\">\n\t\t\t\t<div class=\"elementor-element elementor-element-764989f elementor-widget elementor-widget-heading\" data-id=\"764989f\" data-element_type=\"widget\" data-e-type=\"widget\" data-widget_type=\"heading.default\">\n\t\t\t\t\t<h2 class=\"elementor-heading-title elementor-size-default\">KLASSIK<\/h2>\t\t\t\t<\/div>\n\t\t\t\t<div class=\"elementor-element elementor-element-b0bc603 elementor-widget elementor-widget-text-editor\" data-id=\"b0bc603\" data-element_type=\"widget\" data-e-type=\"widget\" data-widget_type=\"text-editor.default\">\n\t\t\t\t\t\t\t\t\t<p style=\"text-align: center\">Die Seile sind mit einem einfachen \u00dcberhandknoten an den Enden versehen und selbstverst\u00e4ndlich fesselfertig.<\/p><p style=\"text-align: center\">Sie wurden gereinigt, gebrochen, gefl\u00e4mmt, gewaschen und anschlie\u00dfen mit \u00d6l behandelt, um das Seil f\u00fcr den zuk\u00fcnftigen Einsatz vorzubereiten.<\/p>\t\t\t\t\t\t\t\t<\/div>\n\t\t\t\t<\/div>\n\t\t<div class=\"elementor-element elementor-element-b6bed8e elementor-hidden-phone e-con-full e-flex e-con e-child\" data-id=\"b6bed8e\" data-element_type=\"container\" data-e-type=\"container\">\n\t\t\t\t<\/div>\n\t\t<div class=\"elementor-element elementor-element-a1ebfb4 e-con-full e-flex e-con e-child\" data-id=\"a1ebfb4\" data-element_type=\"container\" data-e-type=\"container\" data-settings=\"{&quot;background_background&quot;:&quot;classic&quot;}\">\n\t\t\t\t<div class=\"elementor-element elementor-element-67a50ee elementor-widget elementor-widget-heading\" data-id=\"67a50ee\" data-element_type=\"widget\" data-e-type=\"widget\" data-widget_type=\"heading.default\">\n\t\t\t\t\t<h2 class=\"elementor-heading-title elementor-size-default\">EXKLUSIV<\/h2>\t\t\t\t<\/div>\n\t\t\t\t<div class=\"elementor-element elementor-element-4cac751 elementor-widget elementor-widget-text-editor\" data-id=\"4cac751\" data-element_type=\"widget\" data-e-type=\"widget\" data-widget_type=\"text-editor.default\">\n\t\t\t\t\t\t\t\t\t<p style=\"text-align: center\">Selbstverst\u00e4ndlich sind auch diese Seile fesselfertig behandelt. Sie bestechen durch den kleinen, festen und aufwendigen Triskenknoten an den Seilenden, der beim Fesseln einige Vorteile mit sich bringt.\u00a0<\/p><p style=\"text-align: center\">Des Weiteren sind die Seile mehrfach geflammt und ge\u00f6lt.<\/p>\t\t\t\t\t\t\t\t<\/div>\n\t\t\t\t<\/div>\n\t\t\t\t<\/div>\n\t\t\t\t<div class=\"elementor-element elementor-element-9832fd6 elementor-widget elementor-widget-spacer\" data-id=\"9832fd6\" data-element_type=\"widget\" data-e-type=\"widget\" data-widget_type=\"spacer.default\">\n\t\t\t\t\t\t\t<div class=\"elementor-spacer\">\n\t\t\t<div class=\"elementor-spacer-inner\"><\/div>\n\t\t<\/div>\n\t\t\t\t\t\t<\/div>\n\t\t\t\t<div class=\"elementor-element elementor-element-16398b8 elementor-widget-divider--view-line elementor-widget elementor-widget-divider\" data-id=\"16398b8\" data-element_type=\"widget\" data-e-type=\"widget\" data-widget_type=\"divider.default\">\n\t\t\t\t\t\t\t<div class=\"elementor-divider\">\n\t\t\t<span class=\"elementor-divider-separator\">\n\t\t\t\t\t\t<\/span>\n\t\t<\/div>\n\t\t\t\t\t\t<\/div>\n\t\t\t\t<div class=\"elementor-element elementor-element-ef0302c elementor-widget elementor-widget-spacer\" data-id=\"ef0302c\" data-element_type=\"widget\" data-e-type=\"widget\" data-widget_type=\"spacer.default\">\n\t\t\t\t\t\t\t<div class=\"elementor-spacer\">\n\t\t\t<div class=\"elementor-spacer-inner\"><\/div>\n\t\t<\/div>\n\t\t\t\t\t\t<\/div>\n\t\t\t\t<div class=\"elementor-element elementor-element-4626777 elementor-widget elementor-widget-heading\" data-id=\"4626777\" data-element_type=\"widget\" data-e-type=\"widget\" data-widget_type=\"heading.default\">\n\t\t\t\t\t<h2 class=\"elementor-heading-title elementor-size-default\">Die Seile von Bavarian Bondage<\/h2>\t\t\t\t<\/div>\n\t\t\t\t<div class=\"elementor-element elementor-element-7823d1a elementor-widget elementor-widget-text-editor\" data-id=\"7823d1a\" data-element_type=\"widget\" data-e-type=\"widget\" data-widget_type=\"text-editor.default\">\n\t\t\t\t\t\t\t\t\t<p style=\"text-align: center\">Nun, Seile gibt es wie Sand am Meer, doch die meisten davon haben nicht die Qualit\u00e4t um ein Bondageseil zu werden. Auch ich musste lange suchen und ausprobieren, um eine Seilerei zu finden, die meinen W\u00fcnschen gerecht werden konnte.\u00a0\u00a0<\/p>\t\t\t\t\t\t\t\t<\/div>\n\t\t<div class=\"elementor-element elementor-element-d93b01c e-con-full e-flex e-con e-child\" data-id=\"d93b01c\" data-element_type=\"container\" data-e-type=\"container\" data-settings=\"{&quot;background_background&quot;:&quot;classic&quot;}\">\n\t\t<div class=\"elementor-element elementor-element-50d71de e-con-full e-flex e-con e-child\" data-id=\"50d71de\" data-element_type=\"container\" data-e-type=\"container\">\n\t\t\t\t<div class=\"elementor-element elementor-element-52eb6db elementor-widget elementor-widget-heading\" data-id=\"52eb6db\" data-element_type=\"widget\" data-e-type=\"widget\" data-widget_type=\"heading.default\">\n\t\t\t\t\t<h2 class=\"elementor-heading-title elementor-size-default\">Herkunft:<\/h2>\t\t\t\t<\/div>\n\t\t\t\t<\/div>\n\t\t<div class=\"elementor-element elementor-element-b2bbe36 e-con-full e-flex e-con e-child\" data-id=\"b2bbe36\" data-element_type=\"container\" data-e-type=\"container\">\n\t\t\t\t<div class=\"elementor-element elementor-element-6647510 elementor-widget elementor-widget-text-editor\" data-id=\"6647510\" data-element_type=\"widget\" data-e-type=\"widget\" data-widget_type=\"text-editor.default\">\n\t\t\t\t\t\t\t\t\t<p>Meine Hanfseile, die S-Edition und das Standard Juteseil werden in einer deutschen Seilerei nach meinen W\u00fcnschen und Anforderungen hergestellt. Besonders wichtig ist mir dabei der pers\u00f6nliche Kontakt und das Verst\u00e4ndnis f\u00fcr den Einsatz der Seile.\u00a0<\/p><p>Das High Class Jute hingegen wird in mehreren Seilereien weltweit hergestellt. Der Hauptsitz der Firma ist jedoch in Deutschland. Mit Ehrgeiz und Erfahrung werden sehr gute Seile produziert.<\/p>\t\t\t\t\t\t\t\t<\/div>\n\t\t\t\t<\/div>\n\t\t\t\t<\/div>\n\t\t<div class=\"elementor-element elementor-element-6a144d7 e-con-full e-flex e-con e-child\" data-id=\"6a144d7\" data-element_type=\"container\" data-e-type=\"container\">\n\t\t<div class=\"elementor-element elementor-element-f04479f e-con-full e-flex e-con e-child\" data-id=\"f04479f\" data-element_type=\"container\" data-e-type=\"container\">\n\t\t\t\t<div class=\"elementor-element elementor-element-9196e41 elementor-widget elementor-widget-heading\" data-id=\"9196e41\" data-element_type=\"widget\" data-e-type=\"widget\" data-widget_type=\"heading.default\">\n\t\t\t\t\t<h2 class=\"elementor-heading-title elementor-size-default\">Knoten:<\/h2>\t\t\t\t<\/div>\n\t\t\t\t<\/div>\n\t\t<div class=\"elementor-element elementor-element-fdbb473 e-con-full e-flex e-con e-child\" data-id=\"fdbb473\" data-element_type=\"container\" data-e-type=\"container\">\n\t\t\t\t<div class=\"elementor-element elementor-element-8d844bc elementor-widget elementor-widget-text-editor\" data-id=\"8d844bc\" data-element_type=\"widget\" data-e-type=\"widget\" data-widget_type=\"text-editor.default\">\n\t\t\t\t\t\t\t\t\t<p>Es gibt weder Hanfseile noch Juteseile in einer Seilerei zu kaufen, die keine Knoten aufweisen. Die Knoten beziehen sich auf die einzelnen F\u00e4den die zu einem Seil gedreht werden. Diese werden immer wieder verl\u00e4ngert bzw. aneinander gekn\u00fcpft und quasi in das Seil mit eingedreht. Bei guten Seilen sind die Knoten klein, fest, haben kurze Enden und sind fest in das Seil eingedreht. Das ist eine sehr wichtige Voraussetzung f\u00fcr ein gutes Bondageseil.<\/p>\t\t\t\t\t\t\t\t<\/div>\n\t\t\t\t<\/div>\n\t\t\t\t<\/div>\n\t\t<div class=\"elementor-element elementor-element-2f21b8b e-con-full e-flex e-con e-child\" data-id=\"2f21b8b\" data-element_type=\"container\" data-e-type=\"container\" data-settings=\"{&quot;background_background&quot;:&quot;classic&quot;}\">\n\t\t<div class=\"elementor-element elementor-element-ebf10e9 e-con-full e-flex e-con e-child\" data-id=\"ebf10e9\" data-element_type=\"container\" data-e-type=\"container\">\n\t\t\t\t<div class=\"elementor-element elementor-element-b5708ae elementor-widget elementor-widget-heading\" data-id=\"b5708ae\" data-element_type=\"widget\" data-e-type=\"widget\" data-widget_type=\"heading.default\">\n\t\t\t\t\t<h2 class=\"elementor-heading-title elementor-size-default\">Geruch:<\/h2>\t\t\t\t<\/div>\n\t\t\t\t<\/div>\n\t\t<div class=\"elementor-element elementor-element-e7428f7 e-con-full e-flex e-con e-child\" data-id=\"e7428f7\" data-element_type=\"container\" data-e-type=\"container\">\n\t\t\t\t<div class=\"elementor-element elementor-element-8459eba elementor-widget elementor-widget-text-editor\" data-id=\"8459eba\" data-element_type=\"widget\" data-e-type=\"widget\" data-widget_type=\"text-editor.default\">\n\t\t\t\t\t\t\t\t\t<p>Ein sehr wichtiger Punkt ist der Geruch. Wenn man seine Seile auspackt und einem ein unangenehmer Geruch in die Nase steigt, kann der Fesselabend schnell beendet sein. Ich lege gro\u00dfen Wert darauf, dass Seile dezent riechen und nur wahrgenommen werden, wenn man wirklich daran schnuppert. Die angebotenen Hanfseile in Natur riechen ein wenig nach Heu und dem Behandlungs\u00f6l, die farbigen sind nahezu geruchlos. Bei den Juteseilen sind die High Class ganz vorne. Diese haben einen sehr angenehmen, etwas s\u00fc\u00dflichen Geruch. Bei den farbigen verh\u00e4lt es sich wie bei den Hanfseilen, auch diese sind nahezu geruchlos. Die Standard Jute hingegen riecht etwas markanter, da sie bei der Herstellung mit Baching-\u00d6l behandelt wurden, was bei den High Class wegf\u00e4llt.<\/p>\t\t\t\t\t\t\t\t<\/div>\n\t\t\t\t<\/div>\n\t\t\t\t<\/div>\n\t\t<div class=\"elementor-element elementor-element-a418d78 e-con-full e-flex e-con e-child\" data-id=\"a418d78\" data-element_type=\"container\" data-e-type=\"container\">\n\t\t<div class=\"elementor-element elementor-element-d58ab9e e-con-full e-flex e-con e-child\" data-id=\"d58ab9e\" data-element_type=\"container\" data-e-type=\"container\">\n\t\t\t\t<div class=\"elementor-element elementor-element-0660b0e elementor-widget elementor-widget-heading\" data-id=\"0660b0e\" data-element_type=\"widget\" data-e-type=\"widget\" data-widget_type=\"heading.default\">\n\t\t\t\t\t<h2 class=\"elementor-heading-title elementor-size-default\">Fesselfertig:<\/h2>\t\t\t\t<\/div>\n\t\t\t\t<\/div>\n\t\t<div class=\"elementor-element elementor-element-655af96 e-con-full e-flex e-con e-child\" data-id=\"655af96\" data-element_type=\"container\" data-e-type=\"container\">\n\t\t\t\t<div class=\"elementor-element elementor-element-de90d97 elementor-widget elementor-widget-text-editor\" data-id=\"de90d97\" data-element_type=\"widget\" data-e-type=\"widget\" data-widget_type=\"text-editor.default\">\n\t\t\t\t\t\t\t\t\t<p>Alle Seile, die Du bei mir kaufen kannst, sind fesselfertig behandelt. Je nach Seil etwas anders. Aber generell gilt, auspacken und loslegen. Hanfseile f\u00fchlen sich neu etwas hart und fest an. Das liegt daran, dass die Seile vorm \u00d6len gewaschen werden. Beim Trocknen ist es \u00e4hnlich wie bei einem Handtuch auf dem W\u00e4schest\u00e4nder, da sie dabei nicht bewegt werden, verh\u00e4rten sich die Fasern. Wenn du deine Seile benutzt, werden sie schnell wieder angenehm weich.\u00a0<\/p><p>Juteseile haben das Problem mit dem vermehrten Fusseln und sollten gelegentlich mal neu abgefl\u00e4mmt und regelm\u00e4\u00dfig mit \u00d6l oder Wachs behandelt werden. Je l\u00e4nger Juteseile im Einsatz sind, desto besser wird es mit dem Fusseln. Tipps zur Nachbehandlung und Pflege findet Ihr unter Wissenswertes.<\/p>\t\t\t\t\t\t\t\t<\/div>\n\t\t\t\t<\/div>\n\t\t\t\t<\/div>\n\t\t\t\t<div class=\"elementor-element elementor-element-2bfcaf2 elementor-widget-divider--view-line elementor-widget elementor-widget-divider\" data-id=\"2bfcaf2\" data-element_type=\"widget\" data-e-type=\"widget\" data-widget_type=\"divider.default\">\n\t\t\t\t\t\t\t<div class=\"elementor-divider\">\n\t\t\t<span class=\"elementor-divider-separator\">\n\t\t\t\t\t\t<\/span>\n\t\t<\/div>\n\t\t\t\t\t\t<\/div>\n\t\t\t\t<div class=\"elementor-element elementor-element-4001d36 elementor-widget elementor-widget-spacer\" data-id=\"4001d36\" data-element_type=\"widget\" data-e-type=\"widget\" data-widget_type=\"spacer.default\">\n\t\t\t\t\t\t\t<div class=\"elementor-spacer\">\n\t\t\t<div class=\"elementor-spacer-inner\"><\/div>\n\t\t<\/div>\n\t\t\t\t\t\t<\/div>\n\t\t\t\t<div class=\"elementor-element elementor-element-b9e297a elementor-widget elementor-widget-heading\" data-id=\"b9e297a\" data-element_type=\"widget\" data-e-type=\"widget\" data-widget_type=\"heading.default\">\n\t\t\t\t\t<h2 class=\"elementor-heading-title elementor-size-default\">Noch offene Fragen?<\/h2>\t\t\t\t<\/div>\n\t\t\t\t<div class=\"elementor-element elementor-element-6daeef2 elementor-widget elementor-widget-text-editor\" data-id=\"6daeef2\" data-element_type=\"widget\" data-e-type=\"widget\" data-widget_type=\"text-editor.default\">\n\t\t\t\t\t\t\t\t\t<p style=\"text-align: center\">Auf die einzelnen Seilarten gehe ich auf den jeweiligen \u00dcbersichtsseiten nochmal genauer darauf ein.\u00a0<\/p><p style=\"text-align: center\">Solltet ihr weitere Fragen haben, was Bestimmtes suchen oder individuelle Anfertigungsw\u00fcnsche haben, meldet euch gerne bei mir!<\/p>\t\t\t\t\t\t\t\t<\/div>\n\t\t\t\t<div class=\"elementor-element elementor-element-104483b premium-lq__none elementor-widget elementor-widget-premium-addon-button\" data-id=\"104483b\" data-element_type=\"widget\" data-e-type=\"widget\" data-widget_type=\"premium-addon-button.default\">\n\t\t\t\t\t\n\n\t\t<a class=\"premium-button premium-button-none premium-btn-md premium-button-none\" href=\"https:\/\/bavarian-bondage.de\/de\/kontaktformular\/\">\n\t\t\t<div class=\"premium-button-text-icon-wrapper\">\n\t\t\t\t\n\t\t\t\t\t\t\t\t\t<span >\n\t\t\t\t\t\tKontaktformular\t\t\t\t\t<\/span>\n\t\t\t\t\t\t\t<\/div>\n\n\t\t\t\n\t\t\t\n\t\t\t\n\t\t<\/a>\n\n\n\t\t\t\t\t\t<\/div>\n\t\t\t\t<\/div>\n\t\t\t\t\t<\/div>\n\t\t\t\t<\/div>\n\t\t\t\t<\/div>\n\t\t","protected":false},"excerpt":{"rendered":"<p>Hanf- und Juteseile, so \u00e4hnlich und doch verschieden! Unterschiedlichen Seilst\u00e4rken von links nach rechts Hanfseil 4mm Hanfseil 5mm Hanfseil 6mm Jute High Class 4mm Jute High Class 5,5mm Jute High Class 6mm Jute standard 6mm Die Durchmesser sind auf dem Bild sehr gut zu erkennen. Leider sind diese Angaben nie exakt richtig und k\u00f6nnen etwas [&hellip;]<\/p>\n","protected":false},"author":3,"featured_media":0,"parent":0,"menu_order":0,"comment_status":"closed","ping_status":"closed","template":"elementor_header_footer","meta":{"footnotes":""},"class_list":["post-1104","page","type-page","status-publish","hentry"],"_links":{"self":[{"href":"https:\/\/bavarian-bondage.de\/de\/wp-json\/wp\/v2\/pages\/1104","targetHints":{"allow":["GET"]}}],"collection":[{"href":"https:\/\/bavarian-bondage.de\/de\/wp-json\/wp\/v2\/pages"}],"about":[{"href":"https:\/\/bavarian-bondage.de\/de\/wp-json\/wp\/v2\/types\/page"}],"author":[{"embeddable":true,"href":"https:\/\/bavarian-bondage.de\/de\/wp-json\/wp\/v2\/users\/3"}],"replies":[{"embeddable":true,"href":"https:\/\/bavarian-bondage.de\/de\/wp-json\/wp\/v2\/comments?post=1104"}],"version-history":[{"count":39,"href":"https:\/\/bavarian-bondage.de\/de\/wp-json\/wp\/v2\/pages\/1104\/revisions"}],"predecessor-version":[{"id":12975,"href":"https:\/\/bavarian-bondage.de\/de\/wp-json\/wp\/v2\/pages\/1104\/revisions\/12975"}],"wp:attachment":[{"href":"https:\/\/bavarian-bondage.de\/de\/wp-json\/wp\/v2\/media?parent=1104"}],"curies":[{"name":"wp","href":"https:\/\/api.w.org\/{rel}","templated":true}]}}