{"id":1107,"date":"2016-01-25T16:51:09","date_gmt":"2016-01-25T15:51:09","guid":{"rendered":"https:\/\/bavarian-bondage.mysupr.de\/das-seil\/"},"modified":"2023-02-02T13:41:16","modified_gmt":"2023-02-02T12:41:16","slug":"das-seil","status":"publish","type":"page","link":"https:\/\/bavarian-bondage.de\/de\/das-seil\/","title":{"rendered":"Das Seil"},"content":{"rendered":"\t\t<div data-elementor-type=\"wp-post\" data-elementor-id=\"1107\" class=\"elementor elementor-1107\" data-elementor-post-type=\"page\">\n\t\t\t\t\t\t<section class=\"elementor-section elementor-top-section elementor-element elementor-element-e3497ca elementor-section-boxed elementor-section-height-default elementor-section-height-default\" data-id=\"e3497ca\" data-element_type=\"section\" data-e-type=\"section\">\n\t\t\t\t\t\t<div class=\"elementor-container elementor-column-gap-default\">\n\t\t\t\t\t<div class=\"elementor-column elementor-col-100 elementor-top-column elementor-element elementor-element-ed4d19e\" data-id=\"ed4d19e\" data-element_type=\"column\" data-e-type=\"column\">\n\t\t\t<div class=\"elementor-widget-wrap elementor-element-populated\">\n\t\t\t\t\t\t<div class=\"elementor-element elementor-element-c0d9119 elementor-widget elementor-widget-heading\" data-id=\"c0d9119\" data-element_type=\"widget\" data-e-type=\"widget\" data-widget_type=\"heading.default\">\n\t\t\t\t\t<h2 class=\"elementor-heading-title elementor-size-default\">Das Seil<\/h2>\t\t\t\t<\/div>\n\t\t\t\t<div class=\"elementor-element elementor-element-720a1ec elementor-widget elementor-widget-text-editor\" data-id=\"720a1ec\" data-element_type=\"widget\" data-e-type=\"widget\" data-widget_type=\"text-editor.default\">\n\t\t\t\t\t\t\t\t\t<p style=\"text-align: center\">(Grundmaterial der Befestigungstechnik)<\/p>\t\t\t\t\t\t\t\t<\/div>\n\t\t\t\t<div class=\"elementor-element elementor-element-e95e17c elementor-widget elementor-widget-text-editor\" data-id=\"e95e17c\" data-element_type=\"widget\" data-e-type=\"widget\" data-widget_type=\"text-editor.default\">\n\t\t\t\t\t\t\t\t\t<p style=\"text-align: center\">Jeder, der sich mit dem Thema Fesseln besch\u00e4ftigt, wird sich fr\u00fcher oder sp\u00e4terdiese oder \u00e4hnliche Fragen stellen:<\/p><ol><li style=\"text-align: left\"><strong>Juteseil, Hanfseil oder doch eine Alternative?<\/strong><\/li><li style=\"text-align: left\"><strong>Welche Nachteile haben Hanf- und Juteseile?<\/strong><\/li><li style=\"text-align: left\"><strong>Worin liegen genau die Unterschiede?<\/strong><\/li><li style=\"text-align: left\"><strong>Welchen Durchmesser und L\u00e4nge sollen die Seile haben?<\/strong><\/li><li style=\"text-align: left\"><strong>Auf was sollte ich beim Kauf achten?<\/strong><\/li><li style=\"text-align: left\"><strong>Was kosten Hanf- und Juteseile?<\/strong><\/li><li style=\"text-align: left\"><strong>Wo bekomme ich das perfekte Seil?<\/strong><\/li><\/ol><p>\u00a0<\/p><p><span style=\"color: #000080\"><strong>Ich versuche mal diese 7 Fragen nach bestem Wissen und eigenen Erfahrungen so gut wie m\u00f6glich zu beantworten!<\/strong><\/span><\/p><p>Jute- oder Hanfseile sind auf jedem Fall schon mal die richtige Wahl, wenn es mehr Fesseln sein soll, als den Partner ans Bett zu binden! Man verwendet ausschlie\u00dflich gedrehte, genauer gesagt geschlagene\u00a0Seile, da sich diese im Vergleich zu geflochtenen Seilen kaum dehnen. Beide Seilarten haben Tradition und sind nicht wegzudenken, wenn man von Bondage oder Shibari spricht. Nat\u00fcrlich haben die beiden Naturfasern auch ihre Nachteile, auf die ich sp\u00e4ter noch genauer eingehen werde, aber die Vorz\u00fcge sprechen f\u00fcr sich. Und genau diese Vorz\u00fcge machen sowohl das Juteseil als auch das Hanfseil f\u00fcr mich zur klaren Nummer 1! Hohe Tragkraft, Flexibilit\u00e4t, Geschmeidigkeit und eine sehr geringe Dehnung zeichnet die beiden Seile aus. Des Weiteren sind die Knoten sehr stabil und fest, lassen sich aber problemlos wieder \u00f6ffnen!<\/p><p>Nun zu den negativen Seiten von Hanf und Jute! Es handelt sich um Naturfasern die nicht witterungsbest\u00e4ndig\u00a0 sind und sich bei anhaltender N\u00e4sse ziemlich schnell aufl\u00f6sen bzw. verrotten w\u00fcrden. Dies hei\u00dft f\u00fcr uns, die Bondageseile immer trocken aufbewahren!\u00a0 Wenn man die Seile trotzdem mal waschen m\u00f6chte (Hanfseile kann man sogar kochen; Juteseil lieber nur mit einem feuchten Tuch reinigen oder wenn n\u00f6tig nur kurz bei maximal 30\u00b0 waschen) oder sie nass werden, muss man sie unbedingt unter permanenter Spannung trocknen. Nasse Seile ziehen sich zusammen, verdrehen sich und sind somit ohne richtige Trocknung nicht mehr zu gebrauchen!<\/p><p>Der gr\u00f6\u00dfte Nachteil ist aber wohl das Problem mit dem Fusseln oder auch Stauben. Die Seile bestehen aus einzelnen Fasern, die zu einem Garn gedreht und dann\u00a0wiederum\u00a0zu einem Seil geschlagen\u00a0werden! Durch die Benutzung l\u00f6sen sich Teile dieser Fasern bzw. sie brechen ab und somit haben wir diesen unsch\u00f6nen Fusseleffekt. Wenn man sein Seil regelm\u00e4\u00dfig verwendet und pflegt, wird das aber bald besser!<\/p><p>Als letzten Punkt haben wir noch den Geruch, der bei beiden Seilarten sehr intensiv sein kann. Juteseile k\u00f6nnen schon einen intensiven Geruch haben, aber Hanfseile riechen teilweise echt streng. Ich w\u00fcrde das sogar als stinken bezeichnen. Aber die Betonung liegt bei k\u00f6nnen, da diese nicht immer der Fall, sondern eine Frage der Qualit\u00e4t ist. Der Geruch wird aber mit der Zeit weniger und angenehmer! Weiter unten erkl\u00e4re ich das aber noch genauer.<\/p><p>Jetzt wird es aber langsam mal Zeit den beiden Kandidaten etwas genauer auf den Zahn zu f\u00fchlen! Jute- und Hanfseile sind sich, wie man sieht, bezogen auf ihre Eigenschaften sehr \u00e4hnlich und sehen auf den ersten Blick auch ziemlich gleich aus. Dennoch gibt es einige Unterschiede<\/p>\t\t\t\t\t\t\t\t<\/div>\n\t\t\t\t<section class=\"elementor-section elementor-inner-section elementor-element elementor-element-8dd6253 elementor-section-boxed elementor-section-height-default elementor-section-height-default\" data-id=\"8dd6253\" data-element_type=\"section\" data-e-type=\"section\">\n\t\t\t\t\t\t<div class=\"elementor-container elementor-column-gap-default\">\n\t\t\t\t\t<div class=\"elementor-column elementor-col-50 elementor-inner-column elementor-element elementor-element-56eed94\" data-id=\"56eed94\" data-element_type=\"column\" data-e-type=\"column\" data-settings=\"{&quot;background_background&quot;:&quot;classic&quot;}\">\n\t\t\t<div class=\"elementor-widget-wrap elementor-element-populated\">\n\t\t\t\t\t\t<div class=\"elementor-element elementor-element-67e0b24 elementor-widget elementor-widget-heading\" data-id=\"67e0b24\" data-element_type=\"widget\" data-e-type=\"widget\" data-widget_type=\"heading.default\">\n\t\t\t\t\t<h2 class=\"elementor-heading-title elementor-size-default\"><u>Hanfseil:<\/u><\/h2>\t\t\t\t<\/div>\n\t\t\t\t<div class=\"elementor-element elementor-element-72b80f8 elementor-tabs-view-horizontal elementor-widget elementor-widget-tabs\" data-id=\"72b80f8\" data-element_type=\"widget\" data-e-type=\"widget\" data-widget_type=\"tabs.default\">\n\t\t\t\t\t\t\t<div class=\"elementor-tabs\">\n\t\t\t<div class=\"elementor-tabs-wrapper\" role=\"tablist\" >\n\t\t\t\t\t\t\t\t\t<div id=\"elementor-tab-title-1201\" class=\"elementor-tab-title elementor-tab-desktop-title\" aria-selected=\"true\" data-tab=\"1\" role=\"tab\" tabindex=\"0\" aria-controls=\"elementor-tab-content-1201\" aria-expanded=\"false\">Farbe<\/div>\n\t\t\t\t\t\t\t\t\t<div id=\"elementor-tab-title-1202\" class=\"elementor-tab-title elementor-tab-desktop-title\" aria-selected=\"false\" data-tab=\"2\" role=\"tab\" tabindex=\"-1\" aria-controls=\"elementor-tab-content-1202\" aria-expanded=\"false\">Geruch<\/div>\n\t\t\t\t\t\t\t\t\t<div id=\"elementor-tab-title-1203\" class=\"elementor-tab-title elementor-tab-desktop-title\" aria-selected=\"false\" data-tab=\"3\" role=\"tab\" tabindex=\"-1\" aria-controls=\"elementor-tab-content-1203\" aria-expanded=\"false\">Gewicht<\/div>\n\t\t\t\t\t\t\t\t\t<div id=\"elementor-tab-title-1204\" class=\"elementor-tab-title elementor-tab-desktop-title\" aria-selected=\"false\" data-tab=\"4\" role=\"tab\" tabindex=\"-1\" aria-controls=\"elementor-tab-content-1204\" aria-expanded=\"false\">Stabilit\u00e4t<\/div>\n\t\t\t\t\t\t\t\t\t<div id=\"elementor-tab-title-1205\" class=\"elementor-tab-title elementor-tab-desktop-title\" aria-selected=\"false\" data-tab=\"5\" role=\"tab\" tabindex=\"-1\" aria-controls=\"elementor-tab-content-1205\" aria-expanded=\"false\">Vorz\u00fcge<\/div>\n\t\t\t\t\t\t\t<\/div>\n\t\t\t<div class=\"elementor-tabs-content-wrapper\" role=\"tablist\" aria-orientation=\"vertical\">\n\t\t\t\t\t\t\t\t\t<div class=\"elementor-tab-title elementor-tab-mobile-title\" aria-selected=\"true\" data-tab=\"1\" role=\"tab\" tabindex=\"0\" aria-controls=\"elementor-tab-content-1201\" aria-expanded=\"false\">Farbe<\/div>\n\t\t\t\t\t<div id=\"elementor-tab-content-1201\" class=\"elementor-tab-content elementor-clearfix\" data-tab=\"1\" role=\"tabpanel\" aria-labelledby=\"elementor-tab-title-1201\" tabindex=\"0\" hidden=\"false\"><p style=\"text-align: center\">Helles Grau<\/p><p>\u00a0<\/p><\/div>\n\t\t\t\t\t\t\t\t\t<div class=\"elementor-tab-title elementor-tab-mobile-title\" aria-selected=\"false\" data-tab=\"2\" role=\"tab\" tabindex=\"-1\" aria-controls=\"elementor-tab-content-1202\" aria-expanded=\"false\">Geruch<\/div>\n\t\t\t\t\t<div id=\"elementor-tab-content-1202\" class=\"elementor-tab-content elementor-clearfix\" data-tab=\"2\" role=\"tabpanel\" aria-labelledby=\"elementor-tab-title-1202\" tabindex=\"0\" hidden=\"hidden\"><p style=\"text-align: center\">Neutral bis tichtig intensiv<\/p><p style=\"text-align: center\">(ein neutraler Geruch ist aber ehr die Seltenheit)<\/p><\/div>\n\t\t\t\t\t\t\t\t\t<div class=\"elementor-tab-title elementor-tab-mobile-title\" aria-selected=\"false\" data-tab=\"3\" role=\"tab\" tabindex=\"-1\" aria-controls=\"elementor-tab-content-1203\" aria-expanded=\"false\">Gewicht<\/div>\n\t\t\t\t\t<div id=\"elementor-tab-content-1203\" class=\"elementor-tab-content elementor-clearfix\" data-tab=\"3\" role=\"tabpanel\" aria-labelledby=\"elementor-tab-title-1203\" tabindex=\"0\" hidden=\"hidden\"><p style=\"text-align: center\">Fast doppelt so schwer wie Jute.<\/p><p>\u00a0<\/p><\/div>\n\t\t\t\t\t\t\t\t\t<div class=\"elementor-tab-title elementor-tab-mobile-title\" aria-selected=\"false\" data-tab=\"4\" role=\"tab\" tabindex=\"-1\" aria-controls=\"elementor-tab-content-1204\" aria-expanded=\"false\">Stabilit\u00e4t<\/div>\n\t\t\t\t\t<div id=\"elementor-tab-content-1204\" class=\"elementor-tab-content elementor-clearfix\" data-tab=\"4\" role=\"tabpanel\" aria-labelledby=\"elementor-tab-title-1204\" tabindex=\"0\" hidden=\"hidden\"><p style=\"text-align: center\">St\u00e4rker als Juteseil, etwa 200 bis 240 bei 6mm St\u00e4rke. Das ist eine Richtangabe und variiert je nach Verarbeitung von Seilerei zu Seilerei.<\/p><\/div>\n\t\t\t\t\t\t\t\t\t<div class=\"elementor-tab-title elementor-tab-mobile-title\" aria-selected=\"false\" data-tab=\"5\" role=\"tab\" tabindex=\"-1\" aria-controls=\"elementor-tab-content-1205\" aria-expanded=\"false\">Vorz\u00fcge<\/div>\n\t\t\t\t\t<div id=\"elementor-tab-content-1205\" class=\"elementor-tab-content elementor-clearfix\" data-tab=\"5\" role=\"tabpanel\" aria-labelledby=\"elementor-tab-title-1205\" tabindex=\"0\" hidden=\"hidden\"><p style=\"text-align: center\">Mehr Tragkraft, weniger Fusseln, meist eine festere Konsistenz als Juteseile.<\/p><\/div>\n\t\t\t\t\t\t\t<\/div>\n\t\t<\/div>\n\t\t\t\t\t\t<\/div>\n\t\t\t\t\t<\/div>\n\t\t<\/div>\n\t\t\t\t<div class=\"elementor-column elementor-col-50 elementor-inner-column elementor-element elementor-element-11a6ef9\" data-id=\"11a6ef9\" data-element_type=\"column\" data-e-type=\"column\" data-settings=\"{&quot;background_background&quot;:&quot;classic&quot;}\">\n\t\t\t<div class=\"elementor-widget-wrap elementor-element-populated\">\n\t\t\t\t\t\t<div class=\"elementor-element elementor-element-708d26a elementor-widget elementor-widget-heading\" data-id=\"708d26a\" data-element_type=\"widget\" data-e-type=\"widget\" data-widget_type=\"heading.default\">\n\t\t\t\t\t<h2 class=\"elementor-heading-title elementor-size-default\"><u>Juteseil:<\/u><\/h2>\t\t\t\t<\/div>\n\t\t\t\t<div class=\"elementor-element elementor-element-cc7924a elementor-tabs-view-horizontal elementor-widget elementor-widget-tabs\" data-id=\"cc7924a\" data-element_type=\"widget\" data-e-type=\"widget\" data-widget_type=\"tabs.default\">\n\t\t\t\t\t\t\t<div class=\"elementor-tabs\">\n\t\t\t<div class=\"elementor-tabs-wrapper\" role=\"tablist\" >\n\t\t\t\t\t\t\t\t\t<div id=\"elementor-tab-title-2141\" class=\"elementor-tab-title elementor-tab-desktop-title\" aria-selected=\"true\" data-tab=\"1\" role=\"tab\" tabindex=\"0\" aria-controls=\"elementor-tab-content-2141\" aria-expanded=\"false\">Farbe<\/div>\n\t\t\t\t\t\t\t\t\t<div id=\"elementor-tab-title-2142\" class=\"elementor-tab-title elementor-tab-desktop-title\" aria-selected=\"false\" data-tab=\"2\" role=\"tab\" tabindex=\"-1\" aria-controls=\"elementor-tab-content-2142\" aria-expanded=\"false\">Geruch<\/div>\n\t\t\t\t\t\t\t\t\t<div id=\"elementor-tab-title-2143\" class=\"elementor-tab-title elementor-tab-desktop-title\" aria-selected=\"false\" data-tab=\"3\" role=\"tab\" tabindex=\"-1\" aria-controls=\"elementor-tab-content-2143\" aria-expanded=\"false\">Gewicht<\/div>\n\t\t\t\t\t\t\t\t\t<div id=\"elementor-tab-title-2144\" class=\"elementor-tab-title elementor-tab-desktop-title\" aria-selected=\"false\" data-tab=\"4\" role=\"tab\" tabindex=\"-1\" aria-controls=\"elementor-tab-content-2144\" aria-expanded=\"false\">Stabilit\u00e4t<\/div>\n\t\t\t\t\t\t\t\t\t<div id=\"elementor-tab-title-2145\" class=\"elementor-tab-title elementor-tab-desktop-title\" aria-selected=\"false\" data-tab=\"5\" role=\"tab\" tabindex=\"-1\" aria-controls=\"elementor-tab-content-2145\" aria-expanded=\"false\">Vorz\u00fcge<\/div>\n\t\t\t\t\t\t\t<\/div>\n\t\t\t<div class=\"elementor-tabs-content-wrapper\" role=\"tablist\" aria-orientation=\"vertical\">\n\t\t\t\t\t\t\t\t\t<div class=\"elementor-tab-title elementor-tab-mobile-title\" aria-selected=\"true\" data-tab=\"1\" role=\"tab\" tabindex=\"0\" aria-controls=\"elementor-tab-content-2141\" aria-expanded=\"false\">Farbe<\/div>\n\t\t\t\t\t<div id=\"elementor-tab-content-2141\" class=\"elementor-tab-content elementor-clearfix\" data-tab=\"1\" role=\"tabpanel\" aria-labelledby=\"elementor-tab-title-2141\" tabindex=\"0\" hidden=\"false\"><p style=\"text-align: center\">Hellbraun bis golden<\/p><p style=\"text-align: center\">(wird auch goldene Faser genannt)<\/p><\/div>\n\t\t\t\t\t\t\t\t\t<div class=\"elementor-tab-title elementor-tab-mobile-title\" aria-selected=\"false\" data-tab=\"2\" role=\"tab\" tabindex=\"-1\" aria-controls=\"elementor-tab-content-2142\" aria-expanded=\"false\">Geruch<\/div>\n\t\t\t\t\t<div id=\"elementor-tab-content-2142\" class=\"elementor-tab-content elementor-clearfix\" data-tab=\"2\" role=\"tabpanel\" aria-labelledby=\"elementor-tab-title-2142\" tabindex=\"0\" hidden=\"hidden\"><p style=\"text-align: center\">Von sehr angenehm bis neutral bei guter Ware. Teilweise starker Mineral\u00f6l-Geruch bei Verwendung von Batching-\u00d6l bei der Herstellung<\/p><\/div>\n\t\t\t\t\t\t\t\t\t<div class=\"elementor-tab-title elementor-tab-mobile-title\" aria-selected=\"false\" data-tab=\"3\" role=\"tab\" tabindex=\"-1\" aria-controls=\"elementor-tab-content-2143\" aria-expanded=\"false\">Gewicht<\/div>\n\t\t\t\t\t<div id=\"elementor-tab-content-2143\" class=\"elementor-tab-content elementor-clearfix\" data-tab=\"3\" role=\"tabpanel\" aria-labelledby=\"elementor-tab-title-2143\" tabindex=\"0\" hidden=\"hidden\"><p style=\"text-align: center\">Sehr leicht<\/p><\/div>\n\t\t\t\t\t\t\t\t\t<div class=\"elementor-tab-title elementor-tab-mobile-title\" aria-selected=\"false\" data-tab=\"4\" role=\"tab\" tabindex=\"-1\" aria-controls=\"elementor-tab-content-2144\" aria-expanded=\"false\">Stabilit\u00e4t<\/div>\n\t\t\t\t\t<div id=\"elementor-tab-content-2144\" class=\"elementor-tab-content elementor-clearfix\" data-tab=\"4\" role=\"tabpanel\" aria-labelledby=\"elementor-tab-title-2144\" tabindex=\"0\" hidden=\"hidden\"><p style=\"text-align: center\">Etwas weniger Tragkraft als Hanfseile. Etwa 170 &#8211; 220 Kilogramm. Abh\u00e4ngig von der Herstellung und Weiterverarbeitung.<\/p><\/div>\n\t\t\t\t\t\t\t\t\t<div class=\"elementor-tab-title elementor-tab-mobile-title\" aria-selected=\"false\" data-tab=\"5\" role=\"tab\" tabindex=\"-1\" aria-controls=\"elementor-tab-content-2145\" aria-expanded=\"false\">Vorz\u00fcge<\/div>\n\t\t\t\t\t<div id=\"elementor-tab-content-2145\" class=\"elementor-tab-content elementor-clearfix\" data-tab=\"5\" role=\"tabpanel\" aria-labelledby=\"elementor-tab-title-2145\" tabindex=\"0\" hidden=\"hidden\"><p style=\"text-align: center\">Geschmeidiger, lauffreudiger und anschmiegsamer wenn die Seile richtig eingefesselt sind.\u00a0<\/p><\/div>\n\t\t\t\t\t\t\t<\/div>\n\t\t<\/div>\n\t\t\t\t\t\t<\/div>\n\t\t\t\t\t<\/div>\n\t\t<\/div>\n\t\t\t\t\t<\/div>\n\t\t<\/section>\n\t\t\t\t<div class=\"elementor-element elementor-element-4849c78 elementor-widget elementor-widget-spacer\" data-id=\"4849c78\" data-element_type=\"widget\" data-e-type=\"widget\" data-widget_type=\"spacer.default\">\n\t\t\t\t\t\t\t<div class=\"elementor-spacer\">\n\t\t\t<div class=\"elementor-spacer-inner\"><\/div>\n\t\t<\/div>\n\t\t\t\t\t\t<\/div>\n\t\t\t\t<div class=\"elementor-element elementor-element-463edc3 elementor-widget elementor-widget-text-editor\" data-id=\"463edc3\" data-element_type=\"widget\" data-e-type=\"widget\" data-widget_type=\"text-editor.default\">\n\t\t\t\t\t\t\t\t\t<p>Das sind nun die klassischen Unterschiede der beiden Seilarten. Dies stimmt aber nicht immer genau so \u00fcberein, d.h. es kommt vielmehr auf die Herstellung der Seile an. Welche Grundmaterialien verwendet werden,\u00a0wie das Seil verarbeitet wird, wie fest die einzelnen Litzen (Seilstr\u00e4nge) gedreht werden und wie fest ein Seil geschlagen wird sowie nat\u00fcrlich auch wie das Seil zu einem sp\u00e4terem Zeitpunkt veredelt wird sind die entscheidenden Kriterien! Ich zum Beispiel habe lange gesucht, bis ich eine Seilerei gefunden habe, die Seile so fertigt wie ich es mir vorstelle.<\/p><p>Im Normalfall verwendet man Seile mit etwa 8m L\u00e4nge. Dabei ist es egal ob nun 7,80m, oder 8,20m, aber irgendwo um die 8m sollten es sein! Je gr\u00f6\u00dfer der Fesselnde desto l\u00e4nger d\u00fcrfen die Seile sein! Diese L\u00e4nge hat sich durchgesetzt, da sie f\u00fcr die meisten Fesselden am besten zu bew\u00e4ltigen ist. Da man das Seil meist doppelt nimmt, hat man etwa 4m Seil das man bewegen muss. Selbstverst\u00e4ndlich k\u00f6nnen theoretisch auch andere L\u00e4ngen verwendet werden. \u00c4hnlich verh\u00e4lt es sich auch mit dem Durchmesser. Bondageseile aus Jute und Hanf werden in aller Regel in den St\u00e4rken 5mm, 5,5mm und 6mm angeboten, aber auch hier kann man sich nicht genau darauf verlassen, da die Angaben meist von Seilerei zu Seilerei ein wenig schwanken!<\/p><p>F\u00fcr welchen Durchmesser man sich entscheidet ist, denke ich, Geschmackssache. Man sollte aber von vorne herein \u00fcberlegen, f\u00fcr was ich die Seile verwenden m\u00f6chte und auch mit welchem Partner! Ja, f\u00fcr Bondage werden die Seile verwendet, ich wei\u00df! Ich empfehle f\u00fcr Anf\u00e4nger\u00a0Seilst\u00e4rken von 5,5mm und 6mm, da diese etwas mehr Auflagefl\u00e4che haben als die 5mm Seile und somit bequemer sind! Gleiches gilt f\u00fcr Suspension (H\u00e4ngebondage). Mehr Tragkraft und Auflage sind entscheidend f\u00fcr diese Wahl. Je gr\u00f6\u00dfer und schwerer der Partner ist desto mehr Druck lastet auf dem K\u00f6rper und dies kann bei d\u00fcnnerem Seil sehr schnell unangenehm werden! Die 5mm Seile sind f\u00fcr kunstvolles Fesseln nat\u00fcrlich die geeignetsten, da es einfach ein sch\u00f6neres Bild gibt und man etwas mehr Seil verwenden kann! Es hat sich auch durchgesetzt, dass Seilsets mit 7 x 8m angeboten werden. Das ist f\u00fcr den Anfang optimal. Sieben Seile reichen im Normalfall aus. Bei H\u00e4ngebondage kann es aber durchaus vorkommen, dass man noch das ein oder andere Seil brauchen k\u00f6nnte! Ich biete in meinem Onlineshop noch kurze Seile mit einer L\u00e4nge von etwa 3 Metern an, da man oft an einem Punkt kommt, wo man nur noch ein kleines St\u00fcck Seil br\u00e4uchte, um die Fesselung abzuschlie\u00dfen und man bei 8m L\u00e4nge jede Menge Seil irgendwie verarbeiten muss.<\/p><p>Nun kommen wir zur Qualit\u00e4t von Seilen. Am besten w\u00e4re es, wenn ein Seil sehr wenig fusseln w\u00fcrde, super geschmeidig ist, keine Ger\u00fcche, Knoten oder Verunreinigungen aufweist und eingearbeitete harte Fasern hat. Aber so einfach wie sich das anh\u00f6rt, ist es leider nicht! Viele, ich m\u00f6chte sogar sagen, die meisten Seile, die man irgendwo im Baumarkt, im Internet oder sonst wo kaufen kann, sind f\u00fcr Bondage v\u00f6llig ungeeignet. Da die Seile f\u00fcr andere Zwecke hergestellt werden, legt man auf die oben genannten Punkte wenig wert. Die Eigenger\u00fcche der Fasern werden oft sogar von chemischen und kraftstoffartigen Ger\u00fcchen \u00fcberdeckt, die man auch durch mehrmaliges Waschen nicht los wird.\u00a0Des Weiteren\u00a0haben manche Seile viele Knoten, da, wenn ein Strang zu Ende, ist ein neuer daran geknotet und das Seil weiter geschlagen wird. Bei schlechter Qualit\u00e4t sind manche Fasern sehr dunkel und\u00a0h\u00f6lzern oder es sind teilweise auch kleine\u00a0Holzst\u00fccke mit eingearbeitet. Zudem werden viele Seile impr\u00e4gniert und sehr fest gedreht, wodurch diese geruchsintensiv und weniger geschmeidig sind. Mit allen diesen negativen Eigenschaften wurde ich schon konfrontiert und rate daher jedem davon ab, solche Seile f\u00fcr Bondage zu kaufen oder zu verwenden.<\/p><h3><span style=\"text-decoration: underline\"><span style=\"color: #000080\"><strong>Aber es gibt auch wirklich gute Seile!<\/strong><\/span><\/span><\/h3><p>Die Preise variieren ebenso wie die Qualit\u00e4t. Erfahrungsgem\u00e4\u00df ist Jute ein wenig teurer als Hanf. Aber es kommt vor allem auf den Hersteller und die Grundmaterialien an!<\/p><p><strong>Und nun zur alles entscheidenden Frage:<\/strong><\/p><h1><span style=\"color: #000080\">Wo bekomme ich das perfekte Seil???<\/span><\/h1><h2><strong><u>Und meine Antwort dazu ist <span style=\"color: #ff0000\">nirgends!<\/span><\/u><\/strong><\/h2><p><strong>\u00a0<\/strong><\/p><p>Das perfekt Jute- oder Hanfseil gibt es nicht zu kaufen. So ein Seil entsteht!<\/p><p>Es beginnt mit der Auswahl der Fasern, aus dem ein Garn und irgendwann ein Seil wird. Wenn nun die Seilerei auf Qualit\u00e4t und auf die Tauglichkeit f\u00fcr Bondagezwecke achtet, ist der erste Schritt gelungen! Nun folgt das Veredeln. Auch hier gilt, wenn die Qualit\u00e4t stimmt und das richtig gemacht wird, hat man schon den zweiten Schritt geschafft! Aber auch ein gut veredeltes Seil ist noch lange nicht perfekt, d.h. es wird Fusseln und sich anfangs etwas kratzig anf\u00fchlen. Der letzte Schritt ist die h\u00e4ufige Verwendung eines Seils! Erst mit der Zeit &#8211; mit Schwei\u00df, mit K\u00f6rperfett und der richtigen Pflege &#8211; wird ein Seil zum perfekten Seil!<\/p>\t\t\t\t\t\t\t\t<\/div>\n\t\t\t\t\t<\/div>\n\t\t<\/div>\n\t\t\t\t\t<\/div>\n\t\t<\/section>\n\t\t\t\t<section class=\"elementor-section elementor-top-section elementor-element elementor-element-83f107c elementor-section-boxed elementor-section-height-default elementor-section-height-default\" data-id=\"83f107c\" data-element_type=\"section\" data-e-type=\"section\">\n\t\t\t\t\t\t<div class=\"elementor-container elementor-column-gap-default\">\n\t\t\t\t\t<div class=\"elementor-column elementor-col-100 elementor-top-column elementor-element elementor-element-9bcd1a7\" data-id=\"9bcd1a7\" data-element_type=\"column\" data-e-type=\"column\">\n\t\t\t<div class=\"elementor-widget-wrap elementor-element-populated\">\n\t\t\t\t\t\t<div class=\"elementor-element elementor-element-9798531 elementor-widget elementor-widget-heading\" data-id=\"9798531\" data-element_type=\"widget\" data-e-type=\"widget\" data-widget_type=\"heading.default\">\n\t\t\t\t\t<h2 class=\"elementor-heading-title elementor-size-default\">Fazit:<\/h2>\t\t\t\t<\/div>\n\t\t\t\t<div class=\"elementor-element elementor-element-172520e elementor-widget elementor-widget-text-editor\" data-id=\"172520e\" data-element_type=\"widget\" data-e-type=\"widget\" data-widget_type=\"text-editor.default\">\n\t\t\t\t\t\t\t\t\t<p><strong>Ich denke, die meisten Fragen sind beantwortet und jeder kann nun f\u00fcr sich selbst <\/strong><strong>entscheiden welche Art Seil man bevorzugt! Wer versuchen m\u00f6chte seine Seile selbst zu veredeln, <\/strong><strong>wei\u00df nun auf welche Qualit\u00e4t man achten sollte.<\/strong><\/p><p><strong>Und f\u00fcr die unter euch, die sich lieber gleich ein fesselfertiges Seil kaufen m\u00f6chten, <\/strong><strong>in meinem Onlineshop gibt es genug davon!<\/strong><\/p><p><strong>Ich pers\u00f6nlich bevorzuge Juteseile, da sie leichter und ein wenig geschmeidiger sind! <\/strong><strong>Leider fusseln diese im Vergleich zu Hanfseilen sehr.<\/strong><\/p><p><strong>Alle Seile, die ich in meinem Onlineshop anbiete, haben so gut wie keinen Eigengeruch, d.h. sie riechen nur minimal nach dem <\/strong><strong>Behandlungs\u00f6l, haben weder Knoten noch Verunreinigungen und sind von bester Qualit\u00e4t!<\/strong><\/p><p><strong>Viel Spa\u00df mit den Seilen und viele sch\u00f6ne Stunden!<\/strong><\/p><p><strong>Gru\u00df Andreas<\/strong><\/p><p style=\"text-align: center\">\u00a0<\/p>\t\t\t\t\t\t\t\t<\/div>\n\t\t\t\t\t<\/div>\n\t\t<\/div>\n\t\t\t\t\t<\/div>\n\t\t<\/section>\n\t\t\t\t<\/div>\n\t\t","protected":false},"excerpt":{"rendered":"<p>Das Seil (Grundmaterial der Befestigungstechnik) Jeder, der sich mit dem Thema Fesseln besch\u00e4ftigt, wird sich fr\u00fcher oder sp\u00e4terdiese oder \u00e4hnliche Fragen stellen: Juteseil, Hanfseil oder doch eine Alternative? Welche Nachteile haben Hanf- und Juteseile? Worin liegen genau die Unterschiede? Welchen Durchmesser und L\u00e4nge sollen die Seile haben? Auf was sollte ich beim Kauf achten? Was [&hellip;]<\/p>\n","protected":false},"author":3,"featured_media":0,"parent":0,"menu_order":0,"comment_status":"closed","ping_status":"closed","template":"elementor_header_footer","meta":{"footnotes":""},"class_list":["post-1107","page","type-page","status-publish","hentry"],"_links":{"self":[{"href":"https:\/\/bavarian-bondage.de\/de\/wp-json\/wp\/v2\/pages\/1107","targetHints":{"allow":["GET"]}}],"collection":[{"href":"https:\/\/bavarian-bondage.de\/de\/wp-json\/wp\/v2\/pages"}],"about":[{"href":"https:\/\/bavarian-bondage.de\/de\/wp-json\/wp\/v2\/types\/page"}],"author":[{"embeddable":true,"href":"https:\/\/bavarian-bondage.de\/de\/wp-json\/wp\/v2\/users\/3"}],"replies":[{"embeddable":true,"href":"https:\/\/bavarian-bondage.de\/de\/wp-json\/wp\/v2\/comments?post=1107"}],"version-history":[{"count":5,"href":"https:\/\/bavarian-bondage.de\/de\/wp-json\/wp\/v2\/pages\/1107\/revisions"}],"predecessor-version":[{"id":9540,"href":"https:\/\/bavarian-bondage.de\/de\/wp-json\/wp\/v2\/pages\/1107\/revisions\/9540"}],"wp:attachment":[{"href":"https:\/\/bavarian-bondage.de\/de\/wp-json\/wp\/v2\/media?parent=1107"}],"curies":[{"name":"wp","href":"https:\/\/api.w.org\/{rel}","templated":true}]}}