{"id":1108,"date":"2016-01-25T16:56:26","date_gmt":"2016-01-25T15:56:26","guid":{"rendered":"https:\/\/bavarian-bondage.mysupr.de\/workshop-ja-oder-nein\/"},"modified":"2024-09-01T16:20:32","modified_gmt":"2024-09-01T14:20:32","slug":"workshop-ja-oder-nein","status":"publish","type":"page","link":"https:\/\/bavarian-bondage.de\/de\/workshop-ja-oder-nein\/","title":{"rendered":"Workshop Ja oder Nein"},"content":{"rendered":"\t\t<div data-elementor-type=\"wp-post\" data-elementor-id=\"1108\" class=\"elementor elementor-1108\" data-elementor-post-type=\"page\">\n\t\t\t\t<div class=\"elementor-element elementor-element-dcbc31e e-flex e-con-boxed e-con e-parent\" data-id=\"dcbc31e\" data-element_type=\"container\" data-e-type=\"container\">\n\t\t\t\t\t<div class=\"e-con-inner\">\n\t\t<div class=\"elementor-element elementor-element-ecc35ec e-con-full e-flex e-con e-child\" data-id=\"ecc35ec\" data-element_type=\"container\" data-e-type=\"container\">\n\t\t\t\t<div class=\"elementor-element elementor-element-2de9a03 elementor-widget elementor-widget-heading\" data-id=\"2de9a03\" data-element_type=\"widget\" data-e-type=\"widget\" data-widget_type=\"heading.default\">\n\t\t\t\t\t<h2 class=\"elementor-heading-title elementor-size-default\">Ist so ein Workshop \u00fcberhaupt notwendig?<\/h2>\t\t\t\t<\/div>\n\t\t\t\t<div class=\"elementor-element elementor-element-872dc88 elementor-widget elementor-widget-spacer\" data-id=\"872dc88\" data-element_type=\"widget\" data-e-type=\"widget\" data-widget_type=\"spacer.default\">\n\t\t\t\t\t\t\t<div class=\"elementor-spacer\">\n\t\t\t<div class=\"elementor-spacer-inner\"><\/div>\n\t\t<\/div>\n\t\t\t\t\t\t<\/div>\n\t\t\t\t<div class=\"elementor-element elementor-element-b9c8382 elementor-widget elementor-widget-heading\" data-id=\"b9c8382\" data-element_type=\"widget\" data-e-type=\"widget\" data-widget_type=\"heading.default\">\n\t\t\t\t\t<h2 class=\"elementor-heading-title elementor-size-default\">Nein, notwendig ist die Luft zum Atmen. Ein Workshop ist auf jeden Fall sinnvoll!<\/h2>\t\t\t\t<\/div>\n\t\t\t\t<div class=\"elementor-element elementor-element-0837066 elementor-widget elementor-widget-text-editor\" data-id=\"0837066\" data-element_type=\"widget\" data-e-type=\"widget\" data-widget_type=\"text-editor.default\">\n\t\t\t\t\t\t\t\t\t<p style=\"text-align: center\">Ich kann hier nicht \u00fcber die Allgemeinheit schreiben oder \u00fcber die einzelnen Workshopanbieter,denn jeder hat seine eigenen Erfahrunngen und Abl\u00e4ufe.<\/p><p style=\"text-align: center\"><strong><span style=\"text-decoration: underline\">In diesem Blogeintrag gehe ich auf meine Ansichten ein und beziehe mich auf die von mir angebotenen Kurse!<\/span><\/strong><\/p><p style=\"text-align: center\">Nat\u00fcrlich, es gibt viele B\u00fccher, Videos und Anleitungen zum Thema Bondage bzw. Shibari. Im Internet kann man alles ansehen, nachlesen und dann ausprobieren. Genau wie bei einem Kochkurs oder Tanzkurs lernt man aber schneller und nat\u00fcrlich auch besser, wenn man es richtig gezeigt bekommt! Man kann seine Fragen gleich stellen, bekommt direkt eine Antwort und Tipps und Tricks gibt es obendrein!<strong><span style=\"color: #ff0000\">\u00a0<\/span>\u00a0<\/strong> \u00a0 \u00a0 \u00a0 \u00a0 \u00a0\u00a0<\/p><p style=\"text-align: center\">Jetzt werden sich viele unter euch fragen:<\/p><p style=\"text-align: center\"><strong><span style=\"color: #ff0000\">Einer der wichtigsten Punkte, nein sogar der wichtigste Punkt ist die Sicherheit! <\/span><\/strong><\/p><p style=\"text-align: center\"><strong><span style=\"text-decoration: underline\">Warum denn Sicherheit? Ich will doch nur meinen Partner fesseln!<\/span><\/strong><\/p><p style=\"text-align: center\">Nun, da unser K\u00f6rper sehr empfindlich gegen\u00fcber \u00e4u\u00dferlichen Einwirkungen ist, sollte jeder der fesselt genau wissen was er macht. Es beginnt schon mit den richtigen Knoten, die sich nicht unerw\u00fcnschterweise l\u00f6sen oder zusammenziehen sollten. Weiter geht es mit der Seilf\u00fchrung. Wie d\u00fcrfen die Seile verlaufen, um seinem Gegen\u00fcber nicht versehentlich Verletzungen zuzuf\u00fcgen? Wo muss man auf Nerven und Blutbahnen achten? Was ist mit den zahlreichen Gelenken? Diese Fragen und nat\u00fcrlich noch mehr sollten bei einem Workshop beantwortet werden!<\/p><p style=\"text-align: center\">Die K\u00f6nigsdisziplin und oftmals der H\u00f6hepunkt einer jeden Bondagesession ist die sogenannte Suspension (H\u00e4ngebondage), bei der die gefesselte Person freischwebend nur an Seilen h\u00e4ngt! Jeder kann sich vorstellen welche Belastung das f\u00fcr unseren K\u00f6rper ist und auch wie gro\u00df die m\u00f6glichen Gefahren dabei sind! Ich m\u00f6chte wirklich niemanden davon abschrecken, denn eine H\u00e4ngebondage ist ein tolles Erlebnis, das alle die sich gerne fesseln lassen mal erleben sollten. Dennoch lasst euch nur auf ein Suspension ein, wenn ihr sicher seid, dass euer Gegen\u00fcber auch genau wei\u00df, was er macht! Und ihr liebe Fesselnde, seid euch immer dar\u00fcber im klaren, dass sich eine gefesselte Person v\u00f6llig ausliefert und ihr alleine die volle Verantwortung habt!<\/p><p style=\"text-align: center\">Nun ist es so, dass auch bei bester Vorbereitung und bestem Wissen mal etwas schief gehen kann. Auch f\u00fcr so einen Fall &#8211; den sich nat\u00fcrlich keiner w\u00fcnscht &#8211; sollte man immer vorbereitet sein, um schnellstm\u00f6glich reagieren zu k\u00f6nnen.<\/p><p style=\"text-align: center\">Ich denke was das Thema Sicherheit angeht, ist uns allen klar geworden, dass ein Workshop wirklich sinnvoll ist. Schlie\u00dflich soll Bondage Spa\u00df machen und nicht mit einer Fahrt zum Arzt enden!<\/p><p style=\"text-align: center\">Des Weiteren sollte man in einem Anf\u00e4ngerworkshop auch die M\u00f6glichkeit bekommen, sich mit den verschieden Seilarten und deren Vor- und Nachteile auseinanderzusetzen, um einen Einblick zu bekommen welche Seile man sich sp\u00e4ter selbst zulegt!<\/p><p style=\"text-align: center\">\u00a0<\/p><p style=\"text-align: center\"><strong><span style=\"color: #212157\">Nach der ganzen Ansprache bzw. dem Roman \u00fcber die Sicherheit m\u00f6chte ich euch nat\u00fcrlich in keinster Weise von der Arbeit mit den Seilen abschrecken!<\/span><\/strong><\/p><p style=\"text-align: center\"><b>(Ganz im Gegenteil, sonst h\u00e4tte ich die Seite Nie erstellt)<\/b><\/p><p style=\"text-align: center\">Ich biete hier generell Workshops f\u00fcr Paare bzw. f\u00fcr zwei Personen an, da man so wesentlich schneller und besser lernen kann als bei sogenannten Gruppen-Workshops mit zehn Leuten und mehr!<\/p>\t\t\t\t\t\t\t\t<\/div>\n\t\t\t\t<\/div>\n\t\t\t\t\t<\/div>\n\t\t\t\t<\/div>\n\t\t\t\t<\/div>\n\t\t","protected":false},"excerpt":{"rendered":"<p>Ist so ein Workshop \u00fcberhaupt notwendig? Nein, notwendig ist die Luft zum Atmen. Ein Workshop ist auf jeden Fall sinnvoll! Ich kann hier nicht \u00fcber die Allgemeinheit schreiben oder \u00fcber die einzelnen Workshopanbieter,denn jeder hat seine eigenen Erfahrunngen und Abl\u00e4ufe. In diesem Blogeintrag gehe ich auf meine Ansichten ein und beziehe mich auf die von [&hellip;]<\/p>\n","protected":false},"author":3,"featured_media":0,"parent":0,"menu_order":0,"comment_status":"closed","ping_status":"closed","template":"elementor_header_footer","meta":{"footnotes":""},"class_list":["post-1108","page","type-page","status-publish","hentry"],"_links":{"self":[{"href":"https:\/\/bavarian-bondage.de\/de\/wp-json\/wp\/v2\/pages\/1108","targetHints":{"allow":["GET"]}}],"collection":[{"href":"https:\/\/bavarian-bondage.de\/de\/wp-json\/wp\/v2\/pages"}],"about":[{"href":"https:\/\/bavarian-bondage.de\/de\/wp-json\/wp\/v2\/types\/page"}],"author":[{"embeddable":true,"href":"https:\/\/bavarian-bondage.de\/de\/wp-json\/wp\/v2\/users\/3"}],"replies":[{"embeddable":true,"href":"https:\/\/bavarian-bondage.de\/de\/wp-json\/wp\/v2\/comments?post=1108"}],"version-history":[{"count":8,"href":"https:\/\/bavarian-bondage.de\/de\/wp-json\/wp\/v2\/pages\/1108\/revisions"}],"predecessor-version":[{"id":12816,"href":"https:\/\/bavarian-bondage.de\/de\/wp-json\/wp\/v2\/pages\/1108\/revisions\/12816"}],"wp:attachment":[{"href":"https:\/\/bavarian-bondage.de\/de\/wp-json\/wp\/v2\/media?parent=1108"}],"curies":[{"name":"wp","href":"https:\/\/api.w.org\/{rel}","templated":true}]}}