{"id":1120,"date":"2016-01-25T17:04:15","date_gmt":"2016-01-25T16:04:15","guid":{"rendered":"https:\/\/bavarian-bondage.mysupr.de\/workshops\/"},"modified":"2026-03-19T06:56:53","modified_gmt":"2026-03-19T05:56:53","slug":"workshops","status":"publish","type":"page","link":"https:\/\/bavarian-bondage.de\/de\/workshops\/","title":{"rendered":"Workshops"},"content":{"rendered":"\t\t<div data-elementor-type=\"wp-post\" data-elementor-id=\"1120\" class=\"elementor elementor-1120\" data-elementor-post-type=\"page\">\n\t\t\t\t<div class=\"elementor-element elementor-element-207c85f e-flex e-con-boxed e-con e-parent\" data-id=\"207c85f\" data-element_type=\"container\" data-e-type=\"container\">\n\t\t\t\t\t<div class=\"e-con-inner\">\n\t\t<div class=\"elementor-element elementor-element-7a219d3 e-con-full e-flex e-con e-child\" data-id=\"7a219d3\" data-element_type=\"container\" data-e-type=\"container\">\n\t\t\t\t<div class=\"elementor-element elementor-element-6f55626 elementor-widget elementor-widget-heading\" data-id=\"6f55626\" data-element_type=\"widget\" data-e-type=\"widget\" data-widget_type=\"heading.default\">\n\t\t\t\t\t<h2 class=\"elementor-heading-title elementor-size-default\">Workshops<\/h2>\t\t\t\t<\/div>\n\t\t\t\t<div class=\"elementor-element elementor-element-f6b62fc elementor-widget elementor-widget-heading\" data-id=\"f6b62fc\" data-element_type=\"widget\" data-e-type=\"widget\" data-widget_type=\"heading.default\">\n\t\t\t\t\t<h2 class=\"elementor-heading-title elementor-size-default\">individuell * pers\u00f6nlich * privat * diskret<\/h2>\t\t\t\t<\/div>\n\t\t\t\t<div class=\"elementor-element elementor-element-3484915 elementor-widget elementor-widget-text-editor\" data-id=\"3484915\" data-element_type=\"widget\" data-e-type=\"widget\" data-widget_type=\"text-editor.default\">\n\t\t\t\t\t\t\t\t\t<p style=\"text-align: center\">Ob Du nun Einsteiger auf dem Gebiet bist oder schon Erfahrung im Umgang mit dem Seil hast, spielt keine Rolle. Die Hauptsache Du und dein Partner habt Spa\u00df daran. Selbstverst\u00e4ndlich m\u00f6chte ich die Kurse so individuell wie m\u00f6glich gestalten und versuche so gut es geht auf Deine W\u00fcnsche und Erfahrungen einzugehen.<\/p><p style=\"text-align: center\"><strong><span style=\"text-decoration: underline;color: #000080\">Stell Dir dein Pers\u00f6nliches Programm zusammen und kontaktiere mich!<\/span><\/strong><\/p><p>\u00a0<\/p><p style=\"text-align: center\">Alle angebotene Kurse, sowie der Preis, beziehen sich auf zwei Personen. Workshops f\u00fcr Einzelpersonen (mit Modell), sowie Gruppen oder individuelle W\u00fcnsche sind nach Absprache selbstverst\u00e4ndlich auch m\u00f6glich!<\/p><p style=\"text-align: center\">Wenn Du im Moment keinen Partner hast, frag doch einfach eine Freundin \/ einen Freund oder Bekannte. Keine Sorge, ein Workshop hat nichts mit unmoralischem Handeln zu tun.<\/p><p style=\"text-align: center\">Also warum keinen Bondage Workshop statt Kino oder Kneipe!?<\/p><p style=\"text-align: center\">\u00a0<\/p><p>\u00a0<\/p><p style=\"text-align: center\"><strong><span style=\"text-decoration: underline\"><span style=\"color: #000080;text-decoration: underline\">Womit wir auch schon bei dem Thema Bekleidung w\u00e4ren:<\/span><\/span><\/strong><\/p><p style=\"text-align: center\">Sportlich und bequem sollte es sein und etwas k\u00f6rperbetont, um die Seile gut f\u00fchren zu k\u00f6nnen.<\/p><p style=\"text-align: center\">(Schneeanzug ist auch m\u00f6glich, aber etwas unpassend^^)<\/p><p style=\"text-align: center\">Des Weiteren sollte bei der Wahl der Bekleidung darauf geachtet werden, auf Kn\u00f6pfe, G\u00fcrtelschnallen, B\u00fcgel-BHs, Schmuck und \u00e4hnliches zu verzichten. So lassen sich durch Seile verursachte Druckstellen und Verletzungen vermeiden.<\/p><p style=\"text-align: center\">\u00a0<\/p><p>\u00a0<\/p><p style=\"text-align: center\"><span style=\"color: #000080\"><strong><span style=\"text-decoration: underline\">Der Ort des Geschehens:<\/span><\/strong><\/span><\/p>\t\t\t\t\t\t\t\t<\/div>\n\t\t\t\t<div class=\"elementor-element elementor-element-cb62c80 elementor-widget elementor-widget-text-editor\" data-id=\"cb62c80\" data-element_type=\"widget\" data-e-type=\"widget\" data-widget_type=\"text-editor.default\">\n\t\t\t\t\t\t\t\t\t<p style=\"text-align: center\">Andreas Venus<\/p><p style=\"text-align: center\">Haidberg 2<\/p><p style=\"text-align: center\">94379 Sankt Englmar<\/p>\t\t\t\t\t\t\t\t<\/div>\n\t\t\t\t<div class=\"elementor-element elementor-element-9ccdabc elementor-widget elementor-widget-text-editor\" data-id=\"9ccdabc\" data-element_type=\"widget\" data-e-type=\"widget\" data-widget_type=\"text-editor.default\">\n\t\t\t\t\t\t\t\t\t<p style=\"text-align: center\"><strong>Teilnahme ab 18 Jahren<\/strong><\/p><p style=\"text-align: center\"><span style=\"color: #808080\">(bei Unstimmigkeiten Ausweiskontrolle)<\/span><\/p><p style=\"text-align: center\">Termine nach telefonischer oder schriftlicher Vereinbarung.<\/p><p style=\"text-align: center\">\u00a0<\/p>\t\t\t\t\t\t\t\t<\/div>\n\t\t\t\t<div class=\"elementor-element elementor-element-daae2fe premium-lq__none elementor-widget elementor-widget-premium-addon-button\" data-id=\"daae2fe\" data-element_type=\"widget\" data-e-type=\"widget\" data-widget_type=\"premium-addon-button.default\">\n\t\t\t\t\t\n\n\t\t<a class=\"premium-button premium-button-none premium-btn-md premium-button-none\" href=\"https:\/\/bavarian-bondage.de\/kontaktformular\/\">\n\t\t\t<div class=\"premium-button-text-icon-wrapper\">\n\t\t\t\t\n\t\t\t\t\t\t\t\t\t<span >\n\t\t\t\t\t\tKontaktformular\t\t\t\t\t<\/span>\n\t\t\t\t\t\t\t<\/div>\n\n\t\t\t\n\t\t\t\n\t\t\t\n\t\t<\/a>\n\n\n\t\t\t\t\t\t<\/div>\n\t\t\t\t<div class=\"elementor-element elementor-element-adc6e7d elementor-widget-divider--view-line elementor-widget elementor-widget-divider\" data-id=\"adc6e7d\" data-element_type=\"widget\" data-e-type=\"widget\" data-widget_type=\"divider.default\">\n\t\t\t\t\t\t\t<div class=\"elementor-divider\">\n\t\t\t<span class=\"elementor-divider-separator\">\n\t\t\t\t\t\t<\/span>\n\t\t<\/div>\n\t\t\t\t\t\t<\/div>\n\t\t\t\t<\/div>\n\t\t\t\t\t<\/div>\n\t\t\t\t<\/div>\n\t\t<div class=\"elementor-element elementor-element-082562f e-flex e-con-boxed e-con e-parent\" data-id=\"082562f\" data-element_type=\"container\" data-e-type=\"container\">\n\t\t\t\t\t<div class=\"e-con-inner\">\n\t\t<div class=\"elementor-element elementor-element-f4525ca e-con-full e-flex e-con e-child\" data-id=\"f4525ca\" data-element_type=\"container\" data-e-type=\"container\">\n\t\t\t\t<div class=\"elementor-element elementor-element-6228073 elementor-widget elementor-widget-heading\" data-id=\"6228073\" data-element_type=\"widget\" data-e-type=\"widget\" data-widget_type=\"heading.default\">\n\t\t\t\t\t<h2 class=\"elementor-heading-title elementor-size-default\">Aktuell werden keine Workshops angeboten!<\/h2>\t\t\t\t<\/div>\n\t\t\t\t<\/div>\n\t\t\t\t\t<\/div>\n\t\t\t\t<\/div>\n\t\t<div class=\"elementor-element elementor-element-7fc534f e-flex e-con-boxed e-con e-parent\" data-id=\"7fc534f\" data-element_type=\"container\" data-e-type=\"container\">\n\t\t\t\t\t<div class=\"e-con-inner\">\n\t\t\t\t<div class=\"elementor-element elementor-element-25b5f95 elementor-position-top elementor-widget elementor-widget-image-box\" data-id=\"25b5f95\" data-element_type=\"widget\" data-e-type=\"widget\" data-widget_type=\"image-box.default\">\n\t\t\t\t\t<div class=\"elementor-image-box-wrapper\"><figure class=\"elementor-image-box-img\"><a href=\"https:\/\/bavarian-bondage.de\/einsteiger-workshop\/\" tabindex=\"-1\"><img decoding=\"async\" src=\"https:\/\/bavarian-bondage.de\/wp-content\/plugins\/elementor\/assets\/images\/placeholder.png\" title=\"\" alt=\"\" loading=\"lazy\"><\/a><\/figure><div class=\"elementor-image-box-content\"><h3 class=\"elementor-image-box-title\"><a href=\"https:\/\/bavarian-bondage.de\/einsteiger-workshop\/\">Einsteiger Workshop<\/a><\/h3><\/div><\/div>\t\t\t\t<\/div>\n\t\t\t\t<div class=\"elementor-element elementor-element-aba3e8c elementor-position-top elementor-widget elementor-widget-image-box\" data-id=\"aba3e8c\" data-element_type=\"widget\" data-e-type=\"widget\" data-widget_type=\"image-box.default\">\n\t\t\t\t\t<div class=\"elementor-image-box-wrapper\"><figure class=\"elementor-image-box-img\"><a href=\"https:\/\/bavarian-bondage.de\/fortgeschrittenen-workshop\/\" tabindex=\"-1\"><img decoding=\"async\" src=\"https:\/\/bavarian-bondage.de\/wp-content\/plugins\/elementor\/assets\/images\/placeholder.png\" title=\"\" alt=\"\" loading=\"lazy\"><\/a><\/figure><div class=\"elementor-image-box-content\"><h3 class=\"elementor-image-box-title\"><a href=\"https:\/\/bavarian-bondage.de\/fortgeschrittenen-workshop\/\">Fortgeschrittenen Workshop<\/a><\/h3><\/div><\/div>\t\t\t\t<\/div>\n\t\t\t\t\t<\/div>\n\t\t\t\t<\/div>\n\t\t\t\t<\/div>\n\t\t","protected":false},"excerpt":{"rendered":"<p>Workshops individuell * pers\u00f6nlich * privat * diskret Ob Du nun Einsteiger auf dem Gebiet bist oder schon Erfahrung im Umgang mit dem Seil hast, spielt keine Rolle. Die Hauptsache Du und dein Partner habt Spa\u00df daran. Selbstverst\u00e4ndlich m\u00f6chte ich die Kurse so individuell wie m\u00f6glich gestalten und versuche so gut es geht auf Deine [&hellip;]<\/p>\n","protected":false},"author":3,"featured_media":0,"parent":0,"menu_order":0,"comment_status":"closed","ping_status":"closed","template":"elementor_header_footer","meta":{"footnotes":""},"class_list":["post-1120","page","type-page","status-publish","hentry"],"_links":{"self":[{"href":"https:\/\/bavarian-bondage.de\/de\/wp-json\/wp\/v2\/pages\/1120","targetHints":{"allow":["GET"]}}],"collection":[{"href":"https:\/\/bavarian-bondage.de\/de\/wp-json\/wp\/v2\/pages"}],"about":[{"href":"https:\/\/bavarian-bondage.de\/de\/wp-json\/wp\/v2\/types\/page"}],"author":[{"embeddable":true,"href":"https:\/\/bavarian-bondage.de\/de\/wp-json\/wp\/v2\/users\/3"}],"replies":[{"embeddable":true,"href":"https:\/\/bavarian-bondage.de\/de\/wp-json\/wp\/v2\/comments?post=1120"}],"version-history":[{"count":5,"href":"https:\/\/bavarian-bondage.de\/de\/wp-json\/wp\/v2\/pages\/1120\/revisions"}],"predecessor-version":[{"id":16989,"href":"https:\/\/bavarian-bondage.de\/de\/wp-json\/wp\/v2\/pages\/1120\/revisions\/16989"}],"wp:attachment":[{"href":"https:\/\/bavarian-bondage.de\/de\/wp-json\/wp\/v2\/media?parent=1120"}],"curies":[{"name":"wp","href":"https:\/\/api.w.org\/{rel}","templated":true}]}}