{"id":1126,"date":"2016-02-15T18:21:51","date_gmt":"2016-02-15T17:21:51","guid":{"rendered":"https:\/\/bavarian-bondage.mysupr.de\/einsteiger-workshop\/"},"modified":"2026-03-19T06:55:38","modified_gmt":"2026-03-19T05:55:38","slug":"einsteiger-workshop","status":"publish","type":"page","link":"https:\/\/bavarian-bondage.de\/de\/einsteiger-workshop\/","title":{"rendered":"Einsteiger Workshop"},"content":{"rendered":"\t\t<div data-elementor-type=\"wp-post\" data-elementor-id=\"1126\" class=\"elementor elementor-1126\" data-elementor-post-type=\"page\">\n\t\t\t\t<div class=\"elementor-element elementor-element-acbb71c e-flex e-con-boxed e-con e-parent\" data-id=\"acbb71c\" data-element_type=\"container\" data-e-type=\"container\">\n\t\t\t\t\t<div class=\"e-con-inner\">\n\t\t<div class=\"elementor-element elementor-element-d658f52 e-con-full e-flex e-con e-child\" data-id=\"d658f52\" data-element_type=\"container\" data-e-type=\"container\">\n\t\t\t\t<div class=\"elementor-element elementor-element-2a7198a elementor-widget elementor-widget-heading\" data-id=\"2a7198a\" data-element_type=\"widget\" data-e-type=\"widget\" data-widget_type=\"heading.default\">\n\t\t\t\t\t<h2 class=\"elementor-heading-title elementor-size-default\">Einsteiger Workshop<\/h2>\t\t\t\t<\/div>\n\t\t\t\t<div class=\"elementor-element elementor-element-e516e23 elementor-widget elementor-widget-text-editor\" data-id=\"e516e23\" data-element_type=\"widget\" data-e-type=\"widget\" data-widget_type=\"text-editor.default\">\n\t\t\t\t\t\t\t\t\t<p>Alle Kurse k\u00f6nnen individuell nach deinen W\u00fcnschen angepasst werden.<\/p>\t\t\t\t\t\t\t\t<\/div>\n\t\t\t\t<div class=\"elementor-element elementor-element-03f5979 elementor-widget elementor-widget-text-editor\" data-id=\"03f5979\" data-element_type=\"widget\" data-e-type=\"widget\" data-widget_type=\"text-editor.default\">\n\t\t\t\t\t\t\t\t\t<p style=\"text-align: left\"><span style=\"text-decoration: underline\">Welche Themen dich erwarten:<\/span><\/p><p style=\"text-align: left\"><span style=\"text-decoration: underline\"><span style=\"color: #000080;text-decoration: underline\">Sicherheit:<\/span><\/span> Wie f\u00fchre ich das Seil richtig; Nerven, Blutbahnen, Sehnen und Gelenke; Was tun bei einem Notfall; unvorhersehbare Gefahren und allgemeine Informationen.<\/p><p style=\"text-align: left\"><span style=\"text-decoration: underline\"><span style=\"color: #000080;text-decoration: underline\">Seilkunde:<\/span><\/span>\u00a0Welche Seile gibt es; Welches Seil f\u00fcr welchen Zweck; Vor- und Nachteile der einzelnen Seilarten.<\/p><p style=\"text-align: left\"><span style=\"text-decoration: underline\"><span style=\"color: #000080;text-decoration: underline\">Knoten:<\/span><\/span>\u00a0Unterschiedliche Knoten und deren Anwendungen; sichere Knoten; Endknoten und Windungen<\/p><p style=\"text-align: left\"><span style=\"text-decoration: underline\"><span style=\"color: #000080;text-decoration: underline\">Fesseln:<\/span><\/span>\u00a0Wir beginnen mit den ersten Fesselungen in Verbindung mit den gelernten Knoten; einfache Fesselungen von H\u00e4nden, Armen und Beinen; und versuchen und zum Abschluss an einer leichteren Oberk\u00f6rperfesselung.<\/p><p style=\"text-align: left;padding-left: 40px\"><span style=\"text-decoration: underline\"><span style=\"color: #000080;text-decoration: underline\">Dauer:<\/span><\/span>\u00a02,5 Std.\u00a0(mit ein paar kurzen Verschnaufpausen)<\/p><p style=\"text-align: left;padding-left: 40px\"><span style=\"text-decoration: underline\"><span style=\"color: #000080;text-decoration: underline\">Preis:<\/span><\/span> 119,00\u20ac f\u00fcr 2 Personen (Getr\u00e4nke sind im Preis enthalten)<\/p>\t\t\t\t\t\t\t\t<\/div>\n\t\t\t\t<div class=\"elementor-element elementor-element-cfc8901 elementor-widget elementor-widget-text-editor\" data-id=\"cfc8901\" data-element_type=\"widget\" data-e-type=\"widget\" data-widget_type=\"text-editor.default\">\n\t\t\t\t\t\t\t\t\t<p>Alle angegebenen Preise sind Gesamtpreise inkl. MwSt.<\/p><p>Vor Beginn eines Workshops bekommst Du noch einen Haftungsausschluss vorgelegt,<\/p><p>\u00a0den Du bitte gut durchliest und unterschreibst.<\/p>\t\t\t\t\t\t\t\t<\/div>\n\t\t\t\t<\/div>\n\t\t\t\t\t<\/div>\n\t\t\t\t<\/div>\n\t\t<div class=\"elementor-element elementor-element-a43a4ec e-flex e-con-boxed e-con e-parent\" data-id=\"a43a4ec\" data-element_type=\"container\" data-e-type=\"container\">\n\t\t\t\t\t<div class=\"e-con-inner\">\n\t\t<div class=\"elementor-element elementor-element-4a01f03 e-con-full e-flex e-con e-child\" data-id=\"4a01f03\" data-element_type=\"container\" data-e-type=\"container\">\n\t\t\t\t<div class=\"elementor-element elementor-element-f23bd34 elementor-widget elementor-widget-heading\" data-id=\"f23bd34\" data-element_type=\"widget\" data-e-type=\"widget\" data-widget_type=\"heading.default\">\n\t\t\t\t\t<h2 class=\"elementor-heading-title elementor-size-default\">Zusammenfassung<\/h2>\t\t\t\t<\/div>\n\t\t\t\t<div class=\"elementor-element elementor-element-f8991a2 elementor-tabs-view-horizontal elementor-widget elementor-widget-tabs\" data-id=\"f8991a2\" data-element_type=\"widget\" data-e-type=\"widget\" data-widget_type=\"tabs.default\">\n\t\t\t\t\t\t\t<div class=\"elementor-tabs\">\n\t\t\t<div class=\"elementor-tabs-wrapper\" role=\"tablist\" >\n\t\t\t\t\t\t\t\t\t<div id=\"elementor-tab-title-2601\" class=\"elementor-tab-title elementor-tab-desktop-title\" aria-selected=\"true\" data-tab=\"1\" role=\"tab\" tabindex=\"0\" aria-controls=\"elementor-tab-content-2601\" aria-expanded=\"false\">Alter:<\/div>\n\t\t\t\t\t\t\t\t\t<div id=\"elementor-tab-title-2602\" class=\"elementor-tab-title elementor-tab-desktop-title\" aria-selected=\"false\" data-tab=\"2\" role=\"tab\" tabindex=\"-1\" aria-controls=\"elementor-tab-content-2602\" aria-expanded=\"false\">Ort:<\/div>\n\t\t\t\t\t\t\t\t\t<div id=\"elementor-tab-title-2603\" class=\"elementor-tab-title elementor-tab-desktop-title\" aria-selected=\"false\" data-tab=\"3\" role=\"tab\" tabindex=\"-1\" aria-controls=\"elementor-tab-content-2603\" aria-expanded=\"false\">Preise:<\/div>\n\t\t\t\t\t\t\t\t\t<div id=\"elementor-tab-title-2604\" class=\"elementor-tab-title elementor-tab-desktop-title\" aria-selected=\"false\" data-tab=\"4\" role=\"tab\" tabindex=\"-1\" aria-controls=\"elementor-tab-content-2604\" aria-expanded=\"false\">Bezahlung:<\/div>\n\t\t\t\t\t\t\t\t\t<div id=\"elementor-tab-title-2605\" class=\"elementor-tab-title elementor-tab-desktop-title\" aria-selected=\"false\" data-tab=\"5\" role=\"tab\" tabindex=\"-1\" aria-controls=\"elementor-tab-content-2605\" aria-expanded=\"false\">Haftungsausschluss:<\/div>\n\t\t\t\t\t\t\t\t\t<div id=\"elementor-tab-title-2606\" class=\"elementor-tab-title elementor-tab-desktop-title\" aria-selected=\"false\" data-tab=\"6\" role=\"tab\" tabindex=\"-1\" aria-controls=\"elementor-tab-content-2606\" aria-expanded=\"false\">Sonstiges:<\/div>\n\t\t\t\t\t\t\t<\/div>\n\t\t\t<div class=\"elementor-tabs-content-wrapper\" role=\"tablist\" aria-orientation=\"vertical\">\n\t\t\t\t\t\t\t\t\t<div class=\"elementor-tab-title elementor-tab-mobile-title\" aria-selected=\"true\" data-tab=\"1\" role=\"tab\" tabindex=\"0\" aria-controls=\"elementor-tab-content-2601\" aria-expanded=\"false\">Alter:<\/div>\n\t\t\t\t\t<div id=\"elementor-tab-content-2601\" class=\"elementor-tab-content elementor-clearfix\" data-tab=\"1\" role=\"tabpanel\" aria-labelledby=\"elementor-tab-title-2601\" tabindex=\"0\" hidden=\"false\"><p>Ab 18 Jahren<\/p><\/div>\n\t\t\t\t\t\t\t\t\t<div class=\"elementor-tab-title elementor-tab-mobile-title\" aria-selected=\"false\" data-tab=\"2\" role=\"tab\" tabindex=\"-1\" aria-controls=\"elementor-tab-content-2602\" aria-expanded=\"false\">Ort:<\/div>\n\t\t\t\t\t<div id=\"elementor-tab-content-2602\" class=\"elementor-tab-content elementor-clearfix\" data-tab=\"2\" role=\"tabpanel\" aria-labelledby=\"elementor-tab-title-2602\" tabindex=\"0\" hidden=\"hidden\"><p>Bavarian Bondage<\/p><p>Andreas Venus<\/p><p>Haidberg 2<\/p><p>94379 Sankt Englmar<\/p><\/div>\n\t\t\t\t\t\t\t\t\t<div class=\"elementor-tab-title elementor-tab-mobile-title\" aria-selected=\"false\" data-tab=\"3\" role=\"tab\" tabindex=\"-1\" aria-controls=\"elementor-tab-content-2603\" aria-expanded=\"false\">Preise:<\/div>\n\t\t\t\t\t<div id=\"elementor-tab-content-2603\" class=\"elementor-tab-content elementor-clearfix\" data-tab=\"3\" role=\"tabpanel\" aria-labelledby=\"elementor-tab-title-2603\" tabindex=\"0\" hidden=\"hidden\"><p>Alle oben angegebenen Preise sind Gesamtpreise inkl. MwSt.<\/p><\/div>\n\t\t\t\t\t\t\t\t\t<div class=\"elementor-tab-title elementor-tab-mobile-title\" aria-selected=\"false\" data-tab=\"4\" role=\"tab\" tabindex=\"-1\" aria-controls=\"elementor-tab-content-2604\" aria-expanded=\"false\">Bezahlung:<\/div>\n\t\t\t\t\t<div id=\"elementor-tab-content-2604\" class=\"elementor-tab-content elementor-clearfix\" data-tab=\"4\" role=\"tabpanel\" aria-labelledby=\"elementor-tab-title-2604\" tabindex=\"0\" hidden=\"hidden\"><p>Vor Beginn des Workshops<\/p><\/div>\n\t\t\t\t\t\t\t\t\t<div class=\"elementor-tab-title elementor-tab-mobile-title\" aria-selected=\"false\" data-tab=\"5\" role=\"tab\" tabindex=\"-1\" aria-controls=\"elementor-tab-content-2605\" aria-expanded=\"false\">Haftungsausschluss:<\/div>\n\t\t\t\t\t<div id=\"elementor-tab-content-2605\" class=\"elementor-tab-content elementor-clearfix\" data-tab=\"5\" role=\"tabpanel\" aria-labelledby=\"elementor-tab-title-2605\" tabindex=\"0\" hidden=\"hidden\"><p>Vor Beginn des Workshops genau durchlesen und unterschreiben.<\/p><\/div>\n\t\t\t\t\t\t\t\t\t<div class=\"elementor-tab-title elementor-tab-mobile-title\" aria-selected=\"false\" data-tab=\"6\" role=\"tab\" tabindex=\"-1\" aria-controls=\"elementor-tab-content-2606\" aria-expanded=\"false\">Sonstiges:<\/div>\n\t\t\t\t\t<div id=\"elementor-tab-content-2606\" class=\"elementor-tab-content elementor-clearfix\" data-tab=\"6\" role=\"tabpanel\" aria-labelledby=\"elementor-tab-title-2606\" tabindex=\"0\" hidden=\"hidden\"><p>Alle im Shop angebotenen Artikel k\u00f6nnen bei einem Workshop erworben werden.<\/p><\/div>\n\t\t\t\t\t\t\t<\/div>\n\t\t<\/div>\n\t\t\t\t\t\t<\/div>\n\t\t\t\t<\/div>\n\t\t\t\t\t<\/div>\n\t\t\t\t<\/div>\n\t\t<div class=\"elementor-element elementor-element-d7da7b0 e-flex e-con-boxed e-con e-parent\" data-id=\"d7da7b0\" data-element_type=\"container\" data-e-type=\"container\">\n\t\t\t\t\t<div class=\"e-con-inner\">\n\t\t<div class=\"elementor-element elementor-element-ab58cc6 e-con-full e-flex e-con e-child\" data-id=\"ab58cc6\" data-element_type=\"container\" data-e-type=\"container\">\n\t\t\t\t<div class=\"elementor-element elementor-element-c8ccd56 elementor-widget elementor-widget-heading\" data-id=\"c8ccd56\" data-element_type=\"widget\" data-e-type=\"widget\" data-widget_type=\"heading.default\">\n\t\t\t\t\t<h2 class=\"elementor-heading-title elementor-size-default\">Aktuell werden keine Workshops angeboten!<\/h2>\t\t\t\t<\/div>\n\t\t\t\t<div class=\"elementor-element elementor-element-1e2aed0 premium-lq__none elementor-widget elementor-widget-premium-addon-button\" data-id=\"1e2aed0\" data-element_type=\"widget\" data-e-type=\"widget\" data-widget_type=\"premium-addon-button.default\">\n\t\t\t\t\t\n\n\t\t<a class=\"premium-button premium-button-none premium-btn-md premium-button-none\" href=\"https:\/\/bavarian-bondage.de\/kontaktformular\/\">\n\t\t\t<div class=\"premium-button-text-icon-wrapper\">\n\t\t\t\t\n\t\t\t\t\t\t\t\t\t<span >\n\t\t\t\t\t\tKontaktformular\t\t\t\t\t<\/span>\n\t\t\t\t\t\t\t<\/div>\n\n\t\t\t\n\t\t\t\n\t\t\t\n\t\t<\/a>\n\n\n\t\t\t\t\t\t<\/div>\n\t\t\t\t<\/div>\n\t\t\t\t\t<\/div>\n\t\t\t\t<\/div>\n\t\t\t\t<\/div>\n\t\t","protected":false},"excerpt":{"rendered":"<p>Einsteiger Workshop Alle Kurse k\u00f6nnen individuell nach deinen W\u00fcnschen angepasst werden. Welche Themen dich erwarten: Sicherheit: Wie f\u00fchre ich das Seil richtig; Nerven, Blutbahnen, Sehnen und Gelenke; Was tun bei einem Notfall; unvorhersehbare Gefahren und allgemeine Informationen. Seilkunde:\u00a0Welche Seile gibt es; Welches Seil f\u00fcr welchen Zweck; Vor- und Nachteile der einzelnen Seilarten. Knoten:\u00a0Unterschiedliche Knoten und [&hellip;]<\/p>\n","protected":false},"author":3,"featured_media":0,"parent":0,"menu_order":0,"comment_status":"closed","ping_status":"closed","template":"elementor_header_footer","meta":{"footnotes":""},"class_list":["post-1126","page","type-page","status-publish","hentry"],"_links":{"self":[{"href":"https:\/\/bavarian-bondage.de\/de\/wp-json\/wp\/v2\/pages\/1126","targetHints":{"allow":["GET"]}}],"collection":[{"href":"https:\/\/bavarian-bondage.de\/de\/wp-json\/wp\/v2\/pages"}],"about":[{"href":"https:\/\/bavarian-bondage.de\/de\/wp-json\/wp\/v2\/types\/page"}],"author":[{"embeddable":true,"href":"https:\/\/bavarian-bondage.de\/de\/wp-json\/wp\/v2\/users\/3"}],"replies":[{"embeddable":true,"href":"https:\/\/bavarian-bondage.de\/de\/wp-json\/wp\/v2\/comments?post=1126"}],"version-history":[{"count":5,"href":"https:\/\/bavarian-bondage.de\/de\/wp-json\/wp\/v2\/pages\/1126\/revisions"}],"predecessor-version":[{"id":16983,"href":"https:\/\/bavarian-bondage.de\/de\/wp-json\/wp\/v2\/pages\/1126\/revisions\/16983"}],"wp:attachment":[{"href":"https:\/\/bavarian-bondage.de\/de\/wp-json\/wp\/v2\/media?parent=1126"}],"curies":[{"name":"wp","href":"https:\/\/api.w.org\/{rel}","templated":true}]}}