{"id":1139,"date":"2016-05-24T16:03:59","date_gmt":"2016-05-24T14:03:59","guid":{"rendered":"https:\/\/bavarian-bondage.mysupr.de\/ueber-mich\/"},"modified":"2023-02-02T13:46:18","modified_gmt":"2023-02-02T12:46:18","slug":"ueber-mich","status":"publish","type":"page","link":"https:\/\/bavarian-bondage.de\/de\/ueber-mich\/","title":{"rendered":"\u00dcber Mich"},"content":{"rendered":"\t\t<div data-elementor-type=\"wp-post\" data-elementor-id=\"1139\" class=\"elementor elementor-1139\" data-elementor-post-type=\"page\">\n\t\t\t\t\t\t<section class=\"elementor-section elementor-top-section elementor-element elementor-element-c0abc2b elementor-section-boxed elementor-section-height-default elementor-section-height-default\" data-id=\"c0abc2b\" data-element_type=\"section\" data-e-type=\"section\">\n\t\t\t\t\t\t<div class=\"elementor-container elementor-column-gap-default\">\n\t\t\t\t\t<div class=\"elementor-column elementor-col-100 elementor-top-column elementor-element elementor-element-a395192\" data-id=\"a395192\" data-element_type=\"column\" data-e-type=\"column\">\n\t\t\t<div class=\"elementor-widget-wrap elementor-element-populated\">\n\t\t\t\t\t\t<div class=\"elementor-element elementor-element-923671e elementor-widget elementor-widget-heading\" data-id=\"923671e\" data-element_type=\"widget\" data-e-type=\"widget\" data-widget_type=\"heading.default\">\n\t\t\t\t\t<h2 class=\"elementor-heading-title elementor-size-default\">Zeit f\u00fcr fesselnde Momente<\/h2>\t\t\t\t<\/div>\n\t\t\t\t<div class=\"elementor-element elementor-element-0865faa elementor-widget elementor-widget-text-editor\" data-id=\"0865faa\" data-element_type=\"widget\" data-e-type=\"widget\" data-widget_type=\"text-editor.default\">\n\t\t\t\t\t\t\t\t\t<p style=\"text-align: center\">In den folgenden Zeilen erf\u00e4hrst Du das ein oder andere \u00fcber mich, die Seite, den Shop<br \/>und warum Du hier genau richtig bist!<\/p><p style=\"text-align: center\">Damit das lesen nicht ganz so langweilig wird, schreibe ich nur die wichtigsten Details und keinen Roman.<\/p><p style=\"text-align: center\">Ich beginne jetzt einfach mal bei mir, damit du wei\u00dft wer f\u00fcr die Homepage, die Workshops, die Produkte und nat\u00fcrlich auch f\u00fcr gelegentlich auftretende Tippfehler verantwortlich ist^^<\/p><p style=\"text-align: center\">Mein Name ist Andreas, ich bin 37 und war lange Zeit in der Gastronomie t\u00e4tig. Seit mehr als 17 Jahren besch\u00e4ftige ich mich mal, mehr, mal weniger intensiv mit Bondage und Shibari. Wobei, in den letzten paar Jahren dreht sich bei mir fast alles um das Thema. ^^<\/p><p style=\"text-align: center\"><span style=\"color: #000000\"><strong>Den Seilen verfallen!<\/strong><\/span><\/p><p style=\"text-align: center\">Genau diese Leidenschaft ist es, die ich Dir auf meiner Homepage n\u00e4her bringen m\u00f6chte! Bondage ist mehr als nur jemanden zu fesseln, mehr als Spielerei, mehr als der Name Bondage \u00fcberhaupt aussagen kann!<\/p><p style=\"text-align: center\"><span style=\"color: #0000ff\"><strong>Zeit f\u00fcr fesselnde Momente<\/strong><\/span><\/p><p style=\"text-align: center\">ist f\u00fcr mich mehr als nur irgendein Slogan!<\/p><p style=\"text-align: center\">\u2665<\/p><h3 style=\"text-align: center\"><strong>Die Idee<\/strong><\/h3><p style=\"text-align: center\">Die Idee zu bavarian-bondage.de entstand im Sommer 2015 im Anschluss an einen privaten Bondage-Workshop. Ein paar Monate sp\u00e4ter begann dann auch wirklich die Planung f\u00fcr die Seite, mit Blog, Anleitungen, Workshops und dem Ziel, Bondage und Shibari weiterzuverbreiten und den Menschen die Lust am Fesseln zu \u00fcbermitteln.<\/p><p style=\"text-align: center\">Mitten in der Planung und nach einem entt\u00e4uschendem Seilkauf kam dann noch ein weiterer Einfall hinzu.\u00a0<\/p><p style=\"text-align: center\">\u2665<\/p><h3 style=\"text-align: center\"><strong>Ein Onlineshop!<\/strong><\/h3><p style=\"text-align: center\">Ein Shop der mit Individualit\u00e4t, Kreativit\u00e4t und einer vern\u00fcnftigen Qualit\u00e4t seine Kunden \u00fcberzeugt. Der Shop, der sich mit einem einpr\u00e4gsamen Design und seiner Echtheit von der Masse abhebt. Ganz nach dem Motto &#8222;Qualit\u00e4t statt Quantit\u00e4t\u00b4\u00b4 sind meine Produkte gr\u00f6\u00dftenteils handgefertigt und individuell anpassbar.<\/p><p style=\"text-align: center\">\u2665<\/p><h3 style=\"text-align: center\"><strong>Workshops:<\/strong>\u00a0<\/h3><p style=\"text-align: center\">Oft liest man davon, welche Referenzen die Anbieter haben; wie gut sind die angebotenen Workshops; kann der Anbieter \u00fcberhaupt was; und lohnt es sich f\u00fcr mich dort teilzunehmen!?<\/p><p style=\"text-align: center\">Nein. Ich habe keine Ausbildung in Japan genossen, bin kein Buchautor und ebenso wenig bekannt durch Fernsehreportagen oder Videos im Netz. Meine Referenzen liegen in der jahrelangen Erfahrung, die ich durch zahlreiche Kursteilnahmen und eigener Initiative gesammelt habe.<\/p><p style=\"text-align: center\">Ich sehe mich nicht als Bondage-K\u00fcnstler, nicht als Shibari-Meister oder Lehrer. Nein, ich bin einfach nur Ich, ich der sein Wissen gerne weitergibt und Dir den Umgang mit den Seilen zeigen m\u00f6chte.<\/p><p style=\"text-align: center\">Ob es sich nun f\u00fcr Dich bzw. f\u00fcr euch lohnt bei meinen Workshops teilzunehmen, musst Du selbst entscheiden. Auf jeden Fall versuche ich immer das Beste zu geben und so gut es geht auf Dich und deine Lern-W\u00fcnsche einzugehen.<\/p><p style=\"text-align: center\">\u2665<\/p><h3 style=\"text-align: center\"><strong>Der Name<\/strong><\/h3><p style=\"text-align: center\">Der Name meiner Seite bzw. meines Shops ist sehr regional gehalten, da das Ziel von Anfang an klar\u00a0definiert war. Workshops f\u00fcr Leute aus meiner Gegend anzubieten.<\/p><p style=\"text-align: center\">Ob jetzt Bavarian-Bondage zu einem Onlineshop passt, sei dahingestellt. Ich finde den Namen gut und er wird auch in Zukunft so bleiben^^\u00a0<\/p><p style=\"text-align: center\">\u2665<\/p><h3 style=\"text-align: center\"><strong>Die Zukunft von Bavarian-Bondage<\/strong><\/h3><p style=\"text-align: center\">Wer wei\u00df schon, was die Zukunft bringen wird. Meine Ziele sind auf jeden Fall die Seite weiter auszubauen, immer mal neue Produkte anzubieten, Blogeintr\u00e4ge zu verfassen, vielleicht auch ein paar Bondage-Anleitungen zu erstellen und und und. Nat\u00fcrlich nicht von heute auf morgen, aber der Weg ist das Ziel und daran halte ich fest!<\/p><p style=\"text-align: center\">Ich hab begonnen meine Produkte auch regelm\u00e4\u00dfig auf Messen und diversen Veranstaltungen anzubieten, um meinen Kunden die M\u00f6glichkeit zu geben die Angebote und wer Lust hat nat\u00fcrlich auch mich vor Ort kennenzulernen. Wann und wo ich einen Stand habe, wird regelm\u00e4\u00dfig auf der Startseite aktualisiert.<\/p><p style=\"text-align: center\">\u2665<\/p><h3 style=\"text-align: center\"><strong>Das wichtigste kommt zum Schluss<\/strong><\/h3><p style=\"text-align: center\">Was bringen die besten Ideen, das sch\u00f6nste Design und sein guter Wille!? Im\u00a0Endeffekt nichts, den eine Seite oder ein Shop lebt nur mit dem Vertrauen seiner Besucher, seiner Kunden. Das wichtigste auf der ganzen Seite bist Du!<\/p><p style=\"text-align: center\">Ich hoffe Du konntest einen kleinen Eindruck \u00fcber mich, meine Seite und die verfolgten Ziele gewinnen.<\/p><p style=\"text-align: center\">Nat\u00fcrlich stehe ich f\u00fcr deine Fragen und Anregungen jederzeit zur Verf\u00fcgung.<\/p><p style=\"text-align: center\"><strong>Gru\u00df Andreas<\/strong><\/p>\t\t\t\t\t\t\t\t<\/div>\n\t\t\t\t\t<\/div>\n\t\t<\/div>\n\t\t\t\t\t<\/div>\n\t\t<\/section>\n\t\t\t\t<\/div>\n\t\t","protected":false},"excerpt":{"rendered":"<p>Zeit f\u00fcr fesselnde Momente In den folgenden Zeilen erf\u00e4hrst Du das ein oder andere \u00fcber mich, die Seite, den Shopund warum Du hier genau richtig bist! Damit das lesen nicht ganz so langweilig wird, schreibe ich nur die wichtigsten Details und keinen Roman. Ich beginne jetzt einfach mal bei mir, damit du wei\u00dft wer f\u00fcr [&hellip;]<\/p>\n","protected":false},"author":3,"featured_media":0,"parent":0,"menu_order":0,"comment_status":"closed","ping_status":"closed","template":"elementor_header_footer","meta":{"footnotes":""},"class_list":["post-1139","page","type-page","status-publish","hentry"],"_links":{"self":[{"href":"https:\/\/bavarian-bondage.de\/de\/wp-json\/wp\/v2\/pages\/1139","targetHints":{"allow":["GET"]}}],"collection":[{"href":"https:\/\/bavarian-bondage.de\/de\/wp-json\/wp\/v2\/pages"}],"about":[{"href":"https:\/\/bavarian-bondage.de\/de\/wp-json\/wp\/v2\/types\/page"}],"author":[{"embeddable":true,"href":"https:\/\/bavarian-bondage.de\/de\/wp-json\/wp\/v2\/users\/3"}],"replies":[{"embeddable":true,"href":"https:\/\/bavarian-bondage.de\/de\/wp-json\/wp\/v2\/comments?post=1139"}],"version-history":[{"count":8,"href":"https:\/\/bavarian-bondage.de\/de\/wp-json\/wp\/v2\/pages\/1139\/revisions"}],"predecessor-version":[{"id":9546,"href":"https:\/\/bavarian-bondage.de\/de\/wp-json\/wp\/v2\/pages\/1139\/revisions\/9546"}],"wp:attachment":[{"href":"https:\/\/bavarian-bondage.de\/de\/wp-json\/wp\/v2\/media?parent=1139"}],"curies":[{"name":"wp","href":"https:\/\/api.w.org\/{rel}","templated":true}]}}