{"id":12,"date":"2018-09-04T13:47:19","date_gmt":"2018-09-04T11:47:19","guid":{"rendered":"http:\/\/bavarian-bondage.mysupr.de\/versandarten\/"},"modified":"2018-09-04T13:47:19","modified_gmt":"2018-09-04T11:47:19","slug":"versandarten","status":"publish","type":"page","link":"https:\/\/bavarian-bondage.de\/de\/versandarten\/","title":{"rendered":"Versandarten"},"content":{"rendered":"\t\t<div data-elementor-type=\"wp-post\" data-elementor-id=\"12\" class=\"elementor elementor-12\" data-elementor-post-type=\"page\">\n\t\t\t\t\t\t<section class=\"elementor-section elementor-top-section elementor-element elementor-element-07d64f3 elementor-section-boxed elementor-section-height-default elementor-section-height-default\" data-id=\"07d64f3\" data-element_type=\"section\" data-e-type=\"section\">\n\t\t\t\t\t\t<div class=\"elementor-container elementor-column-gap-default\">\n\t\t\t\t\t<div class=\"elementor-column elementor-col-100 elementor-top-column elementor-element elementor-element-6935983\" data-id=\"6935983\" data-element_type=\"column\" data-e-type=\"column\">\n\t\t\t<div class=\"elementor-widget-wrap elementor-element-populated\">\n\t\t\t\t\t\t<div class=\"elementor-element elementor-element-4538605 elementor-widget elementor-widget-text-editor\" data-id=\"4538605\" data-element_type=\"widget\" data-e-type=\"widget\" data-widget_type=\"text-editor.default\">\n\t\t\t\t\t\t\t\t\t<h3><strong>Zahlung und Versand<\/strong><\/h3><p>Es gelten folgende Bedingungen:<\/p><p><strong>Versandbedingungen<\/strong><\/p><p>Die Lieferung erfolgt im Inland (Deutschland)\u00a0und in die nachstehenden L\u00e4nder:\u00a0Belgien, D\u00e4nemark, Frankreich, Italien, Luxemburg, Niederlande, Schweden, Spanien, \u00d6sterreich.<\/p><p>Keine Versendung erfolgt auf die nachstehenden ausl\u00e4ndischen Inseln: El Hierro, Fuerteventura, Gran Canaria, La Gomera, La Palma, Lanzarote,Teneriffa<\/p><p><strong>Versandkosten<\/strong>\u00a0(inklusive gesetzliche Mehrwertsteuer)<\/p><p><strong>Lieferungen im Inland (Deutschland):\u00a0<\/strong><\/p><p>Wir berechnen die Versandkosten pauschal mit 4,90 \u20ac pro Bestellung.<\/p><p>Ab einem Bestellwert von 120,00 \u20ac liefern wir versandkostenfrei.<\/p><p><strong>Lieferungen ins Ausland:<\/strong><\/p><p>Wir berechnen die Versandkosten ins Ausland pauschal wie folgt:<\/p><p>Belgien: 13,99 \u20ac<br \/>D\u00e4nemark: 13,99 \u20ac<br \/>Frankreich: 13,99 \u20ac<br \/>Italien: 13,99 \u20ac<br \/>Luxemburg: 13,99 \u20ac<br \/>Niederlande: 13,99 \u20ac<br \/>Schweden 13,99 \u20ac<br \/>Spanien: 13,99 \u20ac<br \/>\u00d6sterreich: 13,99 \u20ac<br \/><strong>Lieferfristen<\/strong><\/p><p>Soweit im jeweiligen Angebot keine andere Frist angegeben ist, erfolgt die Lieferung der Ware im Inland (Deutschland) innerhalb von 5 &#8211; 7 Tagen, bei Auslandslieferungen innerhalb von 5 &#8211; 7 Tagen nach Vertragsschluss (bei vereinbarter Vorauszahlung nach dem Zeitpunkt Ihrer Zahlungsanweisung).<br \/>Beachten Sie, dass an Sonn- und Feiertagen keine Zustellung erfolgt.<br \/>Haben Sie Artikel mit unterschiedlichen Lieferzeiten bestellt, versenden wir die Ware in einer gemeinsamen Sendung, sofern wir keine abweichenden Vereinbarungen mit Ihnen getroffen haben.\u00a0Die Lieferzeit bestimmt sich in diesem Fall nach dem Artikel mit der l\u00e4ngsten Lieferzeit den Sie bestellt haben.<\/p><p><strong>Akzeptierte Zahlungsm\u00f6glichkeiten<\/strong><\/p><p><strong>&#8211;\u00a0\u00a0<\/strong>Vorkasse per \u00dcberweisung<br \/><strong>&#8211;\u00a0\u00a0<\/strong>Zahlung per Kreditkarte<br \/><strong>&#8211;<\/strong>\u00a0 Zahlung per PayPal\u00a0<br \/><strong>&#8211;<\/strong><strong>\u00a0\u00a0<\/strong>Zahlung per Sofort\u00fcberweisung<\/p><p><strong>Weitere Einzelheiten zur Zahlung<\/strong><\/p><p>Bei Zahlung per Kreditkarte erfolgt die Belastung Ihres Kreditkartenkontos mit Vertragsschluss.<\/p><p>Bei Fragen finden Sie unsere Kontaktdaten im Impressum.<\/p>\t\t\t\t\t\t\t\t<\/div>\n\t\t\t\t\t<\/div>\n\t\t<\/div>\n\t\t\t\t\t<\/div>\n\t\t<\/section>\n\t\t\t\t<\/div>\n\t\t","protected":false},"excerpt":{"rendered":"<p>Zahlung und Versand Es gelten folgende Bedingungen: Versandbedingungen Die Lieferung erfolgt im Inland (Deutschland)\u00a0und in die nachstehenden L\u00e4nder:\u00a0Belgien, D\u00e4nemark, Frankreich, Italien, Luxemburg, Niederlande, Schweden, Spanien, \u00d6sterreich. Keine Versendung erfolgt auf die nachstehenden ausl\u00e4ndischen Inseln: El Hierro, Fuerteventura, Gran Canaria, La Gomera, La Palma, Lanzarote,Teneriffa Versandkosten\u00a0(inklusive gesetzliche Mehrwertsteuer) Lieferungen im Inland (Deutschland):\u00a0 Wir berechnen die Versandkosten [&hellip;]<\/p>\n","protected":false},"author":3,"featured_media":0,"parent":0,"menu_order":0,"comment_status":"closed","ping_status":"closed","template":"","meta":{"footnotes":""},"class_list":["post-12","page","type-page","status-publish","hentry"],"_links":{"self":[{"href":"https:\/\/bavarian-bondage.de\/de\/wp-json\/wp\/v2\/pages\/12","targetHints":{"allow":["GET"]}}],"collection":[{"href":"https:\/\/bavarian-bondage.de\/de\/wp-json\/wp\/v2\/pages"}],"about":[{"href":"https:\/\/bavarian-bondage.de\/de\/wp-json\/wp\/v2\/types\/page"}],"author":[{"embeddable":true,"href":"https:\/\/bavarian-bondage.de\/de\/wp-json\/wp\/v2\/users\/3"}],"replies":[{"embeddable":true,"href":"https:\/\/bavarian-bondage.de\/de\/wp-json\/wp\/v2\/comments?post=12"}],"version-history":[{"count":0,"href":"https:\/\/bavarian-bondage.de\/de\/wp-json\/wp\/v2\/pages\/12\/revisions"}],"wp:attachment":[{"href":"https:\/\/bavarian-bondage.de\/de\/wp-json\/wp\/v2\/media?parent=12"}],"curies":[{"name":"wp","href":"https:\/\/api.w.org\/{rel}","templated":true}]}}