{"id":13,"date":"2018-09-04T13:47:19","date_gmt":"2018-09-04T11:47:19","guid":{"rendered":"http:\/\/bavarian-bondage.mysupr.de\/bezahlmoeglichkeiten\/"},"modified":"2025-07-20T08:35:49","modified_gmt":"2025-07-20T06:35:49","slug":"zahlung-und-versand","status":"publish","type":"page","link":"https:\/\/bavarian-bondage.de\/de\/zahlung-und-versand\/","title":{"rendered":"Zahlung und Versand"},"content":{"rendered":"\t\t<div data-elementor-type=\"wp-post\" data-elementor-id=\"13\" class=\"elementor elementor-13\" data-elementor-post-type=\"page\">\n\t\t\t\t<div class=\"elementor-element elementor-element-5ac5788 e-flex e-con-boxed e-con e-parent\" data-id=\"5ac5788\" data-element_type=\"container\" data-e-type=\"container\">\n\t\t\t\t\t<div class=\"e-con-inner\">\n\t\t\t\t<div class=\"elementor-element elementor-element-197797c elementor-widget elementor-widget-text-editor\" data-id=\"197797c\" data-element_type=\"widget\" data-e-type=\"widget\" data-widget_type=\"text-editor.default\">\n\t\t\t\t\t\t\t\t\t<p><strong>Zahlung und Versand<\/strong><br \/><br \/>Es gelten folgende Bedingungen:<br \/><br \/>Die Lieferung erfolgt im Inland (Deutschland)\u00a0und in die nachstehenden L\u00e4nder:\u00a0Belgien, D\u00e4nemark, Frankreich, Italien, Luxemburg, Niederlande, Portugal, Schweden, Spanien, \u00d6sterreich.<br \/><br \/>Der Versand auf deutsche und ausl\u00e4ndische Inseln ist ausgeschlossen.<br \/><br \/><strong>Versandkosten<\/strong>\u00a0(inklusive gesetzliche Mehrwertsteuer)<br \/><br \/><strong>Lieferungen im Inland (Deutschland):\u00a0<\/strong><br \/><br \/>Wir berechnen die Versandkosten pauschal mit 5,90 \u20ac pro Bestellung.<br \/><br \/>Ab einem Bestellwert von 130,00 \u20ac liefern wir versandkostenfrei.<br \/><br \/><strong>Lieferungen ins Ausland:<\/strong><br \/><br \/>Wir berechnen die Versandkosten ins Ausland pauschal wie folgt:<br \/><br \/>Portugal: 15,99 \u20ac Belgien: 15,99 \u20ac<br \/>D\u00e4nemark: 15,99 \u20ac<br \/>Frankreich: 15,99 \u20ac<br \/>Italien: 15,99 \u20ac<br \/>Luxemburg: 15,99 \u20ac<br \/>Niederlande: 15,99 \u20ac<br \/>Schweden 15,99 \u20ac<br \/>Spanien: 15,99 \u20ac<br \/>\u00d6sterreich: 15,99 \u20ac<br \/><br \/><br \/><br \/><br \/><br \/><br \/><br \/><br \/><br \/><br \/><br \/><br \/><strong>Lieferfristen<\/strong><br \/><br \/>Soweit im jeweiligen Angebot keine andere Frist angegeben ist, erfolgt die Lieferung der Ware im Inland (Deutschland) innerhalb von 5 &#8211; 7 Tagen, bei Auslandslieferungen innerhalb von 10-12 Tagen nach Vertragsschluss (bei vereinbarter Vorauszahlung nach dem Zeitpunkt Ihrer Zahlungsanweisung).<br \/>Beachten Sie, dass an Sonn- und Feiertagen keine Zustellung erfolgt.<br \/>Haben Sie Artikel mit unterschiedlichen Lieferzeiten bestellt, wird die Ware in einer gemeinsamen Sendung versandt, sofern wir keine abweichenden Vereinbarungen mit Ihnen getroffen haben.\u00a0Die Lieferzeit bestimmt sich in diesem Fall nach dem Artikel mit der l\u00e4ngsten Lieferzeit den Sie bestellt haben.<br \/><br \/><strong>Akzeptierte Zahlungsm\u00f6glichkeiten<\/strong><br \/><br \/><strong>&#8211;\u00a0\u00a0<\/strong>Vorkasse per \u00dcberweisung<br \/>&#8211;\u00a0 Zahlung per Sofort\u00fcberweisung (\u00fcber Klarna)<br \/>&#8211;\u00a0 Zahlung per Lastschrift (\u00fcber Klarna)<br \/>&#8211;\u00a0 Zahlung per Kreditkarte (\u00fcber Klarna)<br \/><br \/><strong>\u00dcber PayPal Checkout:<\/strong><br \/>&#8211;\u00a0Zahlung per PayPal Express<br \/>&#8211; Zahlung per Kreditkarte<br \/><br \/><strong>\u00dcber PayPal:<\/strong><br \/>&#8211; Zahlung per PayPal<br \/>&#8211; Zahlung per Kreditkarte<br \/>&#8211; Zahlung per SEPA-Lastschrift<br \/>&#8211; Zahlung per &#8222;Sp\u00e4ter bezahlen&#8220;<br \/><br \/>Bei Fragen finden Sie unsere Kontaktdaten im Impressum.<\/p><p>\u00a0<\/p>\t\t\t\t\t\t\t\t<\/div>\n\t\t\t\t\t<\/div>\n\t\t\t\t<\/div>\n\t\t\t\t<\/div>\n\t\t","protected":false},"excerpt":{"rendered":"<p>Zahlung und Versand Es gelten folgende Bedingungen: Die Lieferung erfolgt im Inland (Deutschland)\u00a0und in die nachstehenden L\u00e4nder:\u00a0Belgien, D\u00e4nemark, Frankreich, Italien, Luxemburg, Niederlande, Portugal, Schweden, Spanien, \u00d6sterreich. Der Versand auf deutsche und ausl\u00e4ndische Inseln ist ausgeschlossen. Versandkosten\u00a0(inklusive gesetzliche Mehrwertsteuer) Lieferungen im Inland (Deutschland):\u00a0 Wir berechnen die Versandkosten pauschal mit 5,90 \u20ac pro Bestellung. Ab einem Bestellwert [&hellip;]<\/p>\n","protected":false},"author":3,"featured_media":0,"parent":0,"menu_order":0,"comment_status":"closed","ping_status":"closed","template":"","meta":{"footnotes":""},"class_list":["post-13","page","type-page","status-publish","hentry"],"_links":{"self":[{"href":"https:\/\/bavarian-bondage.de\/de\/wp-json\/wp\/v2\/pages\/13","targetHints":{"allow":["GET"]}}],"collection":[{"href":"https:\/\/bavarian-bondage.de\/de\/wp-json\/wp\/v2\/pages"}],"about":[{"href":"https:\/\/bavarian-bondage.de\/de\/wp-json\/wp\/v2\/types\/page"}],"author":[{"embeddable":true,"href":"https:\/\/bavarian-bondage.de\/de\/wp-json\/wp\/v2\/users\/3"}],"replies":[{"embeddable":true,"href":"https:\/\/bavarian-bondage.de\/de\/wp-json\/wp\/v2\/comments?post=13"}],"version-history":[{"count":5,"href":"https:\/\/bavarian-bondage.de\/de\/wp-json\/wp\/v2\/pages\/13\/revisions"}],"predecessor-version":[{"id":15414,"href":"https:\/\/bavarian-bondage.de\/de\/wp-json\/wp\/v2\/pages\/13\/revisions\/15414"}],"wp:attachment":[{"href":"https:\/\/bavarian-bondage.de\/de\/wp-json\/wp\/v2\/media?parent=13"}],"curies":[{"name":"wp","href":"https:\/\/api.w.org\/{rel}","templated":true}]}}