{"id":1739,"date":"2020-01-16T11:15:25","date_gmt":"2020-01-16T10:15:25","guid":{"rendered":"https:\/\/bavarian-bondage.mysupr.de\/?page_id=1739"},"modified":"2024-11-29T10:41:25","modified_gmt":"2024-11-29T09:41:25","slug":"leinenhanfseile-zweifarbig","status":"publish","type":"page","link":"https:\/\/bavarian-bondage.de\/de\/leinenhanfseile-zweifarbig\/","title":{"rendered":"Leinenhanf-Seile zweifarbig"},"content":{"rendered":"\t\t<div data-elementor-type=\"wp-post\" data-elementor-id=\"1739\" class=\"elementor elementor-1739\" data-elementor-post-type=\"page\">\n\t\t\t\t<div class=\"elementor-element elementor-element-7a22539 e-flex e-con-boxed e-con e-parent\" data-id=\"7a22539\" data-element_type=\"container\" data-e-type=\"container\">\n\t\t\t\t\t<div class=\"e-con-inner\">\n\t\t<div class=\"elementor-element elementor-element-f815282 e-con-full e-flex e-con e-child\" data-id=\"f815282\" data-element_type=\"container\" data-e-type=\"container\">\n\t\t\t\t<div class=\"elementor-element elementor-element-165a812 elementor-widget elementor-widget-heading\" data-id=\"165a812\" data-element_type=\"widget\" data-e-type=\"widget\" data-widget_type=\"heading.default\">\n\t\t\t\t\t<h2 class=\"elementor-heading-title elementor-size-default\">Leinenhanf-Seile Zweifarbig<\/h2>\t\t\t\t<\/div>\n\t\t\t\t<div class=\"elementor-element elementor-element-6fa6af0 elementor-widget elementor-widget-text-editor\" data-id=\"6fa6af0\" data-element_type=\"widget\" data-e-type=\"widget\" data-widget_type=\"text-editor.default\">\n\t\t\t\t\t\t\t\t\t<p style=\"text-align: center\">Alle angebotenen zweifarbigen Leinenhanfseile werden aktuell nur in der Exklusiv-Variante mit den kleinen Triskenknoten angeboten.\u00a0<\/p><p style=\"text-align: center\">Die Seile werden inklusive dem Knoten im ganzen gef\u00e4rbt und sind relativ stark durchgef\u00e4rbt, wenn auch nicht komplett. Das klappt nur dann, wenn das Garn (die einzelnen Str\u00e4nge) schon vor der eigentlichen Seilherstellung gef\u00e4rbt werden w\u00fcrde. Zur F\u00e4rbung selbst wird hochwertige Textilfarbe verwendet um ein sp\u00e4teres ausbluten zu verhindern. Die Farbe ist gut fixiert was es erm\u00f6glicht die Seile problemlos zu waschen. Vom Waschen in der Maschine rate ich generell ab, da die Seilstruktur stark darunter leiden w\u00fcrde. Stattdessen sollte man bei Bedarf eine Handw\u00e4sche vorziehen und die Seile unter Spannung trocknen. Am besten ist nach wie vor aber ein feuchter Lappen geeignet. Nach einer W\u00e4sche sollten die Seile auf jeden Fall wieder mit \u00d6l oder Wachs behandelt werden.<\/p><p style=\"text-align: center\">Weitere Tipps zur Pflege findest Du unter Wissenswertes.<\/p>\t\t\t\t\t\t\t\t<\/div>\n\t\t\t\t<div class=\"elementor-element elementor-element-7fd9fe0 elementor-widget elementor-widget-spacer\" data-id=\"7fd9fe0\" data-element_type=\"widget\" data-e-type=\"widget\" data-widget_type=\"spacer.default\">\n\t\t\t\t\t\t\t<div class=\"elementor-spacer\">\n\t\t\t<div class=\"elementor-spacer-inner\"><\/div>\n\t\t<\/div>\n\t\t\t\t\t\t<\/div>\n\t\t\t\t<\/div>\n\t\t\t\t\t<\/div>\n\t\t\t\t<\/div>\n\t\t<div class=\"elementor-element elementor-element-036b973 e-flex e-con-boxed e-con e-parent\" data-id=\"036b973\" data-element_type=\"container\" data-e-type=\"container\" data-settings=\"{&quot;background_background&quot;:&quot;classic&quot;}\">\n\t\t\t\t\t<div class=\"e-con-inner\">\n\t\t<div class=\"elementor-element elementor-element-99e2afe e-con-full e-flex e-con e-child\" data-id=\"99e2afe\" data-element_type=\"container\" data-e-type=\"container\" data-settings=\"{&quot;background_background&quot;:&quot;classic&quot;}\">\n\t\t\t\t<div class=\"elementor-element elementor-element-5021aa5 elementor-widget elementor-widget-heading\" data-id=\"5021aa5\" data-element_type=\"widget\" data-e-type=\"widget\" data-widget_type=\"heading.default\">\n\t\t\t\t\t<h2 class=\"elementor-heading-title elementor-size-default\">Exklusiv 5mm<\/h2>\t\t\t\t<\/div>\n\t\t\t\t<div class=\"elementor-element elementor-element-bcb7122 wl-columns-mobile_extra-2 wl-columns-mobile-2 wl-columns-3 elementor-widget elementor-widget-woolentor-custom-product-archive\" data-id=\"bcb7122\" data-element_type=\"widget\" data-e-type=\"widget\" data-widget_type=\"woolentor-custom-product-archive.default\">\n\t\t\t\t<div class=\"elementor-widget-container\">\n\t\t\t\t\t            <div class=\"ht-products woolentor-product-same-height\">\r\n                <div id=\"wl-shop-tab-area-bcb7122\" class=\"wl-shop-tab-area grid_view\">\r\n                    <div class=\"products-not-found\"><p class=\"woocommerce-info\">No products were found matching your selection.<\/p><\/div>                <\/div>\r\n            <\/div>\r\n\r\n            <script type=\"text\/javascript\">\r\n                ;jQuery(document).ready(function($) {\r\n                    var uniqid = 'bcb7122';\r\n                    function woolentor_tabs_pro( $tabmenus, $tabpane ){\r\n                        $tabmenus.on('click', 'a', function(e){\r\n                            e.preventDefault();\r\n                            var $this = $(this),\r\n                                $target = $this.attr('href'),\r\n                                $data = $this.data('tabvalue');\r\n                            $this.addClass('htactive').parent().siblings().children('a').removeClass('htactive');\r\n                            $( $tabpane ).removeClass('grid_view list_view');\r\n                            $( $tabpane ).addClass( $data );\r\n\r\n                            \/\/ refresh slick\r\n                            $id = $this.attr('href');\r\n                            $('.wl-shop-tab-area').find('.slick-slider').slick('refresh');\r\n                        });\r\n                    }\r\n                    woolentor_tabs_pro( $( \"#wl-shop-tab-links-\"+uniqid ), '#wl-shop-tab-area-'+uniqid );\r\n                });\r\n            <\/script>\r\n\r\n            \r\n            \t\t\t\t<\/div>\n\t\t\t\t<\/div>\n\t\t\t\t<\/div>\n\t\t\t\t\t<\/div>\n\t\t\t\t<\/div>\n\t\t<div class=\"elementor-element elementor-element-aebeef2 e-flex e-con-boxed e-con e-parent\" data-id=\"aebeef2\" data-element_type=\"container\" data-e-type=\"container\">\n\t\t\t\t\t<div class=\"e-con-inner\">\n\t\t<div class=\"elementor-element elementor-element-2dc1df0 e-con-full e-flex e-con e-child\" data-id=\"2dc1df0\" data-element_type=\"container\" data-e-type=\"container\">\n\t\t\t\t<div class=\"elementor-element elementor-element-a574764 elementor-widget elementor-widget-spacer\" data-id=\"a574764\" data-element_type=\"widget\" data-e-type=\"widget\" data-widget_type=\"spacer.default\">\n\t\t\t\t\t\t\t<div class=\"elementor-spacer\">\n\t\t\t<div class=\"elementor-spacer-inner\"><\/div>\n\t\t<\/div>\n\t\t\t\t\t\t<\/div>\n\t\t\t\t<div class=\"elementor-element elementor-element-ba39426 elementor-widget-divider--view-line elementor-widget elementor-widget-divider\" data-id=\"ba39426\" data-element_type=\"widget\" data-e-type=\"widget\" data-widget_type=\"divider.default\">\n\t\t\t\t\t\t\t<div class=\"elementor-divider\">\n\t\t\t<span class=\"elementor-divider-separator\">\n\t\t\t\t\t\t<\/span>\n\t\t<\/div>\n\t\t\t\t\t\t<\/div>\n\t\t\t\t<div class=\"elementor-element elementor-element-8a46d32 elementor-widget elementor-widget-spacer\" data-id=\"8a46d32\" data-element_type=\"widget\" data-e-type=\"widget\" data-widget_type=\"spacer.default\">\n\t\t\t\t\t\t\t<div class=\"elementor-spacer\">\n\t\t\t<div class=\"elementor-spacer-inner\"><\/div>\n\t\t<\/div>\n\t\t\t\t\t\t<\/div>\n\t\t\t\t<div class=\"elementor-element elementor-element-0824807 elementor-widget elementor-widget-heading\" data-id=\"0824807\" data-element_type=\"widget\" data-e-type=\"widget\" data-widget_type=\"heading.default\">\n\t\t\t\t\t<h2 class=\"elementor-heading-title elementor-size-default\">Die Seile zu Lang, zu Kurz oder das Set nicht passend?<\/h2>\t\t\t\t<\/div>\n\t\t\t\t<div class=\"elementor-element elementor-element-dbf7833 elementor-widget elementor-widget-text-editor\" data-id=\"dbf7833\" data-element_type=\"widget\" data-e-type=\"widget\" data-widget_type=\"text-editor.default\">\n\t\t\t\t\t\t\t\t\t<p>Gerne k\u00f6nnen wir individuell f\u00fcr dich ein Set deiner Wahl zusammenstellen. Wenn Du verschiedene L\u00e4ngen ben\u00f6tigst oder unterschiedliche Durchmesser kombinieren m\u00f6chtest melde dich einfach bei mir und ich erstelle Dir ein individuelles Angebot.<\/p>\t\t\t\t\t\t\t\t<\/div>\n\t\t\t\t<div class=\"elementor-element elementor-element-cd91420 premium-lq__none elementor-widget elementor-widget-premium-addon-button\" data-id=\"cd91420\" data-element_type=\"widget\" data-e-type=\"widget\" data-widget_type=\"premium-addon-button.default\">\n\t\t\t\t\t\n\n\t\t<a class=\"premium-button premium-button-none premium-btn-sm premium-button-none\" href=\"https:\/\/bavarian-bondage.de\/de\/kontaktformular\/\">\n\t\t\t<div class=\"premium-button-text-icon-wrapper\">\n\t\t\t\t\n\t\t\t\t\t\t\t\t\t<span >\n\t\t\t\t\t\tKontaktformular\t\t\t\t\t<\/span>\n\t\t\t\t\t\t\t<\/div>\n\n\t\t\t\n\t\t\t\n\t\t\t\n\t\t<\/a>\n\n\n\t\t\t\t\t\t<\/div>\n\t\t\t\t<\/div>\n\t\t\t\t\t<\/div>\n\t\t\t\t<\/div>\n\t\t\t\t<\/div>\n\t\t","protected":false},"excerpt":{"rendered":"<p>Leinenhanf-Seile Zweifarbig Alle angebotenen zweifarbigen Leinenhanfseile werden aktuell nur in der Exklusiv-Variante mit den kleinen Triskenknoten angeboten.\u00a0 Die Seile werden inklusive dem Knoten im ganzen gef\u00e4rbt und sind relativ stark durchgef\u00e4rbt, wenn auch nicht komplett. Das klappt nur dann, wenn das Garn (die einzelnen Str\u00e4nge) schon vor der eigentlichen Seilherstellung gef\u00e4rbt werden w\u00fcrde. Zur F\u00e4rbung [&hellip;]<\/p>\n","protected":false},"author":3,"featured_media":0,"parent":0,"menu_order":0,"comment_status":"closed","ping_status":"closed","template":"elementor_header_footer","meta":{"footnotes":""},"class_list":["post-1739","page","type-page","status-publish","hentry"],"_links":{"self":[{"href":"https:\/\/bavarian-bondage.de\/de\/wp-json\/wp\/v2\/pages\/1739","targetHints":{"allow":["GET"]}}],"collection":[{"href":"https:\/\/bavarian-bondage.de\/de\/wp-json\/wp\/v2\/pages"}],"about":[{"href":"https:\/\/bavarian-bondage.de\/de\/wp-json\/wp\/v2\/types\/page"}],"author":[{"embeddable":true,"href":"https:\/\/bavarian-bondage.de\/de\/wp-json\/wp\/v2\/users\/3"}],"replies":[{"embeddable":true,"href":"https:\/\/bavarian-bondage.de\/de\/wp-json\/wp\/v2\/comments?post=1739"}],"version-history":[{"count":36,"href":"https:\/\/bavarian-bondage.de\/de\/wp-json\/wp\/v2\/pages\/1739\/revisions"}],"predecessor-version":[{"id":13774,"href":"https:\/\/bavarian-bondage.de\/de\/wp-json\/wp\/v2\/pages\/1739\/revisions\/13774"}],"wp:attachment":[{"href":"https:\/\/bavarian-bondage.de\/de\/wp-json\/wp\/v2\/media?parent=1739"}],"curies":[{"name":"wp","href":"https:\/\/api.w.org\/{rel}","templated":true}]}}