{"id":8446,"date":"2023-01-29T18:05:42","date_gmt":"2023-01-29T17:05:42","guid":{"rendered":"https:\/\/bavarian-bondage.de\/?page_id=8446"},"modified":"2025-11-18T16:59:18","modified_gmt":"2025-11-18T15:59:18","slug":"juteseile-natur","status":"publish","type":"page","link":"https:\/\/bavarian-bondage.de\/de\/juteseile-natur\/","title":{"rendered":"Juteseile Natur"},"content":{"rendered":"\t\t<div data-elementor-type=\"wp-post\" data-elementor-id=\"8446\" class=\"elementor elementor-8446\" data-elementor-post-type=\"page\">\n\t\t\t\t<div class=\"elementor-element elementor-element-e464c43 e-flex e-con-boxed e-con e-parent\" data-id=\"e464c43\" data-element_type=\"container\" data-e-type=\"container\" data-settings=\"{&quot;background_background&quot;:&quot;classic&quot;}\">\n\t\t\t\t\t<div class=\"e-con-inner\">\n\t\t<div class=\"elementor-element elementor-element-13ea099 e-con-full e-flex e-con e-child\" data-id=\"13ea099\" data-element_type=\"container\" data-e-type=\"container\" data-settings=\"{&quot;background_background&quot;:&quot;classic&quot;}\">\n\t\t\t\t<div class=\"elementor-element elementor-element-40b57b6 elementor-widget elementor-widget-heading\" data-id=\"40b57b6\" data-element_type=\"widget\" data-e-type=\"widget\" data-widget_type=\"heading.default\">\n\t\t\t\t\t<h2 class=\"elementor-heading-title elementor-size-default\">Juteseile Natur<\/h2>\t\t\t\t<\/div>\n\t\t\t\t<div class=\"elementor-element elementor-element-ae1b0bf elementor-widget elementor-widget-text-editor\" data-id=\"ae1b0bf\" data-element_type=\"widget\" data-e-type=\"widget\" data-widget_type=\"text-editor.default\">\n\t\t\t\t\t\t\t\t\t<p>Bei Juteseilen gibt es zahlreiche Unterschiede und ebenso viele Vorlieben unserer Kunden. Daher haben wir insgesamt vier verschiedene Juteseile, mit unterschiedlichen Eigenschaften und Vorz\u00fcgen in unserem Sortiment.\u00a0<\/p><p>N\u00e4here Informationen findet ihr auf den einzelnen Produktseiten der Seile.<\/p>\t\t\t\t\t\t\t\t<\/div>\n\t\t\t\t<div class=\"elementor-element elementor-element-f5a47a1 elementor-widget elementor-widget-spacer\" data-id=\"f5a47a1\" data-element_type=\"widget\" data-e-type=\"widget\" data-widget_type=\"spacer.default\">\n\t\t\t\t\t\t\t<div class=\"elementor-spacer\">\n\t\t\t<div class=\"elementor-spacer-inner\"><\/div>\n\t\t<\/div>\n\t\t\t\t\t\t<\/div>\n\t\t\t\t<\/div>\n\t\t\t\t\t<\/div>\n\t\t\t\t<\/div>\n\t\t<div class=\"elementor-element elementor-element-2c6b960 e-flex e-con-boxed e-con e-parent\" data-id=\"2c6b960\" data-element_type=\"container\" data-e-type=\"container\">\n\t\t\t\t\t<div class=\"e-con-inner\">\n\t\t<div class=\"elementor-element elementor-element-8c5a5e7 e-con-full e-flex e-con e-child\" data-id=\"8c5a5e7\" data-element_type=\"container\" data-e-type=\"container\">\n\t\t\t\t<div class=\"elementor-element elementor-element-e6b776a elementor-widget elementor-widget-text-editor\" data-id=\"e6b776a\" data-element_type=\"widget\" data-e-type=\"widget\" data-widget_type=\"text-editor.default\">\n\t\t\t\t\t\t\t\t\t<p style=\"text-align: center\">Standard Jute<\/p>\t\t\t\t\t\t\t\t<\/div>\n\t\t\t\t<div class=\"elementor-element elementor-element-173f032 elementor-widget elementor-widget-text-editor\" data-id=\"173f032\" data-element_type=\"widget\" data-e-type=\"widget\" data-widget_type=\"text-editor.default\">\n\t\t\t\t\t\t\t\t\t<p style=\"text-align: center\">Unser g\u00fcnstiges Einsteigerseil bieten wir in 5mm und 6mm an. Es ist robust und mittelfest bis fest gedreht. Bei Verwendung wird es wie die meisten anderen Seile schnell weicher und geschmeidiger. Wie alle unserer ungef\u00e4rbten Seile ist auch die Standardjute in Klassik oder Exklusiv erh\u00e4ltlich.<\/p>\t\t\t\t\t\t\t\t<\/div>\n\t\t\t\t<div class=\"elementor-element elementor-element-1a7f322 elementor-widget elementor-widget-image\" data-id=\"1a7f322\" data-element_type=\"widget\" data-e-type=\"widget\" data-widget_type=\"image.default\">\n\t\t\t\t\t\t\t\t\t\t\t\t\t\t\t\t<a href=\"https:\/\/bavarian-bondage.de\/juteseil-standard\/\">\n\t\t\t\t\t\t\t<img fetchpriority=\"high\" decoding=\"async\" width=\"400\" height=\"200\" src=\"https:\/\/bavarian-bondage.de\/wp-content\/uploads\/2023\/01\/Standard-Jute-Vorschau.png\" class=\"attachment-full size-full wp-image-8282\" alt=\"\" srcset=\"https:\/\/bavarian-bondage.de\/wp-content\/uploads\/2023\/01\/Standard-Jute-Vorschau.png 400w, https:\/\/bavarian-bondage.de\/wp-content\/uploads\/2023\/01\/Standard-Jute-Vorschau-18x9.png 18w\" sizes=\"(max-width: 400px) 100vw, 400px\" title=\"\">\t\t\t\t\t\t\t\t<\/a>\n\t\t\t\t\t\t\t\t\t\t\t\t\t\t\t<\/div>\n\t\t\t\t<div class=\"elementor-element elementor-element-dba7a4c elementor-widget elementor-widget-spacer\" data-id=\"dba7a4c\" data-element_type=\"widget\" data-e-type=\"widget\" data-widget_type=\"spacer.default\">\n\t\t\t\t\t\t\t<div class=\"elementor-spacer\">\n\t\t\t<div class=\"elementor-spacer-inner\"><\/div>\n\t\t<\/div>\n\t\t\t\t\t\t<\/div>\n\t\t\t\t<\/div>\n\t\t<div class=\"elementor-element elementor-element-ded6750 e-con-full e-flex e-con e-child\" data-id=\"ded6750\" data-element_type=\"container\" data-e-type=\"container\">\n\t\t\t\t<div class=\"elementor-element elementor-element-11da9a5 elementor-widget elementor-widget-text-editor\" data-id=\"11da9a5\" data-element_type=\"widget\" data-e-type=\"widget\" data-widget_type=\"text-editor.default\">\n\t\t\t\t\t\t\t\t\t<p style=\"text-align: center\">High Class Jute<\/p>\t\t\t\t\t\t\t\t<\/div>\n\t\t\t\t<div class=\"elementor-element elementor-element-a261722 elementor-widget elementor-widget-text-editor\" data-id=\"a261722\" data-element_type=\"widget\" data-e-type=\"widget\" data-widget_type=\"text-editor.default\">\n\t\t\t\t\t\t\t\t\t<p style=\"text-align: center\">Wie der Name schon erahnen l\u00e4sst, ist es ein Seil in einer sehr guten Qualit\u00e4t. Hergestellt aus langfaseriger Tossa-Jute bieten wir es in 4mm, 5mm und 6mm Durchmesser an. Das Seil besticht durch eine sch\u00f6ne, gleichm\u00e4\u00dfige Struktur und perfekten Fessel-Eigenschaften. F\u00fcr Einsteiger und Profis bestens geeignet!<\/p>\t\t\t\t\t\t\t\t<\/div>\n\t\t\t\t<div class=\"elementor-element elementor-element-b30ca74 elementor-widget elementor-widget-image\" data-id=\"b30ca74\" data-element_type=\"widget\" data-e-type=\"widget\" data-widget_type=\"image.default\">\n\t\t\t\t\t\t\t\t\t\t\t\t\t\t\t\t<a href=\"https:\/\/bavarian-bondage.de\/juteseil-high-class\/\">\n\t\t\t\t\t\t\t<img decoding=\"async\" width=\"400\" height=\"200\" src=\"https:\/\/bavarian-bondage.de\/wp-content\/uploads\/2023\/01\/High-class-Jute-Vorschau.png\" class=\"attachment-full size-full wp-image-8280\" alt=\"\" srcset=\"https:\/\/bavarian-bondage.de\/wp-content\/uploads\/2023\/01\/High-class-Jute-Vorschau.png 400w, https:\/\/bavarian-bondage.de\/wp-content\/uploads\/2023\/01\/High-class-Jute-Vorschau-18x9.png 18w\" sizes=\"(max-width: 400px) 100vw, 400px\" title=\"\">\t\t\t\t\t\t\t\t<\/a>\n\t\t\t\t\t\t\t\t\t\t\t\t\t\t\t<\/div>\n\t\t\t\t<\/div>\n\t\t<div class=\"elementor-element elementor-element-947a217 e-con-full e-flex e-con e-child\" data-id=\"947a217\" data-element_type=\"container\" data-e-type=\"container\">\n\t\t\t\t<div class=\"elementor-element elementor-element-dedc42c elementor-widget elementor-widget-spacer\" data-id=\"dedc42c\" data-element_type=\"widget\" data-e-type=\"widget\" data-widget_type=\"spacer.default\">\n\t\t\t\t\t\t\t<div class=\"elementor-spacer\">\n\t\t\t<div class=\"elementor-spacer-inner\"><\/div>\n\t\t<\/div>\n\t\t\t\t\t\t<\/div>\n\t\t\t\t<div class=\"elementor-element elementor-element-569d4f1 elementor-widget elementor-widget-text-editor\" data-id=\"569d4f1\" data-element_type=\"widget\" data-e-type=\"widget\" data-widget_type=\"text-editor.default\">\n\t\t\t\t\t\t\t\t\t<p style=\"text-align: center\">S-Edition<\/p>\t\t\t\t\t\t\t\t<\/div>\n\t\t\t\t<div class=\"elementor-element elementor-element-445f526 elementor-widget elementor-widget-text-editor\" data-id=\"445f526\" data-element_type=\"widget\" data-e-type=\"widget\" data-widget_type=\"text-editor.default\">\n\t\t\t\t\t\t\t\t\t<p style=\"text-align: center\">Ein sehr festgedrehtes double ply Seil im S-Schlag, dass durch lang anhaltende Festigkeit und Stabilit\u00e4t \u00fcberzeugt. Des Weiteren fusselt es sehr wenig und ist im Vergleich zu anderen Juteseilen nicht sonderlich kratzend auf der Haut.<\/p>\t\t\t\t\t\t\t\t<\/div>\n\t\t\t\t<div class=\"elementor-element elementor-element-b8fbd7a elementor-widget elementor-widget-image\" data-id=\"b8fbd7a\" data-element_type=\"widget\" data-e-type=\"widget\" data-widget_type=\"image.default\">\n\t\t\t\t\t\t\t\t\t\t\t\t\t\t\t\t<a href=\"https:\/\/bavarian-bondage.de\/juteseile-s-edition\/\">\n\t\t\t\t\t\t\t<img decoding=\"async\" width=\"400\" height=\"200\" src=\"https:\/\/bavarian-bondage.de\/wp-content\/uploads\/2023\/01\/Jute-S-Line-Vorschau.png\" class=\"attachment-large size-large wp-image-8281\" alt=\"\" srcset=\"https:\/\/bavarian-bondage.de\/wp-content\/uploads\/2023\/01\/Jute-S-Line-Vorschau.png 400w, https:\/\/bavarian-bondage.de\/wp-content\/uploads\/2023\/01\/Jute-S-Line-Vorschau-18x9.png 18w\" sizes=\"(max-width: 400px) 100vw, 400px\" title=\"\">\t\t\t\t\t\t\t\t<\/a>\n\t\t\t\t\t\t\t\t\t\t\t\t\t\t\t<\/div>\n\t\t\t\t<\/div>\n\t\t<div class=\"elementor-element elementor-element-af9831a e-con-full e-flex e-con e-child\" data-id=\"af9831a\" data-element_type=\"container\" data-e-type=\"container\">\n\t\t\t\t<div class=\"elementor-element elementor-element-2808452 elementor-widget elementor-widget-spacer\" data-id=\"2808452\" data-element_type=\"widget\" data-e-type=\"widget\" data-widget_type=\"spacer.default\">\n\t\t\t\t\t\t\t<div class=\"elementor-spacer\">\n\t\t\t<div class=\"elementor-spacer-inner\"><\/div>\n\t\t<\/div>\n\t\t\t\t\t\t<\/div>\n\t\t\t\t<div class=\"elementor-element elementor-element-e43b577 elementor-widget elementor-widget-text-editor\" data-id=\"e43b577\" data-element_type=\"widget\" data-e-type=\"widget\" data-widget_type=\"text-editor.default\">\n\t\t\t\t\t\t\t\t\t<p style=\"text-align: center\">Jute Soft<\/p>\t\t\t\t\t\t\t\t<\/div>\n\t\t\t\t<div class=\"elementor-element elementor-element-7bf76ae elementor-widget elementor-widget-text-editor\" data-id=\"7bf76ae\" data-element_type=\"widget\" data-e-type=\"widget\" data-widget_type=\"text-editor.default\">\n\t\t\t\t\t\t\t\t\t<p style=\"text-align: center\">Ein sehr weiches und flauschiges Seil mit einer sch\u00f6nen goldenen Farbe. Durch den sehr lockeren Schlag l\u00e4sst sich dieses links gedrehte Seil \u00e4u\u00dferst schnell und widerstandslos fesseln. F\u00fcr Anf\u00e4nger ist es nicht unbedingt die beste Wahl.<\/p>\t\t\t\t\t\t\t\t<\/div>\n\t\t\t\t<div class=\"elementor-element elementor-element-1e7118f elementor-widget elementor-widget-image\" data-id=\"1e7118f\" data-element_type=\"widget\" data-e-type=\"widget\" data-widget_type=\"image.default\">\n\t\t\t\t\t\t\t\t\t\t\t\t\t\t\t\t<a href=\"https:\/\/bavarian-bondage.de\/jute-soft\/\">\n\t\t\t\t\t\t\t<img loading=\"lazy\" decoding=\"async\" width=\"400\" height=\"200\" src=\"https:\/\/bavarian-bondage.de\/wp-content\/uploads\/2025\/11\/Jute-Soft.png\" class=\"attachment-large size-large wp-image-16131\" alt=\"\" srcset=\"https:\/\/bavarian-bondage.de\/wp-content\/uploads\/2025\/11\/Jute-Soft.png 400w, https:\/\/bavarian-bondage.de\/wp-content\/uploads\/2025\/11\/Jute-Soft-18x9.png 18w\" sizes=\"(max-width: 400px) 100vw, 400px\" title=\"\">\t\t\t\t\t\t\t\t<\/a>\n\t\t\t\t\t\t\t\t\t\t\t\t\t\t\t<\/div>\n\t\t\t\t<div class=\"elementor-element elementor-element-9d4f510 elementor-widget elementor-widget-spacer\" data-id=\"9d4f510\" data-element_type=\"widget\" data-e-type=\"widget\" data-widget_type=\"spacer.default\">\n\t\t\t\t\t\t\t<div class=\"elementor-spacer\">\n\t\t\t<div class=\"elementor-spacer-inner\"><\/div>\n\t\t<\/div>\n\t\t\t\t\t\t<\/div>\n\t\t\t\t<\/div>\n\t\t\t\t\t<\/div>\n\t\t\t\t<\/div>\n\t\t\t\t<\/div>\n\t\t","protected":false},"excerpt":{"rendered":"<p>Juteseile Natur Bei Juteseilen gibt es zahlreiche Unterschiede und ebenso viele Vorlieben unserer Kunden. Daher haben wir insgesamt vier verschiedene Juteseile, mit unterschiedlichen Eigenschaften und Vorz\u00fcgen in unserem Sortiment.\u00a0 N\u00e4here Informationen findet ihr auf den einzelnen Produktseiten der Seile. Standard Jute Unser g\u00fcnstiges Einsteigerseil bieten wir in 5mm und 6mm an. Es ist robust und [&hellip;]<\/p>\n","protected":false},"author":3,"featured_media":0,"parent":0,"menu_order":0,"comment_status":"closed","ping_status":"closed","template":"elementor_header_footer","meta":{"footnotes":""},"class_list":["post-8446","page","type-page","status-publish","hentry"],"_links":{"self":[{"href":"https:\/\/bavarian-bondage.de\/de\/wp-json\/wp\/v2\/pages\/8446","targetHints":{"allow":["GET"]}}],"collection":[{"href":"https:\/\/bavarian-bondage.de\/de\/wp-json\/wp\/v2\/pages"}],"about":[{"href":"https:\/\/bavarian-bondage.de\/de\/wp-json\/wp\/v2\/types\/page"}],"author":[{"embeddable":true,"href":"https:\/\/bavarian-bondage.de\/de\/wp-json\/wp\/v2\/users\/3"}],"replies":[{"embeddable":true,"href":"https:\/\/bavarian-bondage.de\/de\/wp-json\/wp\/v2\/comments?post=8446"}],"version-history":[{"count":5,"href":"https:\/\/bavarian-bondage.de\/de\/wp-json\/wp\/v2\/pages\/8446\/revisions"}],"predecessor-version":[{"id":16216,"href":"https:\/\/bavarian-bondage.de\/de\/wp-json\/wp\/v2\/pages\/8446\/revisions\/16216"}],"wp:attachment":[{"href":"https:\/\/bavarian-bondage.de\/de\/wp-json\/wp\/v2\/media?parent=8446"}],"curies":[{"name":"wp","href":"https:\/\/api.w.org\/{rel}","templated":true}]}}