{"id":10206,"date":"2022-04-23T16:44:10","date_gmt":"2022-04-23T14:44:10","guid":{"rendered":"https:\/\/bavarian-bondage.de\/?post_type=product&#038;p=10206"},"modified":"2026-03-16T12:23:45","modified_gmt":"2026-03-16T11:23:45","slug":"ropecutter","status":"publish","type":"product","link":"https:\/\/bavarian-bondage.de\/de\/produkt\/ropecutter\/","title":{"rendered":"Rope Cutter"},"content":{"rendered":"<h3 style=\"text-align: center\">Ropecutter (Seilschneider)<\/h3>\n<p style=\"text-align: center\">Dieses kleine, zweischneidige Tool ist perfekt zum Zerschneiden von Bondageseilen bis 8mm ausgelegt.<\/p>\n<p style=\"text-align: center\">Geliefert wird das Tool mit einer Nylontasche, die sich zum Beispiel an G\u00fcrteln befestigen l\u00e4sst, sowie zwei Ersatzklingen. Durch den Klettverschluss wird es sicher im T\u00e4schchen gehalten.<\/p>\n<p style=\"text-align: center\">Ein kleines, scharfes und effektives Tool f\u00fcr den Notfall!<\/p>\n<p><strong>Details:<\/strong><\/p>\n<p>Material: Kunststoff, Nylon, Metall<br \/>\nGesamtl\u00e4nge mit Schlaufe: 20cm<br \/>\nL\u00e4nge ohne Schlaufe: 9cm<br \/>\nTaschenma\u00df: L 10cm; B 5cm<\/p>\n<p>&nbsp;<\/p>\n<p><strong>Lieferumfang: <\/strong>1 Ropecutter mit Nylontasche<\/p>\n<p>&nbsp;<\/p>\n<hr \/>\n<blockquote>\n<p style=\"text-align: center\"><span style=\"color: #333399\">Die Angaben zu den Produkten erfolgt nach bestem Wissen und Gewissen. Alle Ma\u00dfe sind ca-Angaben. Die Benutzung der hier im Shop angebotenen Produkte ist auf eigene Gefahr. Jeder Mensch reagiert anders auf \u00e4u\u00dfere Einwirkungen, auf Lust oder Schmerz usw. Daher kann diesbez\u00fcglich f\u00fcr unsachgem\u00e4\u00dfe Anwendung keine Haftung \u00fcbernommen werden. \u00a0Jeder Benutzer tr\u00e4gt die volle Verantwortung f\u00fcr die Verwendung bzw den richtigen Gebrauch der Produkte und dessen unvorhersehbaren Folgen.<\/span><\/p>\n<\/blockquote>\n","protected":false},"excerpt":{"rendered":"<p>Lieferzeit: 5-7 Tage*<\/p>\n","protected":false},"featured_media":14061,"template":"","meta":[],"product_brand":[],"product_cat":[223],"product_tag":[],"class_list":{"0":"post-10206","1":"product","2":"type-product","3":"status-publish","4":"has-post-thumbnail","6":"product_cat-zubehoer","8":"first","9":"instock","10":"taxable","11":"shipping-taxable","12":"purchasable","13":"product-type-variable"},"_links":{"self":[{"href":"https:\/\/bavarian-bondage.de\/de\/wp-json\/wp\/v2\/product\/10206","targetHints":{"allow":["GET"]}}],"collection":[{"href":"https:\/\/bavarian-bondage.de\/de\/wp-json\/wp\/v2\/product"}],"about":[{"href":"https:\/\/bavarian-bondage.de\/de\/wp-json\/wp\/v2\/types\/product"}],"version-history":[{"count":5,"href":"https:\/\/bavarian-bondage.de\/de\/wp-json\/wp\/v2\/product\/10206\/revisions"}],"predecessor-version":[{"id":16517,"href":"https:\/\/bavarian-bondage.de\/de\/wp-json\/wp\/v2\/product\/10206\/revisions\/16517"}],"wp:featuredmedia":[{"embeddable":true,"href":"https:\/\/bavarian-bondage.de\/de\/wp-json\/wp\/v2\/media\/14061"}],"wp:attachment":[{"href":"https:\/\/bavarian-bondage.de\/de\/wp-json\/wp\/v2\/media?parent=10206"}],"wp:term":[{"taxonomy":"product_brand","embeddable":true,"href":"https:\/\/bavarian-bondage.de\/de\/wp-json\/wp\/v2\/product_brand?post=10206"},{"taxonomy":"product_cat","embeddable":true,"href":"https:\/\/bavarian-bondage.de\/de\/wp-json\/wp\/v2\/product_cat?post=10206"},{"taxonomy":"product_tag","embeddable":true,"href":"https:\/\/bavarian-bondage.de\/de\/wp-json\/wp\/v2\/product_tag?post=10206"}],"curies":[{"name":"wp","href":"https:\/\/api.w.org\/{rel}","templated":true}]}}