{"id":14355,"date":"2024-12-27T13:38:50","date_gmt":"2024-12-27T12:38:50","guid":{"rendered":"https:\/\/bavarian-bondage.de\/?post_type=product&#038;p=14355"},"modified":"2025-09-09T07:50:50","modified_gmt":"2025-09-09T05:50:50","slug":"aluminium-karabiner-schwarz","status":"publish","type":"product","link":"https:\/\/bavarian-bondage.de\/de\/produkt\/aluminium-karabiner-schwarz\/","title":{"rendered":"Aluminium Karabiner Schwarz"},"content":{"rendered":"<h3 style=\"text-align: center\">Alu Karabiner Schwarz<\/h3>\n<p style=\"text-align: center\">Der Aluminium Karabiner ist normalerweise im Klettersport beheimatet. Es ist ein Sicherheitskarabiner, mit Drehverschluss.<\/p>\n<p style=\"text-align: center\">Sehr gut geeignet f\u00fcr die Befestigung eines Rings, direkt am Ring oder nat\u00fcrlich auch an den Seilen selbst.\u00a0 Es gibt weder scharfe noch eckige Kanten, die ein Seil besch\u00e4digen k\u00f6nnten.<\/p>\n<p>&nbsp;<\/p>\n<h3 style=\"text-align: center\"><\/h3>\n<p><strong>Details:<\/strong><\/p>\n<p>Material: Aluminium<br \/>\nGr\u00f6\u00dfe: L 9,5cm \/ B 6cm<br \/>\n\u00d6ffnung: 1,7cm<br \/>\nTragkraft: geschlossen 25 KN<br \/>\nGewicht: ca.50g<br \/>\nFarbe: schwarz<br \/>\nEN12275 2008<\/p>\n<p>&nbsp;<\/p>\n<p><strong>Lieferumfang:<\/strong> 1 Aluminium Karabiner Schwarz<\/p>\n<p>&nbsp;<\/p>\n<hr \/>\n<blockquote>\n<p style=\"text-align: center\"><span style=\"color: #333399\">Die Angaben zu den Produkten erfolgt nach bestem Wissen und Gewissen. Alle Ma\u00dfe sind ca-Angaben. Die Benutzung der hier im Shop angebotenen Produkte ist auf eigene Gefahr. Jeder Mensch reagiert anders auf \u00e4u\u00dfere Einwirkungen, auf Lust oder Schmerz usw. Daher kann diesbez\u00fcglich f\u00fcr unsachgem\u00e4\u00dfe Anwendung keine Haftung \u00fcbernommen werden. \u00a0Jeder Benutzer tr\u00e4gt die volle Verantwortung f\u00fcr die Verwendung bzw. den richtigen Gebrauch der Produkte und dessen unvorhersehbaren Folgen.<\/span><\/p>\n<\/blockquote>\n","protected":false},"excerpt":{"rendered":"<p>Lieferzeit: 5-7 Tage*<\/p>\n","protected":false},"featured_media":14356,"template":"","meta":[],"product_brand":[],"product_cat":[222,223,233],"product_tag":[],"class_list":{"0":"post-14355","1":"product","2":"type-product","3":"status-publish","4":"has-post-thumbnail","6":"product_cat-alle-produkte","7":"product_cat-zubehoer","8":"product_cat-bondage-zubehoer","10":"first","11":"outofstock","12":"taxable","13":"shipping-taxable","14":"purchasable","15":"product-type-simple"},"_links":{"self":[{"href":"https:\/\/bavarian-bondage.de\/de\/wp-json\/wp\/v2\/product\/14355","targetHints":{"allow":["GET"]}}],"collection":[{"href":"https:\/\/bavarian-bondage.de\/de\/wp-json\/wp\/v2\/product"}],"about":[{"href":"https:\/\/bavarian-bondage.de\/de\/wp-json\/wp\/v2\/types\/product"}],"version-history":[{"count":1,"href":"https:\/\/bavarian-bondage.de\/de\/wp-json\/wp\/v2\/product\/14355\/revisions"}],"predecessor-version":[{"id":14357,"href":"https:\/\/bavarian-bondage.de\/de\/wp-json\/wp\/v2\/product\/14355\/revisions\/14357"}],"wp:featuredmedia":[{"embeddable":true,"href":"https:\/\/bavarian-bondage.de\/de\/wp-json\/wp\/v2\/media\/14356"}],"wp:attachment":[{"href":"https:\/\/bavarian-bondage.de\/de\/wp-json\/wp\/v2\/media?parent=14355"}],"wp:term":[{"taxonomy":"product_brand","embeddable":true,"href":"https:\/\/bavarian-bondage.de\/de\/wp-json\/wp\/v2\/product_brand?post=14355"},{"taxonomy":"product_cat","embeddable":true,"href":"https:\/\/bavarian-bondage.de\/de\/wp-json\/wp\/v2\/product_cat?post=14355"},{"taxonomy":"product_tag","embeddable":true,"href":"https:\/\/bavarian-bondage.de\/de\/wp-json\/wp\/v2\/product_tag?post=14355"}],"curies":[{"name":"wp","href":"https:\/\/api.w.org\/{rel}","templated":true}]}}