{"id":15911,"date":"2025-11-16T12:56:00","date_gmt":"2025-11-16T11:56:00","guid":{"rendered":"https:\/\/bavarian-bondage.de\/?post_type=product&#038;p=15911"},"modified":"2026-04-12T09:14:45","modified_gmt":"2026-04-12T07:14:45","slug":"autschis-v2","status":"publish","type":"product","link":"https:\/\/bavarian-bondage.de\/de\/produkt\/autschis-v2\/","title":{"rendered":"Autschis V2"},"content":{"rendered":"<h3 style=\"text-align: center\">Autschis V 2<\/h3>\n<p style=\"text-align: center\" data-start=\"0\" data-end=\"542\">Die handgefertigten Autschis aus ge\u00f6ltem Holz sind speziell f\u00fcr den Einsatz in Bondage- und Shibari-Praktiken entwickelt. Das hochwertige, glatt geschliffene Holz sorgt f\u00fcr eine angenehme Haptik und zuverl\u00e4ssige Stabilit\u00e4t. Auf der Unterseite befinden sich zwei Kerben, die optimalen Halt f\u00fcr Seile bieten und ein Verrutschen w\u00e4hrend der Anwendung verhindern. Die Oberseite ist mit einem Spike versehen, die gezielte Druckpunkte erm\u00f6glichen und das Spiel um zus\u00e4tzliche Reize erweitern.<\/p>\n<p style=\"text-align: center\" data-start=\"544\" data-end=\"917\">Mit einem Durchmesser von 3,6 cm, einer H\u00f6he von 2,5 cm und einem Gewicht von nur 10 g pro St\u00fcck sind die Autschis kompakt, leicht und vielseitig einsetzbar. Sie lassen sich flexibel in verschiedene Fesseltechniken integrieren. Geliefert wird ein Set aus zwei St\u00fcck, ideal f\u00fcr symmetrische Anwendungen oder abwechslungsreiche Kombinationen.<\/p>\n<p><strong>Details:<\/strong><\/p>\n<p>Material: wahlweise Ahorn oder Nussbaum<br \/>\nFarbe: Ahorn oder Nussbaum<br \/>\nDurchmesser: 3,6cm<br \/>\nH\u00f6he: 2,5cm<br \/>\nGewicht: Ca. 10 g pro St\u00fcck<\/p>\n<p>&nbsp;<\/p>\n<p>&nbsp;<\/p>\n<p><strong>Lieferumfang:<\/strong> Autschies V1, 2 St\u00fcck<\/p>\n<p>&nbsp;<\/p>\n<hr \/>\n<blockquote>\n<p style=\"text-align: center\"><span style=\"color: #333399\">Die Angaben zu den Produkten erfolgt nach bestem Wissen und Gewissen. Alle Ma\u00dfe sind ca-Angaben. Die Benutzung der hier im Shop angebotenen Produkte ist auf eigene Gefahr. Jeder Mensch reagiert anders auf \u00e4u\u00dfere Einwirkungen, auf Lust oder Schmerz usw. Daher kann diesbez\u00fcglich f\u00fcr unsachgem\u00e4\u00dfe Anwendung keine Haftung \u00fcbernommen werden. \u00a0Jeder Benutzer tr\u00e4gt die volle Verantwortung f\u00fcr die Verwendung bzw den richtigen Gebrauch der Produkte und dessen unvorhersehbaren Folgen.<\/span><\/p>\n<\/blockquote>\n","protected":false},"excerpt":{"rendered":"<p>Lieferzeit: 5-7 Tage<\/p>\n","protected":false},"featured_media":15922,"template":"","meta":[],"product_brand":[],"product_cat":[223],"product_tag":[],"class_list":{"0":"post-15911","1":"product","2":"type-product","3":"status-publish","4":"has-post-thumbnail","6":"product_cat-zubehoer","8":"first","9":"instock","10":"taxable","11":"shipping-taxable","12":"purchasable","13":"product-type-variable"},"_links":{"self":[{"href":"https:\/\/bavarian-bondage.de\/de\/wp-json\/wp\/v2\/product\/15911","targetHints":{"allow":["GET"]}}],"collection":[{"href":"https:\/\/bavarian-bondage.de\/de\/wp-json\/wp\/v2\/product"}],"about":[{"href":"https:\/\/bavarian-bondage.de\/de\/wp-json\/wp\/v2\/types\/product"}],"version-history":[{"count":3,"href":"https:\/\/bavarian-bondage.de\/de\/wp-json\/wp\/v2\/product\/15911\/revisions"}],"predecessor-version":[{"id":15928,"href":"https:\/\/bavarian-bondage.de\/de\/wp-json\/wp\/v2\/product\/15911\/revisions\/15928"}],"wp:featuredmedia":[{"embeddable":true,"href":"https:\/\/bavarian-bondage.de\/de\/wp-json\/wp\/v2\/media\/15922"}],"wp:attachment":[{"href":"https:\/\/bavarian-bondage.de\/de\/wp-json\/wp\/v2\/media?parent=15911"}],"wp:term":[{"taxonomy":"product_brand","embeddable":true,"href":"https:\/\/bavarian-bondage.de\/de\/wp-json\/wp\/v2\/product_brand?post=15911"},{"taxonomy":"product_cat","embeddable":true,"href":"https:\/\/bavarian-bondage.de\/de\/wp-json\/wp\/v2\/product_cat?post=15911"},{"taxonomy":"product_tag","embeddable":true,"href":"https:\/\/bavarian-bondage.de\/de\/wp-json\/wp\/v2\/product_tag?post=15911"}],"curies":[{"name":"wp","href":"https:\/\/api.w.org\/{rel}","templated":true}]}}