{"id":16050,"date":"2025-11-17T17:18:10","date_gmt":"2025-11-17T16:18:10","guid":{"rendered":"https:\/\/bavarian-bondage.de\/?post_type=product&#038;p=16050"},"modified":"2025-11-18T16:52:21","modified_gmt":"2025-11-18T15:52:21","slug":"jute-soft-5mm-exklusiv-set-10x8m-und-2x4m","status":"publish","type":"product","link":"https:\/\/bavarian-bondage.de\/de\/produkt\/jute-soft-5mm-exklusiv-set-10x8m-und-2x4m\/","title":{"rendered":"Jute Soft 5mm EXKLUSIV; Set 10x8m und 2x4m"},"content":{"rendered":"<h3 style=\"text-align: center\">Jute Soft 5mm EXKLUSIV<\/h3>\n<p style=\"text-align: center\">Das gro\u00dfe Profi-Set bietet jede Menge Seil f\u00fcr anspruchsvolle Fesselungen. Die zwei kurzen Seile erg\u00e4nzen das Set optimal und bieten vielseitige Einsatzm\u00f6glichkeiten! Unser Jute Soft besticht durch eine sehr sch\u00f6ne goldene Farbe und ein sehr weiches Hautgef\u00fchl. Durch den sehr lockeren S-Schlag l\u00e4sst sich das Seil quasi ohne Widerstand f\u00fchren, was ein sehr schnelles fesseln erm\u00f6glicht.<\/p>\n<p style=\"text-align: center\">Schon bei der Herstellung der Seile wird auf beste Garn-Qualit\u00e4t geachtet, was dem sp\u00e4teren Einsatz sehr zugutekommt. Die Seile werden von Hand auf schonende wei\u00dfe weiterverarbeitet und veredelt.<\/p>\n<p style=\"text-align: center\">Die Enden sind kleinen Trisken-Knoten versehen.<\/p>\n<p style=\"text-align: center\"><strong>Da die Seile wirklich sehr locker geschlagen sind und man schnell zwischen die einzelnen Litzen greifen kann, empfehlen wir es nur an Anwender mit etwas Erfahrung! Wenn ihr euch nicht sicher seid, empfiehlt es sich nur ein Testseil zu bestellen.<\/strong><\/p>\n<p style=\"text-align: center\"><span style=\"color: #ff0000\"><strong>Die Seile sollten nicht f\u00fcr Uplines (Trageseile) verwendet werden, da die Bruchlast geringer ausf\u00e4llt als bei unseren anderen Juteseilen!<\/strong><\/span><\/p>\n<p>&nbsp;<\/p>\n<p><strong>Details:<\/strong><\/p>\n<p>Jute Soft 5mm EXKLUSIV<br \/>\n3-sch\u00e4ftig gedreht<br \/>\nHeller goldener Farbton<br \/>\nKleine Endknoten<br \/>\nL\u00e4nge: 10x8m und 2x4m<br \/>\n(Die Seill\u00e4nge kann bis zu 3% der L\u00e4ngenangabe abweichen.)<\/p>\n<p>&nbsp;<\/p>\n<p><span style=\"color: #ff0000\"><strong>Hinweis:<\/strong><\/span><\/p>\n<p>Seile regelm\u00e4\u00dfig auf Verschlei\u00df und Besch\u00e4digungen kontrollieren!<br \/>\nBei geschlagenen bzw. gedrehten Seilen kann es passieren, dass diese sich bei der Verwendung lockern!<br \/>\nJuteseile nicht waschen. Am besten mit einem feuchten Lappen reinigen.<\/p>\n<p>&nbsp;<\/p>\n<p><strong>Lieferumfang:<\/strong> 10x8m und 2x4m Jute Soft EXKLUSIV<\/p>\n<p>&nbsp;<\/p>\n<p>&nbsp;<\/p>\n<hr \/>\n<blockquote>\n<p style=\"text-align: center\"><span style=\"color: #333399\">Die Angaben zu den Produkten erfolgt nach bestem Wissen und Gewissen. Alle Ma\u00dfe sind ca-Angaben. Die Benutzung der hier im Shop angebotenen Produkte ist auf eigene Gefahr. Jeder Mensch reagiert anders auf \u00e4u\u00dfere Einwirkungen, auf Lust oder Schmerz usw. Daher kann diesbez\u00fcglich f\u00fcr unsachgem\u00e4\u00dfe Anwendung keine Haftung \u00fcbernommen werden. \u00a0Jeder Benutzer tr\u00e4gt die volle Verantwortung f\u00fcr die Verwendung bzw den richtigen Gebrauch der Produkte und dessen unvorhersehbaren Folgen.<\/span><\/p>\n<\/blockquote>\n","protected":false},"excerpt":{"rendered":"<p>Grundpreis: 2,39 \u20ac\/m<\/p>\n<p>Lieferzeit: 5-7 Tage*<\/p>\n","protected":false},"featured_media":16127,"template":"","meta":[],"product_brand":[],"product_cat":[222,294,562,216],"product_tag":[261,273,297,559],"class_list":{"0":"post-16050","1":"product","2":"type-product","3":"status-publish","4":"has-post-thumbnail","6":"product_cat-alle-produkte","7":"product_cat-juteseile","8":"product_cat-jute-soft-5mm-exklusiv","9":"product_cat-bondageseile","10":"product_tag-bondageseil","11":"product_tag-5mm","12":"product_tag-juteseil","13":"product_tag-jute-soft","15":"first","16":"instock","17":"taxable","18":"shipping-taxable","19":"purchasable","20":"product-type-simple"},"_links":{"self":[{"href":"https:\/\/bavarian-bondage.de\/de\/wp-json\/wp\/v2\/product\/16050","targetHints":{"allow":["GET"]}}],"collection":[{"href":"https:\/\/bavarian-bondage.de\/de\/wp-json\/wp\/v2\/product"}],"about":[{"href":"https:\/\/bavarian-bondage.de\/de\/wp-json\/wp\/v2\/types\/product"}],"version-history":[{"count":4,"href":"https:\/\/bavarian-bondage.de\/de\/wp-json\/wp\/v2\/product\/16050\/revisions"}],"predecessor-version":[{"id":16178,"href":"https:\/\/bavarian-bondage.de\/de\/wp-json\/wp\/v2\/product\/16050\/revisions\/16178"}],"wp:featuredmedia":[{"embeddable":true,"href":"https:\/\/bavarian-bondage.de\/de\/wp-json\/wp\/v2\/media\/16127"}],"wp:attachment":[{"href":"https:\/\/bavarian-bondage.de\/de\/wp-json\/wp\/v2\/media?parent=16050"}],"wp:term":[{"taxonomy":"product_brand","embeddable":true,"href":"https:\/\/bavarian-bondage.de\/de\/wp-json\/wp\/v2\/product_brand?post=16050"},{"taxonomy":"product_cat","embeddable":true,"href":"https:\/\/bavarian-bondage.de\/de\/wp-json\/wp\/v2\/product_cat?post=16050"},{"taxonomy":"product_tag","embeddable":true,"href":"https:\/\/bavarian-bondage.de\/de\/wp-json\/wp\/v2\/product_tag?post=16050"}],"curies":[{"name":"wp","href":"https:\/\/api.w.org\/{rel}","templated":true}]}}