{"id":16863,"date":"2026-02-26T16:50:07","date_gmt":"2026-02-26T15:50:07","guid":{"rendered":"https:\/\/bavarian-bondage.de\/?post_type=product&#038;p=16863"},"modified":"2026-02-26T16:51:19","modified_gmt":"2026-02-26T15:51:19","slug":"furoshiki-tasche-10","status":"publish","type":"product","link":"https:\/\/bavarian-bondage.de\/de\/produkt\/furoshiki-tasche-10\/","title":{"rendered":"Furoshiki Tasche 10"},"content":{"rendered":"<h3 style=\"text-align: center\">Furoshiki Tasche 10<\/h3>\n<p style=\"text-align: center\" data-start=\"124\" data-end=\"319\">Die Furoshiki-Taschen eignen sich ideal f\u00fcr den sicheren und stilvollen Transport deiner Seile. Die hochwertig verarbeiteten Seiltaschen verbinden Funktionalit\u00e4t mit einem schlichten, klassischen Design.<\/p>\n<p style=\"text-align: center\" data-start=\"321\" data-end=\"610\">Jede der Taschen ist ein Unikat und wird von Denise Knoblich mit Liebe zum Detail gen\u00e4ht. Die Furoshikis bestechen durch ihre Langlebigkeit, eine angenehme Haptik und ein gro\u00dfz\u00fcgiges Format, das gen\u00fcgend Platz bietet.<\/p>\n<p style=\"text-align: center\" data-start=\"321\" data-end=\"610\">Neben der Tasche sind noch zwei farblich passende Augenbinden mit dabei!<\/p>\n<p><strong>Details:<\/strong><\/p>\n<p><strong>Material:<\/strong> 100% Baumwolle<br \/>\n<strong>Gr\u00f6\u00dfe Tasche:<\/strong> 100cm x 100cm<br \/>\n<strong>Gr\u00f6\u00dfe Augenbinden: <\/strong>90cm x 11cm<br \/>\n<strong>Gewicht:<\/strong> ca. 300g<br \/>\n<strong>Farbe\/Motiv:<\/strong> siehe Bild<\/p>\n<p>&nbsp;<\/p>\n<p>&nbsp;<\/p>\n<p><strong>Lieferumfang:<\/strong> 1x Furoshiki-Tasche 10, 2x farblich passende Augenbinde<\/p>\n<p>&nbsp;<\/p>\n<hr \/>\n<blockquote>\n<p style=\"text-align: center\"><span style=\"color: #333399\">Die Angaben zu den Produkten erfolgt nach bestem Wissen und Gewissen. Alle Ma\u00dfe sind ca-Angaben. Die Benutzung der hier im Shop angebotenen Produkte ist auf eigene Gefahr. Jeder Mensch reagiert anders auf \u00e4u\u00dfere Einwirkungen, auf Lust oder Schmerz usw. Daher kann diesbez\u00fcglich f\u00fcr unsachgem\u00e4\u00dfe Anwendung keine Haftung \u00fcbernommen werden. \u00a0Jeder Benutzer tr\u00e4gt die volle Verantwortung f\u00fcr die Verwendung bzw den richtigen Gebrauch der Produkte und dessen unvorhersehbaren Folgen.<\/span><\/p>\n<\/blockquote>\n","protected":false},"excerpt":{"rendered":"<p>100% Baumwolle<\/p>\n<p>Lieferzeit: 5-7 Tage*<\/p>\n","protected":false},"featured_media":16865,"template":"","meta":[],"product_brand":[],"product_cat":[15,223],"product_tag":[],"class_list":{"0":"post-16863","1":"product","2":"type-product","3":"status-publish","4":"has-post-thumbnail","6":"product_cat-unkategorisiert","7":"product_cat-zubehoer","9":"first","10":"instock","11":"taxable","12":"shipping-taxable","13":"purchasable","14":"product-type-simple"},"_links":{"self":[{"href":"https:\/\/bavarian-bondage.de\/de\/wp-json\/wp\/v2\/product\/16863","targetHints":{"allow":["GET"]}}],"collection":[{"href":"https:\/\/bavarian-bondage.de\/de\/wp-json\/wp\/v2\/product"}],"about":[{"href":"https:\/\/bavarian-bondage.de\/de\/wp-json\/wp\/v2\/types\/product"}],"version-history":[{"count":2,"href":"https:\/\/bavarian-bondage.de\/de\/wp-json\/wp\/v2\/product\/16863\/revisions"}],"predecessor-version":[{"id":16866,"href":"https:\/\/bavarian-bondage.de\/de\/wp-json\/wp\/v2\/product\/16863\/revisions\/16866"}],"wp:featuredmedia":[{"embeddable":true,"href":"https:\/\/bavarian-bondage.de\/de\/wp-json\/wp\/v2\/media\/16865"}],"wp:attachment":[{"href":"https:\/\/bavarian-bondage.de\/de\/wp-json\/wp\/v2\/media?parent=16863"}],"wp:term":[{"taxonomy":"product_brand","embeddable":true,"href":"https:\/\/bavarian-bondage.de\/de\/wp-json\/wp\/v2\/product_brand?post=16863"},{"taxonomy":"product_cat","embeddable":true,"href":"https:\/\/bavarian-bondage.de\/de\/wp-json\/wp\/v2\/product_cat?post=16863"},{"taxonomy":"product_tag","embeddable":true,"href":"https:\/\/bavarian-bondage.de\/de\/wp-json\/wp\/v2\/product_tag?post=16863"}],"curies":[{"name":"wp","href":"https:\/\/api.w.org\/{rel}","templated":true}]}}