{"id":2915,"date":"2020-10-17T12:56:19","date_gmt":"2020-10-17T10:56:19","guid":{"rendered":"https:\/\/bavarian-bondage.tivendo.com\/produkt\/import-placeholder-for-299\/"},"modified":"2026-03-04T06:03:40","modified_gmt":"2026-03-04T05:03:40","slug":"anal-hook","status":"publish","type":"product","link":"https:\/\/bavarian-bondage.de\/de\/produkt\/anal-hook\/","title":{"rendered":"Anal Hook"},"content":{"rendered":"<h3 style=\"text-align: center\">Anal Hook<\/h3>\n<p style=\"text-align: center\">Hochwertiger und sehr sch\u00f6n verarbeiteter Anal Hook mit 2 wechselbaren Kugeln aus Edelstahl und einer 40mm \u00d6se zur Befestigung von Seilen oder \u00e4hnlichem. Durch die beiden Kugeln in 30mm und 40mm Durchmesser auch f\u00fcr Anf\u00e4nger bestens geeignet. Die Kugeln werden mittels M8 Gewinde auf den Hacken aufgeschraubt.<\/p>\n<p><strong>Details:<\/strong><\/p>\n<p>Material: Metall, Edelstahl<br \/>\nGewicht: 130g, Kugeln 110g \/ 250g<br \/>\nKugelgr\u00f6\u00dfen: 30mm und 40mm<br \/>\nMaterialst\u00e4rke Hacken: 12mm<br \/>\nGesamtl\u00e4nge: 260mm<\/p>\n<p>&nbsp;<\/p>\n<p><strong>Lieferumfang:<\/strong> 1 Anal &#8211; Hook mit wechselbarer Kugel 30mm \/ 40mm<\/p>\n<p>&nbsp;<\/p>\n<hr \/>\n<blockquote>\n<p style=\"text-align: center\"><span style=\"color: #333399\">Die Angaben zu den Produkten erfolgt nach bestem Wissen und Gewissen. Alle Ma\u00dfe sind ca-Angaben. Die Benutzung der hier im Shop angebotenen Produkte ist auf eigene Gefahr. Jeder Mensch reagiert anders auf \u00e4u\u00dfere Einwirkungen, auf Lust oder Schmerz usw. Daher kann diesbez\u00fcglich f\u00fcr unsachgem\u00e4\u00dfe Anwendung keine Haftung \u00fcbernommen werden. \u00a0Jeder Benutzer tr\u00e4gt die volle Verantwortung f\u00fcr die Verwendung bzw den richtigen Gebrauch der Produkte und dessen unvorhersehbaren Folgen.<\/span><\/p>\n<\/blockquote>\n","protected":false},"excerpt":{"rendered":"<p>Lieferzeit: 5-7 Tage*<\/p>\n","protected":false},"featured_media":8599,"template":"","meta":[],"product_brand":[],"product_cat":[223,224],"product_tag":[225,226,227,228],"class_list":{"0":"post-2915","1":"product","2":"type-product","3":"status-publish","4":"has-post-thumbnail","6":"product_cat-zubehoer","7":"product_cat-lustschmerz","8":"product_tag-anal","9":"product_tag-analhook","10":"product_tag-bondage","11":"product_tag-bondagehacken","13":"first","14":"instock","15":"taxable","16":"shipping-taxable","17":"purchasable","18":"product-type-simple"},"_links":{"self":[{"href":"https:\/\/bavarian-bondage.de\/de\/wp-json\/wp\/v2\/product\/2915","targetHints":{"allow":["GET"]}}],"collection":[{"href":"https:\/\/bavarian-bondage.de\/de\/wp-json\/wp\/v2\/product"}],"about":[{"href":"https:\/\/bavarian-bondage.de\/de\/wp-json\/wp\/v2\/types\/product"}],"version-history":[{"count":1,"href":"https:\/\/bavarian-bondage.de\/de\/wp-json\/wp\/v2\/product\/2915\/revisions"}],"predecessor-version":[{"id":5035,"href":"https:\/\/bavarian-bondage.de\/de\/wp-json\/wp\/v2\/product\/2915\/revisions\/5035"}],"wp:featuredmedia":[{"embeddable":true,"href":"https:\/\/bavarian-bondage.de\/de\/wp-json\/wp\/v2\/media\/8599"}],"wp:attachment":[{"href":"https:\/\/bavarian-bondage.de\/de\/wp-json\/wp\/v2\/media?parent=2915"}],"wp:term":[{"taxonomy":"product_brand","embeddable":true,"href":"https:\/\/bavarian-bondage.de\/de\/wp-json\/wp\/v2\/product_brand?post=2915"},{"taxonomy":"product_cat","embeddable":true,"href":"https:\/\/bavarian-bondage.de\/de\/wp-json\/wp\/v2\/product_cat?post=2915"},{"taxonomy":"product_tag","embeddable":true,"href":"https:\/\/bavarian-bondage.de\/de\/wp-json\/wp\/v2\/product_tag?post=2915"}],"curies":[{"name":"wp","href":"https:\/\/api.w.org\/{rel}","templated":true}]}}