{"id":2919,"date":"2020-10-17T12:55:20","date_gmt":"2020-10-17T10:55:20","guid":{"rendered":"https:\/\/bavarian-bondage.tivendo.com\/produkt\/import-placeholder-for-323\/"},"modified":"2026-04-07T23:46:58","modified_gmt":"2026-04-07T21:46:58","slug":"niedertemperaturkerze-250ml","status":"publish","type":"product","link":"https:\/\/bavarian-bondage.de\/de\/produkt\/niedertemperaturkerze-250ml\/","title":{"rendered":"Niedertemperaturkerze 250ml"},"content":{"rendered":"<h3 style=\"text-align: center\">Niedertemperaturkerze 250ml<\/h3>\n<p style=\"text-align: center\">Die Kerze in der Dose ist nicht nur ein Blickfang, sondern durch den Ausgie\u00dfer auch sehr praktisch! Das Kerzenwachs hat einen niedrigen Schmelzpunkt von etwa 55 Grad, was in der Regel als relativ angenehm auf der Haut empfunden wird. Ob man die Kerze nun zum Spielen benutzt oder lieber doch als sch\u00f6ne Dekoration bleibt dabei jedem selbst \u00fcberlassen.<\/p>\n<p>&nbsp;<\/p>\n<p><strong>Details:<\/strong><\/p>\n<p>Material: Aluminium, Paraffin, Kerzenfarbstoff<br \/>\nGr\u00f6\u00dfe: H 55mm B 80mm<br \/>\nFarbe: w\u00e4hlbar<br \/>\nInhalt: 250ml<br \/>\nGesamtgewicht: ca. 270g<\/p>\n<p>&nbsp;<\/p>\n<p><strong>Lieferumfang:<\/strong> 1 Niedertemperaturkerze 250ml<\/p>\n<p>&nbsp;<\/p>\n<hr \/>\n<blockquote>\n<p style=\"text-align: center\"><span style=\"color: #333399\">Die Angaben zu den Produkten erfolgt nach bestem Wissen und Gewissen. Alle Ma\u00dfe sind ca-Angaben. Die Benutzung der hier im Shop angebotenen Produkte ist auf eigene Gefahr. Jeder Mensch reagiert anders auf \u00e4u\u00dfere Einwirkungen, auf Lust oder Schmerz usw. Daher kann diesbez\u00fcglich f\u00fcr unsachgem\u00e4\u00dfe Anwendung keine Haftung \u00fcbernommen werden. \u00a0Jeder Benutzer tr\u00e4gt die volle Verantwortung f\u00fcr die Verwendung bzw den richtigen Gebrauch der Produkte und dessen unvorhersehbaren Folgen.<\/span><\/p>\n<\/blockquote>\n","protected":false},"excerpt":{"rendered":"<p>Grundpreis: 56,00 \u20ac\/L<\/p>\n<p>Lieferzeit: 5-7 Tage*<\/p>\n","protected":false},"featured_media":15937,"template":"","meta":[],"product_brand":[],"product_cat":[224],"product_tag":[],"class_list":{"0":"post-2919","1":"product","2":"type-product","3":"status-publish","4":"has-post-thumbnail","6":"product_cat-lustschmerz","8":"first","9":"instock","10":"taxable","11":"shipping-taxable","12":"purchasable","13":"product-type-variable"},"_links":{"self":[{"href":"https:\/\/bavarian-bondage.de\/de\/wp-json\/wp\/v2\/product\/2919","targetHints":{"allow":["GET"]}}],"collection":[{"href":"https:\/\/bavarian-bondage.de\/de\/wp-json\/wp\/v2\/product"}],"about":[{"href":"https:\/\/bavarian-bondage.de\/de\/wp-json\/wp\/v2\/types\/product"}],"version-history":[{"count":5,"href":"https:\/\/bavarian-bondage.de\/de\/wp-json\/wp\/v2\/product\/2919\/revisions"}],"predecessor-version":[{"id":16506,"href":"https:\/\/bavarian-bondage.de\/de\/wp-json\/wp\/v2\/product\/2919\/revisions\/16506"}],"wp:featuredmedia":[{"embeddable":true,"href":"https:\/\/bavarian-bondage.de\/de\/wp-json\/wp\/v2\/media\/15937"}],"wp:attachment":[{"href":"https:\/\/bavarian-bondage.de\/de\/wp-json\/wp\/v2\/media?parent=2919"}],"wp:term":[{"taxonomy":"product_brand","embeddable":true,"href":"https:\/\/bavarian-bondage.de\/de\/wp-json\/wp\/v2\/product_brand?post=2919"},{"taxonomy":"product_cat","embeddable":true,"href":"https:\/\/bavarian-bondage.de\/de\/wp-json\/wp\/v2\/product_cat?post=2919"},{"taxonomy":"product_tag","embeddable":true,"href":"https:\/\/bavarian-bondage.de\/de\/wp-json\/wp\/v2\/product_tag?post=2919"}],"curies":[{"name":"wp","href":"https:\/\/api.w.org\/{rel}","templated":true}]}}