{"id":2923,"date":"2020-10-17T12:56:20","date_gmt":"2020-10-17T10:56:20","guid":{"rendered":"https:\/\/bavarian-bondage.tivendo.com\/produkt\/import-placeholder-for-340\/"},"modified":"2026-03-30T16:52:35","modified_gmt":"2026-03-30T14:52:35","slug":"bondagering-edelstahl","status":"publish","type":"product","link":"https:\/\/bavarian-bondage.de\/de\/produkt\/bondagering-edelstahl\/","title":{"rendered":"Bondagering Edelstahl"},"content":{"rendered":"<h3 style=\"text-align: center\">Bondagering Edelstahl<\/h3>\n<p style=\"text-align: center\">Der klassische Suspension-Ring aus poliertem Edelstahl, \u00fcberzeugt durch seine klare und schlichte Optik.<\/p>\n<p>&nbsp;<\/p>\n<p><strong>Details:<\/strong><\/p>\n<p>Au\u00dfendurchmesser: 240mm<br \/>\nMaterialst\u00e4rke: 15mm<br \/>\nGewicht: ca. 840g<br \/>\nMaterial: Edelstahl<\/p>\n<p><strong>Lieferumfang:<\/strong> 1 Bondagering Edelstahl<\/p>\n<p>&nbsp;<\/p>\n<hr \/>\n<blockquote>\n<p style=\"text-align: center\"><span style=\"color: #333399\">Die Angaben zu den Produkten erfolgt nach bestem Wissen und Gewissen. Alle Ma\u00dfe sind ca-Angaben. Die Benutzung der hier im Shop angebotenen Produkte ist auf eigene Gefahr. Jeder Mensch reagiert anders auf \u00e4u\u00dfere Einwirkungen, auf Lust oder Schmerz usw. Daher kann diesbez\u00fcglich f\u00fcr unsachgem\u00e4\u00dfe Anwendung keine Haftung \u00fcbernommen werden. \u00a0Jeder Benutzer tr\u00e4gt die volle Verantwortung f\u00fcr die Verwendung bzw den richtigen Gebrauch der Produkte und dessen unvorhersehbaren Folgen.<\/span><\/p>\n<\/blockquote>\n","protected":false},"excerpt":{"rendered":"<p>Lieferzeit: 5-7 Tage*<\/p>\n","protected":false},"featured_media":8079,"template":"","meta":[],"product_brand":[],"product_cat":[233,234],"product_tag":[236,238,239],"class_list":{"0":"post-2923","1":"product","2":"type-product","3":"status-publish","4":"has-post-thumbnail","6":"product_cat-bondage-zubehoer","7":"product_cat-ringe","8":"product_tag-bondagering","9":"product_tag-ring-edelstahl","10":"product_tag-suspensionring","12":"first","13":"instock","14":"taxable","15":"shipping-taxable","16":"purchasable","17":"product-type-simple"},"_links":{"self":[{"href":"https:\/\/bavarian-bondage.de\/de\/wp-json\/wp\/v2\/product\/2923","targetHints":{"allow":["GET"]}}],"collection":[{"href":"https:\/\/bavarian-bondage.de\/de\/wp-json\/wp\/v2\/product"}],"about":[{"href":"https:\/\/bavarian-bondage.de\/de\/wp-json\/wp\/v2\/types\/product"}],"version-history":[{"count":3,"href":"https:\/\/bavarian-bondage.de\/de\/wp-json\/wp\/v2\/product\/2923\/revisions"}],"predecessor-version":[{"id":8137,"href":"https:\/\/bavarian-bondage.de\/de\/wp-json\/wp\/v2\/product\/2923\/revisions\/8137"}],"wp:featuredmedia":[{"embeddable":true,"href":"https:\/\/bavarian-bondage.de\/de\/wp-json\/wp\/v2\/media\/8079"}],"wp:attachment":[{"href":"https:\/\/bavarian-bondage.de\/de\/wp-json\/wp\/v2\/media?parent=2923"}],"wp:term":[{"taxonomy":"product_brand","embeddable":true,"href":"https:\/\/bavarian-bondage.de\/de\/wp-json\/wp\/v2\/product_brand?post=2923"},{"taxonomy":"product_cat","embeddable":true,"href":"https:\/\/bavarian-bondage.de\/de\/wp-json\/wp\/v2\/product_cat?post=2923"},{"taxonomy":"product_tag","embeddable":true,"href":"https:\/\/bavarian-bondage.de\/de\/wp-json\/wp\/v2\/product_tag?post=2923"}],"curies":[{"name":"wp","href":"https:\/\/api.w.org\/{rel}","templated":true}]}}