{"id":2924,"date":"2020-10-17T15:57:20","date_gmt":"2020-10-17T13:57:20","guid":{"rendered":"https:\/\/bavarian-bondage.tivendo.com\/produkt\/import-placeholder-for-342\/"},"modified":"2026-03-09T23:42:58","modified_gmt":"2026-03-09T22:42:58","slug":"bondagering-triskele","status":"publish","type":"product","link":"https:\/\/bavarian-bondage.de\/de\/produkt\/bondagering-triskele\/","title":{"rendered":"Bondagering Triskele"},"content":{"rendered":"<h3 style=\"text-align: center\">Bondagering Triskele<\/h3>\n<p style=\"text-align: center\">Der Suspension-Ring mit Triskele, aus poliertem Edelstahl, bietet neben seiner tollen Optik auch die M\u00f6glichkeit einzelne Seile zu ordnen. Dieser Ring ist ein Blickfang in jeder Hinsicht.<\/p>\n<p>&nbsp;<\/p>\n<p><strong>Details:<\/strong><\/p>\n<pre>Au\u00dfendurchmesser: 245mm\r\nMaterialst\u00e4rke: 12mm\r\nGewicht: ca. 980g\r\nMaterial: Edelstahl\r\nFarbe: w\u00e4hlbar<\/pre>\n<p>&nbsp;<\/p>\n<p><strong>Lieferumfang:<\/strong> 1 Bondagering Triskele<\/p>\n<p>&nbsp;<\/p>\n<hr \/>\n<blockquote>\n<p style=\"text-align: center\"><span style=\"color: #333399\">Die Angaben zu den Produkten erfolgt nach bestem Wissen und Gewissen. Alle Ma\u00dfe sind ca-Angaben. Die Benutzung der hier im Shop angebotenen Produkte ist auf eigene Gefahr. Jeder Mensch reagiert anders auf \u00e4u\u00dfere Einwirkungen, auf Lust oder Schmerz usw. Daher kann diesbez\u00fcglich f\u00fcr unsachgem\u00e4\u00dfe Anwendung keine Haftung \u00fcbernommen werden. \u00a0Jeder Benutzer tr\u00e4gt die volle Verantwortung f\u00fcr die Verwendung bzw den richtigen Gebrauch der Produkte und dessen unvorhersehbaren Folgen.<\/span><\/p>\n<\/blockquote>\n","protected":false},"excerpt":{"rendered":"<p>Lieferzeit: 5-7 Tage*<\/p>\n","protected":false},"featured_media":16272,"template":"","meta":[],"product_brand":[],"product_cat":[233,234],"product_tag":[236,240],"class_list":{"0":"post-2924","1":"product","2":"type-product","3":"status-publish","4":"has-post-thumbnail","6":"product_cat-bondage-zubehoer","7":"product_cat-ringe","8":"product_tag-bondagering","9":"product_tag-edelstahl","11":"first","12":"instock","13":"taxable","14":"shipping-taxable","15":"purchasable","16":"product-type-variable"},"_links":{"self":[{"href":"https:\/\/bavarian-bondage.de\/de\/wp-json\/wp\/v2\/product\/2924","targetHints":{"allow":["GET"]}}],"collection":[{"href":"https:\/\/bavarian-bondage.de\/de\/wp-json\/wp\/v2\/product"}],"about":[{"href":"https:\/\/bavarian-bondage.de\/de\/wp-json\/wp\/v2\/types\/product"}],"version-history":[{"count":4,"href":"https:\/\/bavarian-bondage.de\/de\/wp-json\/wp\/v2\/product\/2924\/revisions"}],"predecessor-version":[{"id":16276,"href":"https:\/\/bavarian-bondage.de\/de\/wp-json\/wp\/v2\/product\/2924\/revisions\/16276"}],"wp:featuredmedia":[{"embeddable":true,"href":"https:\/\/bavarian-bondage.de\/de\/wp-json\/wp\/v2\/media\/16272"}],"wp:attachment":[{"href":"https:\/\/bavarian-bondage.de\/de\/wp-json\/wp\/v2\/media?parent=2924"}],"wp:term":[{"taxonomy":"product_brand","embeddable":true,"href":"https:\/\/bavarian-bondage.de\/de\/wp-json\/wp\/v2\/product_brand?post=2924"},{"taxonomy":"product_cat","embeddable":true,"href":"https:\/\/bavarian-bondage.de\/de\/wp-json\/wp\/v2\/product_cat?post=2924"},{"taxonomy":"product_tag","embeddable":true,"href":"https:\/\/bavarian-bondage.de\/de\/wp-json\/wp\/v2\/product_tag?post=2924"}],"curies":[{"name":"wp","href":"https:\/\/api.w.org\/{rel}","templated":true}]}}