{"id":2929,"date":"2020-10-17T12:56:21","date_gmt":"2020-10-17T10:56:21","guid":{"rendered":"https:\/\/bavarian-bondage.tivendo.com\/produkt\/import-placeholder-for-363\/"},"modified":"2025-07-02T16:19:09","modified_gmt":"2025-07-02T14:19:09","slug":"bondageschal-weiss","status":"publish","type":"product","link":"https:\/\/bavarian-bondage.de\/de\/produkt\/bondageschal-weiss\/","title":{"rendered":"Bondageschal Wei\u00df"},"content":{"rendered":"<h3 style=\"text-align: center\">Bondageschal<\/h3>\n<p style=\"text-align: center\">Eine elegante Alternative zur klassischen Augenbinde, der Bondageschal in der Farbe Wei\u00df, besteht zu 100% aus Polyester und ist komplett blickdicht.<\/p>\n<p>&nbsp;<\/p>\n<p><strong>Details:<\/strong><\/p>\n<p>Material: 100% Polyester<br \/>\nFarbe: Wei\u00df<br \/>\nL\u00e4nge: 150cm<br \/>\nBreite: 7,5cm<\/p>\n<p>&nbsp;<\/p>\n<p><strong>Lieferumfang:<\/strong> 1 Bondageschal wei\u00df, blickdicht<\/p>\n<p>&nbsp;<\/p>\n<hr \/>\n<blockquote>\n<p style=\"text-align: center\"><span style=\"color: #333399\">Die Angaben zu den Produkten erfolgt nach bestem Wissen und Gewissen. Alle Ma\u00dfe sind ca-Angaben. Die Benutzung der hier im Shop angebotenen Produkte ist auf eigene Gefahr. Jeder Mensch reagiert anders auf \u00e4u\u00dfere Einwirkungen, auf Lust oder Schmerz usw. Daher kann diesbez\u00fcglich f\u00fcr unsachgem\u00e4\u00dfe Anwendung keine Haftung \u00fcbernommen werden. \u00a0Jeder Benutzer tr\u00e4gt die volle Verantwortung f\u00fcr die Verwendung bzw den richtigen Gebrauch der Produkte und dessen unvorhersehbaren Folgen.<\/span><\/p>\n<\/blockquote>\n","protected":false},"excerpt":{"rendered":"<p>Lieferzeit: 5-7 Tage*<\/p>\n","protected":false},"featured_media":8589,"template":"","meta":[],"product_brand":[],"product_cat":[245],"product_tag":[246,247],"class_list":{"0":"post-2929","1":"product","2":"type-product","3":"status-publish","4":"has-post-thumbnail","6":"product_cat-augenbinden","7":"product_tag-augenbinde","8":"product_tag-bondageschal","10":"first","11":"instock","12":"taxable","13":"shipping-taxable","14":"purchasable","15":"product-type-simple"},"_links":{"self":[{"href":"https:\/\/bavarian-bondage.de\/de\/wp-json\/wp\/v2\/product\/2929","targetHints":{"allow":["GET"]}}],"collection":[{"href":"https:\/\/bavarian-bondage.de\/de\/wp-json\/wp\/v2\/product"}],"about":[{"href":"https:\/\/bavarian-bondage.de\/de\/wp-json\/wp\/v2\/types\/product"}],"version-history":[{"count":2,"href":"https:\/\/bavarian-bondage.de\/de\/wp-json\/wp\/v2\/product\/2929\/revisions"}],"predecessor-version":[{"id":13457,"href":"https:\/\/bavarian-bondage.de\/de\/wp-json\/wp\/v2\/product\/2929\/revisions\/13457"}],"wp:featuredmedia":[{"embeddable":true,"href":"https:\/\/bavarian-bondage.de\/de\/wp-json\/wp\/v2\/media\/8589"}],"wp:attachment":[{"href":"https:\/\/bavarian-bondage.de\/de\/wp-json\/wp\/v2\/media?parent=2929"}],"wp:term":[{"taxonomy":"product_brand","embeddable":true,"href":"https:\/\/bavarian-bondage.de\/de\/wp-json\/wp\/v2\/product_brand?post=2929"},{"taxonomy":"product_cat","embeddable":true,"href":"https:\/\/bavarian-bondage.de\/de\/wp-json\/wp\/v2\/product_cat?post=2929"},{"taxonomy":"product_tag","embeddable":true,"href":"https:\/\/bavarian-bondage.de\/de\/wp-json\/wp\/v2\/product_tag?post=2929"}],"curies":[{"name":"wp","href":"https:\/\/api.w.org\/{rel}","templated":true}]}}