{"id":2931,"date":"2020-10-17T12:56:21","date_gmt":"2020-10-17T10:56:21","guid":{"rendered":"https:\/\/bavarian-bondage.tivendo.com\/produkt\/import-placeholder-for-373\/"},"modified":"2026-04-16T10:38:34","modified_gmt":"2026-04-16T08:38:34","slug":"doppelpaddel","status":"publish","type":"product","link":"https:\/\/bavarian-bondage.de\/de\/produkt\/doppelpaddel\/","title":{"rendered":"Doppelpaddel"},"content":{"rendered":"<h3 style=\"text-align: center\">Doppelpaddel<\/h3>\n<p style=\"text-align: center\">Ein sehr robustes Paddel aus Rindsleder, das aus zwei Seiten besteht. Die eine Seite ganz klassisch, die andere ist mehrfach eingeschnitten, um ein wenig Abwechslung zu schaffen. Das Doppelpaddel ist komplett aus Leder gefertigt, wurde am Griff verst\u00e4rkt und mit einer Trageschlaufe versehen.<\/p>\n<p style=\"text-align: center\">Ein sehr gut verarbeitetes und bewegliches Echtlederpaddel, das Abwechslung verspricht.<\/p>\n<p>&nbsp;<\/p>\n<p><strong>Details:<\/strong><\/p>\n<p>Material: Rindsleder<br \/>\nFarbe: Schwarz<br \/>\nGesamtl\u00e4nge: 45cm<br \/>\nBreite: 14cm<\/p>\n<p>&nbsp;<\/p>\n<p><strong>Lieferumfang:<\/strong> 1 Doppelpaddel<\/p>\n<p>&nbsp;<\/p>\n<hr \/>\n<blockquote>\n<p style=\"text-align: center\"><span style=\"color: #333399\">Die Angaben zu den Produkten erfolgt nach bestem Wissen und Gewissen. Alle Ma\u00dfe sind ca-Angaben. Die Benutzung der hier im Shop angebotenen Produkte ist auf eigene Gefahr. Jeder Mensch reagiert anders auf \u00e4u\u00dfere Einwirkungen, auf Lust oder Schmerz usw. Daher kann diesbez\u00fcglich f\u00fcr unsachgem\u00e4\u00dfe Anwendung keine Haftung \u00fcbernommen werden. \u00a0Jeder Benutzer tr\u00e4gt die volle Verantwortung f\u00fcr die Verwendung bzw den richtigen Gebrauch der Produkte und dessen unvorhersehbaren Folgen.<\/span><\/p>\n<\/blockquote>\n","protected":false},"excerpt":{"rendered":"<p>Lieferzeit: 5-7 Tage*<\/p>\n","protected":false},"featured_media":8638,"template":"","meta":[],"product_brand":[],"product_cat":[224,252],"product_tag":[253,254,255],"class_list":{"0":"post-2931","1":"product","2":"type-product","3":"status-publish","4":"has-post-thumbnail","6":"product_cat-lustschmerz","7":"product_cat-peitschen-gerten","8":"product_tag-doppelpaddel","9":"product_tag-echtleder","10":"product_tag-paddel","12":"first","13":"instock","14":"taxable","15":"shipping-taxable","16":"purchasable","17":"product-type-simple"},"_links":{"self":[{"href":"https:\/\/bavarian-bondage.de\/de\/wp-json\/wp\/v2\/product\/2931","targetHints":{"allow":["GET"]}}],"collection":[{"href":"https:\/\/bavarian-bondage.de\/de\/wp-json\/wp\/v2\/product"}],"about":[{"href":"https:\/\/bavarian-bondage.de\/de\/wp-json\/wp\/v2\/types\/product"}],"version-history":[{"count":3,"href":"https:\/\/bavarian-bondage.de\/de\/wp-json\/wp\/v2\/product\/2931\/revisions"}],"predecessor-version":[{"id":13978,"href":"https:\/\/bavarian-bondage.de\/de\/wp-json\/wp\/v2\/product\/2931\/revisions\/13978"}],"wp:featuredmedia":[{"embeddable":true,"href":"https:\/\/bavarian-bondage.de\/de\/wp-json\/wp\/v2\/media\/8638"}],"wp:attachment":[{"href":"https:\/\/bavarian-bondage.de\/de\/wp-json\/wp\/v2\/media?parent=2931"}],"wp:term":[{"taxonomy":"product_brand","embeddable":true,"href":"https:\/\/bavarian-bondage.de\/de\/wp-json\/wp\/v2\/product_brand?post=2931"},{"taxonomy":"product_cat","embeddable":true,"href":"https:\/\/bavarian-bondage.de\/de\/wp-json\/wp\/v2\/product_cat?post=2931"},{"taxonomy":"product_tag","embeddable":true,"href":"https:\/\/bavarian-bondage.de\/de\/wp-json\/wp\/v2\/product_tag?post=2931"}],"curies":[{"name":"wp","href":"https:\/\/api.w.org\/{rel}","templated":true}]}}