{"id":2942,"date":"2020-10-17T12:58:22","date_gmt":"2020-10-17T10:58:22","guid":{"rendered":"https:\/\/bavarian-bondage.tivendo.com\/produkt\/import-placeholder-for-403\/"},"modified":"2026-01-28T08:07:12","modified_gmt":"2026-01-28T07:07:12","slug":"leinenhanfseil-natur-4mm-exklusiv-einzelseil-8m","status":"publish","type":"product","link":"https:\/\/bavarian-bondage.de\/de\/produkt\/leinenhanfseil-natur-4mm-exklusiv-einzelseil-8m\/","title":{"rendered":"Leinenhanf-Seil natur 4mm Exklusiv; Einzelseil 8m"},"content":{"rendered":"<h3 style=\"text-align: center\">Leinenhanf-Seil 4mm EXKLUSIV!<\/h3>\n<p style=\"text-align: center\">Das Leinenhanf-Seil 4mm EXKLUSIV ist weich und geschmeidig! Es wurde mehrmals behandelt, um die beste Qualit\u00e4t zu erhalten. Das Seil besticht durch eine runde, gleichm\u00e4\u00dfige und knotenlose Struktur auf ganzer L\u00e4nge. Des Weiteren werden die Enden mit kleinen Spleisknoten versehen.<\/p>\n<p style=\"text-align: center\">4mm Seile sind nicht f\u00fcr normale Fesselungen gedacht. Man verwendet sie f\u00fcr kunstvolle Verzierungen sowie f\u00fcr Fesselungen mit den Haaren oder auch dem Gesicht.<\/p>\n<p>&nbsp;<\/p>\n<p><strong>Details:<\/strong><\/p>\n<p>Leinenhanf-Seil 4mm EXKLUSIV<br \/>\n3-sch\u00e4ftig gedreht<br \/>\nFarbe: helles Grau<br \/>\nTriskenknoten<br \/>\nL\u00e4nge: 1x8m<br \/>\n(Die Seill\u00e4nge kann bis zu 3% von der L\u00e4ngenangabe abweichen)<\/p>\n<p>&nbsp;<\/p>\n<p><span style=\"color: #ff0000\"><strong>Hinweis:<\/strong><\/span><\/p>\n<p>Seile regelm\u00e4\u00dfig auf Verschlei\u00df und Besch\u00e4digungen kontrollieren!<br \/>\nBei geschlagenen bzw. gedrehten Seilen kann es passieren, dass diese sich bei der Verwendung lockern!<\/p>\n<p>&nbsp;<\/p>\n<p><strong>Lieferumfang:<\/strong> 1x8m Leinenhanf-Seil 4mm EXKLUSIV<\/p>\n<p>&nbsp;<\/p>\n<hr \/>\n<blockquote>\n<p style=\"text-align: center\"><span style=\"color: #333399\">Die Angaben zu den Produkten erfolgt nach bestem Wissen und Gewissen. Alle Ma\u00dfe sind ca-Angaben. Die Benutzung der hier im Shop angebotenen Produkte ist auf eigene Gefahr. Jeder Mensch reagiert anders auf \u00e4u\u00dfere Einwirkungen, auf Lust oder Schmerz usw. Daher kann diesbez\u00fcglich f\u00fcr unsachgem\u00e4\u00dfe Anwendung keine Haftung \u00fcbernommen werden. \u00a0Jeder Benutzer tr\u00e4gt die volle Verantwortung f\u00fcr die Verwendung bzw den richtigen Gebrauch der Produkte und dessen unvorhersehbaren Folgen.<\/span><\/p>\n<\/blockquote>\n","protected":false},"excerpt":{"rendered":"<p>Grundpreis: 1,94 \u20ac\/m<\/p>\n<p>Lieferzeit: 5-7 Tage*<\/p>\n","protected":false},"featured_media":9409,"template":"","meta":[],"product_brand":[],"product_cat":[258,216,217,218],"product_tag":[221,259,260],"class_list":{"0":"post-2942","1":"product","2":"type-product","3":"status-publish","4":"has-post-thumbnail","6":"product_cat-leinenhanfseil-4mm","7":"product_cat-bondageseile","8":"product_cat-leinenhanfseil","9":"product_cat-leinenhanfseil-natur","10":"product_tag-seilset","11":"product_tag-4mm","12":"product_tag-hanfseil","14":"first","15":"instock","16":"taxable","17":"shipping-taxable","18":"purchasable","19":"product-type-simple"},"_links":{"self":[{"href":"https:\/\/bavarian-bondage.de\/de\/wp-json\/wp\/v2\/product\/2942","targetHints":{"allow":["GET"]}}],"collection":[{"href":"https:\/\/bavarian-bondage.de\/de\/wp-json\/wp\/v2\/product"}],"about":[{"href":"https:\/\/bavarian-bondage.de\/de\/wp-json\/wp\/v2\/types\/product"}],"version-history":[{"count":5,"href":"https:\/\/bavarian-bondage.de\/de\/wp-json\/wp\/v2\/product\/2942\/revisions"}],"predecessor-version":[{"id":16209,"href":"https:\/\/bavarian-bondage.de\/de\/wp-json\/wp\/v2\/product\/2942\/revisions\/16209"}],"wp:featuredmedia":[{"embeddable":true,"href":"https:\/\/bavarian-bondage.de\/de\/wp-json\/wp\/v2\/media\/9409"}],"wp:attachment":[{"href":"https:\/\/bavarian-bondage.de\/de\/wp-json\/wp\/v2\/media?parent=2942"}],"wp:term":[{"taxonomy":"product_brand","embeddable":true,"href":"https:\/\/bavarian-bondage.de\/de\/wp-json\/wp\/v2\/product_brand?post=2942"},{"taxonomy":"product_cat","embeddable":true,"href":"https:\/\/bavarian-bondage.de\/de\/wp-json\/wp\/v2\/product_cat?post=2942"},{"taxonomy":"product_tag","embeddable":true,"href":"https:\/\/bavarian-bondage.de\/de\/wp-json\/wp\/v2\/product_tag?post=2942"}],"curies":[{"name":"wp","href":"https:\/\/api.w.org\/{rel}","templated":true}]}}