{"id":2949,"date":"2020-10-17T12:52:29","date_gmt":"2020-10-17T10:52:29","guid":{"rendered":"https:\/\/bavarian-bondage.tivendo.com\/produkt\/import-placeholder-for-420\/"},"modified":"2026-04-02T17:24:43","modified_gmt":"2026-04-02T15:24:43","slug":"leinenhanfseil-natur-5mm-klassik-einzelseil-8m","status":"publish","type":"product","link":"https:\/\/bavarian-bondage.de\/de\/produkt\/leinenhanfseil-natur-5mm-klassik-einzelseil-8m\/","title":{"rendered":"LeinenhanfSeil natur 5mm Klassik; Einzelseil 8m"},"content":{"rendered":"<h3 style=\"text-align: center\">Leinenhanf-Seil 5mm KLASSIK<\/h3>\n<p style=\"text-align: center\">Einzelseil zum Set erweitern, Seil erneuern oder einfach die Qualit\u00e4t des Produktes testen!<\/p>\n<p style=\"text-align: center\">Das Leinenhanf-Seil 5mm Klassik ist angenehm weich, sehr geschmeidig und besticht durch eine gleichm\u00e4\u00dfige Beschaffenheit. Es ist knotenlos, geruchsneutral und fusselt sehr wenig. Das 3 sch\u00e4ftig geschlagene Hanfseil wurde gewaschen, gebrochen, geflammt und anschlie\u00dfend ge\u00f6lt. Die Farbe des Seils ist ganz nat\u00fcrlich in einem hellen Grauton. Die Enden wurden mit einem einfachen \u00dcberhandknoten versehen! Optimal f\u00fcr kunstvolle Fesselungen geeignet.<\/p>\n<p><strong>Details:<\/strong><\/p>\n<p>Leinenhanf-Seil 5mm KLASSIK<br \/>\n3-sch\u00e4ftig gedreht<br \/>\nFarbe: helles Grau<br \/>\n\u00dcberhandknoten<br \/>\nL\u00e4nge: 1x8m<br \/>\n(Die Seill\u00e4nge kann bis zu 3% von der L\u00e4ngenangabe abweichen)<\/p>\n<p>&nbsp;<\/p>\n<p><span style=\"color: #ff0000\"><strong>Hinweis:<\/strong><\/span><\/p>\n<p>Seile regelm\u00e4\u00dfig auf Verschlei\u00df und Besch\u00e4digungen kontrollieren!<br \/>\nBei geschlagenen bzw. gedrehten Seilen kann es passieren, dass diese sich bei der Verwendung lockern!<\/p>\n<p>&nbsp;<\/p>\n<p><strong>Lieferumfang:<\/strong> 1x8m Leinenhanf-Seil 5mm KLASSIK<\/p>\n<p>&nbsp;<\/p>\n<hr \/>\n<blockquote>\n<p style=\"text-align: center\"><span style=\"color: #333399\">Die Angaben zu den Produkten erfolgt nach bestem Wissen und Gewissen. Alle Ma\u00dfe sind ca-Angaben. Die Benutzung der hier im Shop angebotenen Produkte ist auf eigene Gefahr. Jeder Mensch reagiert anders auf \u00e4u\u00dfere Einwirkungen, auf Lust oder Schmerz usw. Daher kann diesbez\u00fcglich f\u00fcr unsachgem\u00e4\u00dfe Anwendung keine Haftung \u00fcbernommen werden. \u00a0Jeder Benutzer tr\u00e4gt die volle Verantwortung f\u00fcr die Verwendung bzw den richtigen Gebrauch der Produkte und dessen unvorhersehbaren Folgen.<\/span><\/p>\n<\/blockquote>\n","protected":false},"excerpt":{"rendered":"<p>Grundpreis: 2,00 \u20ac\/m<\/p>\n<p>Lieferzeit: 5-7 Tage*<\/p>\n","protected":false},"featured_media":9358,"template":"","meta":[],"product_brand":[],"product_cat":[216,217,218],"product_tag":[221,260,261],"class_list":{"0":"post-2949","1":"product","2":"type-product","3":"status-publish","4":"has-post-thumbnail","6":"product_cat-bondageseile","7":"product_cat-leinenhanfseil","8":"product_cat-leinenhanfseil-natur","9":"product_tag-seilset","10":"product_tag-hanfseil","11":"product_tag-bondageseil","13":"first","14":"instock","15":"taxable","16":"shipping-taxable","17":"purchasable","18":"product-type-simple"},"_links":{"self":[{"href":"https:\/\/bavarian-bondage.de\/de\/wp-json\/wp\/v2\/product\/2949","targetHints":{"allow":["GET"]}}],"collection":[{"href":"https:\/\/bavarian-bondage.de\/de\/wp-json\/wp\/v2\/product"}],"about":[{"href":"https:\/\/bavarian-bondage.de\/de\/wp-json\/wp\/v2\/types\/product"}],"version-history":[{"count":5,"href":"https:\/\/bavarian-bondage.de\/de\/wp-json\/wp\/v2\/product\/2949\/revisions"}],"predecessor-version":[{"id":13619,"href":"https:\/\/bavarian-bondage.de\/de\/wp-json\/wp\/v2\/product\/2949\/revisions\/13619"}],"wp:featuredmedia":[{"embeddable":true,"href":"https:\/\/bavarian-bondage.de\/de\/wp-json\/wp\/v2\/media\/9358"}],"wp:attachment":[{"href":"https:\/\/bavarian-bondage.de\/de\/wp-json\/wp\/v2\/media?parent=2949"}],"wp:term":[{"taxonomy":"product_brand","embeddable":true,"href":"https:\/\/bavarian-bondage.de\/de\/wp-json\/wp\/v2\/product_brand?post=2949"},{"taxonomy":"product_cat","embeddable":true,"href":"https:\/\/bavarian-bondage.de\/de\/wp-json\/wp\/v2\/product_cat?post=2949"},{"taxonomy":"product_tag","embeddable":true,"href":"https:\/\/bavarian-bondage.de\/de\/wp-json\/wp\/v2\/product_tag?post=2949"}],"curies":[{"name":"wp","href":"https:\/\/api.w.org\/{rel}","templated":true}]}}