{"id":2990,"date":"2020-10-17T12:56:41","date_gmt":"2020-10-17T10:56:41","guid":{"rendered":"https:\/\/bavarian-bondage.tivendo.com\/produkt\/import-placeholder-for-519\/"},"modified":"2026-02-10T09:21:59","modified_gmt":"2026-02-10T08:21:59","slug":"fingerpeitsche-leder","status":"publish","type":"product","link":"https:\/\/bavarian-bondage.de\/de\/produkt\/fingerpeitsche-leder\/","title":{"rendered":"Fingerpeitsche-Leder"},"content":{"rendered":"<h3 style=\"text-align: center\">Fingerpeitsche -Leder<\/h3>\n<p style=\"text-align: center\">Klein aber Oho trifft es wohl am besten. Diese kleine Fingerpeitsche besteht komplett aus Rindsleder und einem 30mm Stahlring. \u00a016 ca 4mm breite Riemen sorgen f\u00fcr die richtige Kraft\u00fcbertragung von Zart bis Hart.<\/p>\n<p style=\"text-align: center\">Ein kleines gemeines Spielzeug, das mit einer Gesamtl\u00e4nge von nur 25cm beinahe \u00fcberall Platz findet.<\/p>\n<p>&nbsp;<\/p>\n<p><strong>Details:<\/strong><\/p>\n<p>Material: Rindsleder<br \/>\nRingdurchmesser: 3cm<br \/>\nGesamtl\u00e4nge: 25cm<br \/>\nGriffl\u00e4nge: 6cm<br \/>\nFarbe: Schwarz<\/p>\n<p>&nbsp;<\/p>\n<p><strong>Lieferumfang:<\/strong> 1 Fingerpeitsche aus Leder<\/p>\n<p>&nbsp;<\/p>\n<blockquote>\n<hr \/>\n<p style=\"text-align: center\"><span style=\"color: #333399\">Die Angaben zu den Produkten erfolgt nach bestem Wissen und Gewissen. Alle Ma\u00dfe sind ca-Angaben. Die Benutzung der hier im Shop angebotenen Produkte ist auf eigene Gefahr. Jeder Mensch reagiert anders auf \u00e4u\u00dfere Einwirkungen, auf Lust oder Schmerz usw. Daher kann diesbez\u00fcglich f\u00fcr unsachgem\u00e4\u00dfe Anwendung keine Haftung \u00fcbernommen werden. \u00a0Jeder Benutzer tr\u00e4gt die volle Verantwortung f\u00fcr die Verwendung bzw den richtigen Gebrauch der Produkte und dessen unvorhersehbaren Folgen.<\/span><\/p>\n<\/blockquote>\n","protected":false},"excerpt":{"rendered":"<p>Lieferzeit: 5-7 Tage*<\/p>\n","protected":false},"featured_media":8643,"template":"","meta":[],"product_brand":[],"product_cat":[252,224],"product_tag":[305,306,307],"class_list":{"0":"post-2990","1":"product","2":"type-product","3":"status-publish","4":"has-post-thumbnail","6":"product_cat-peitschen-gerten","7":"product_cat-lustschmerz","8":"product_tag-fingerpeitsche","9":"product_tag-leder","10":"product_tag-peitsche","12":"first","13":"instock","14":"taxable","15":"shipping-taxable","16":"purchasable","17":"product-type-simple"},"_links":{"self":[{"href":"https:\/\/bavarian-bondage.de\/de\/wp-json\/wp\/v2\/product\/2990","targetHints":{"allow":["GET"]}}],"collection":[{"href":"https:\/\/bavarian-bondage.de\/de\/wp-json\/wp\/v2\/product"}],"about":[{"href":"https:\/\/bavarian-bondage.de\/de\/wp-json\/wp\/v2\/types\/product"}],"version-history":[{"count":2,"href":"https:\/\/bavarian-bondage.de\/de\/wp-json\/wp\/v2\/product\/2990\/revisions"}],"predecessor-version":[{"id":13987,"href":"https:\/\/bavarian-bondage.de\/de\/wp-json\/wp\/v2\/product\/2990\/revisions\/13987"}],"wp:featuredmedia":[{"embeddable":true,"href":"https:\/\/bavarian-bondage.de\/de\/wp-json\/wp\/v2\/media\/8643"}],"wp:attachment":[{"href":"https:\/\/bavarian-bondage.de\/de\/wp-json\/wp\/v2\/media?parent=2990"}],"wp:term":[{"taxonomy":"product_brand","embeddable":true,"href":"https:\/\/bavarian-bondage.de\/de\/wp-json\/wp\/v2\/product_brand?post=2990"},{"taxonomy":"product_cat","embeddable":true,"href":"https:\/\/bavarian-bondage.de\/de\/wp-json\/wp\/v2\/product_cat?post=2990"},{"taxonomy":"product_tag","embeddable":true,"href":"https:\/\/bavarian-bondage.de\/de\/wp-json\/wp\/v2\/product_tag?post=2990"}],"curies":[{"name":"wp","href":"https:\/\/api.w.org\/{rel}","templated":true}]}}