{"id":2991,"date":"2020-10-17T12:57:41","date_gmt":"2020-10-17T10:57:41","guid":{"rendered":"https:\/\/bavarian-bondage.tivendo.com\/produkt\/import-placeholder-for-524\/"},"modified":"2026-03-15T08:48:48","modified_gmt":"2026-03-15T07:48:48","slug":"flexibler-rohrstock","status":"publish","type":"product","link":"https:\/\/bavarian-bondage.de\/de\/produkt\/flexibler-rohrstock\/","title":{"rendered":"Flexibler Rohrstock"},"content":{"rendered":"<h3 style=\"text-align: center\">Flexibler Rohrstock<\/h3>\n<p style=\"text-align: center\">Dieser Rohrstock wurde aus flexiblen PVC gefertigt, mit weichem Nappaleder ummantelt und mit einer Leder-Trageschlaufe versehen. Im Vergleich zu Holzrohrst\u00f6cken sehr hygienisch und super langlebig. Durch den flexiblen Kern l\u00e4sst er sich komplett verbiegen und auch die Effektivit\u00e4t steht einem Holzrohrstock in keinster wei\u00dfe nach.<\/p>\n<p style=\"text-align: center\">Sehr hygienisch und bei normaler Anwendung unverw\u00fcstlich.<\/p>\n<p>&nbsp;<\/p>\n<p><strong>Details:<\/strong><\/p>\n<p>Material: PVC-Kern, Nappaleder<br \/>\nFarbe: Schwarz:<br \/>\nL\u00e4nge: 65cm<br \/>\nBreite: 14mm<\/p>\n<p>&nbsp;<\/p>\n<p><strong>Lieferumfang:<\/strong> 1 Flexibler Rohrstock<\/p>\n<p>&nbsp;<\/p>\n<hr \/>\n<blockquote>\n<p style=\"text-align: center\"><span style=\"color: #333399\">Die Angaben zu den Produkten erfolgt nach bestem Wissen und Gewissen. Alle Ma\u00dfe sind ca-Angaben. Die Benutzung der hier im Shop angebotenen Produkte ist auf eigene Gefahr. Jeder Mensch reagiert anders auf \u00e4u\u00dfere Einwirkungen, auf Lust oder Schmerz usw. Daher kann diesbez\u00fcglich f\u00fcr unsachgem\u00e4\u00dfe Anwendung keine Haftung \u00fcbernommen werden. \u00a0Jeder Benutzer tr\u00e4gt die volle Verantwortung f\u00fcr die Verwendung bzw den richtigen Gebrauch der Produkte und dessen unvorhersehbaren Folgen.<\/span><\/p>\n<\/blockquote>\n","protected":false},"excerpt":{"rendered":"<p>Lieferzeit: 5-7 Tage*<\/p>\n","protected":false},"featured_media":8629,"template":"","meta":[],"product_brand":[],"product_cat":[252,224],"product_tag":[254,308],"class_list":{"0":"post-2991","1":"product","2":"type-product","3":"status-publish","4":"has-post-thumbnail","6":"product_cat-peitschen-gerten","7":"product_cat-lustschmerz","8":"product_tag-echtleder","9":"product_tag-rohrstock","11":"first","12":"instock","13":"taxable","14":"shipping-taxable","15":"purchasable","16":"product-type-simple"},"_links":{"self":[{"href":"https:\/\/bavarian-bondage.de\/de\/wp-json\/wp\/v2\/product\/2991","targetHints":{"allow":["GET"]}}],"collection":[{"href":"https:\/\/bavarian-bondage.de\/de\/wp-json\/wp\/v2\/product"}],"about":[{"href":"https:\/\/bavarian-bondage.de\/de\/wp-json\/wp\/v2\/types\/product"}],"version-history":[{"count":2,"href":"https:\/\/bavarian-bondage.de\/de\/wp-json\/wp\/v2\/product\/2991\/revisions"}],"predecessor-version":[{"id":13986,"href":"https:\/\/bavarian-bondage.de\/de\/wp-json\/wp\/v2\/product\/2991\/revisions\/13986"}],"wp:featuredmedia":[{"embeddable":true,"href":"https:\/\/bavarian-bondage.de\/de\/wp-json\/wp\/v2\/media\/8629"}],"wp:attachment":[{"href":"https:\/\/bavarian-bondage.de\/de\/wp-json\/wp\/v2\/media?parent=2991"}],"wp:term":[{"taxonomy":"product_brand","embeddable":true,"href":"https:\/\/bavarian-bondage.de\/de\/wp-json\/wp\/v2\/product_brand?post=2991"},{"taxonomy":"product_cat","embeddable":true,"href":"https:\/\/bavarian-bondage.de\/de\/wp-json\/wp\/v2\/product_cat?post=2991"},{"taxonomy":"product_tag","embeddable":true,"href":"https:\/\/bavarian-bondage.de\/de\/wp-json\/wp\/v2\/product_tag?post=2991"}],"curies":[{"name":"wp","href":"https:\/\/api.w.org\/{rel}","templated":true}]}}