{"id":2993,"date":"2020-10-17T12:56:41","date_gmt":"2020-10-17T10:56:41","guid":{"rendered":"https:\/\/bavarian-bondage.tivendo.com\/produkt\/import-placeholder-for-534\/"},"modified":"2026-01-15T17:33:51","modified_gmt":"2026-01-15T16:33:51","slug":"gerte-klassisch","status":"publish","type":"product","link":"https:\/\/bavarian-bondage.de\/de\/produkt\/gerte-klassisch\/","title":{"rendered":"Gerte klassisch"},"content":{"rendered":"<h3 style=\"text-align: center\">Gerte Klassisch<\/h3>\n<p style=\"text-align: center\">Eine schlichte, aber dennoch elegante Gerte. Sie besteht aus einem mit Nylon ummantelten Kunststoffkern einer kleinen Lederklatsche. Am Griff befinden sich ein Trageriemen aus Leder sowie ein sch\u00f6ner Abschluss aus Metall.<\/p>\n<p style=\"text-align: center\">Sehr flexibel und effektiv<\/p>\n<p>&nbsp;<\/p>\n<p><strong>Details:<\/strong><\/p>\n<p>Material: Leder, Nylon, Kunststoff, Metall<br \/>\nFarbe Schwarz<br \/>\nL\u00e4nge: 69cm<br \/>\nBreite: 1,5cm<\/p>\n<p>&nbsp;<\/p>\n<p><strong>Lieferumfang:<\/strong> Gerte Klassisch<\/p>\n<p>&nbsp;<\/p>\n<hr \/>\n<blockquote>\n<p style=\"text-align: center\"><span style=\"color: #333399\">Die Angaben zu den Produkten erfolgt nach bestem Wissen und Gewissen. Alle Ma\u00dfe sind ca-Angaben. Die Benutzung der hier im Shop angebotenen Produkte ist auf eigene Gefahr. Jeder Mensch reagiert anders auf \u00e4u\u00dfere Einwirkungen, auf Lust oder Schmerz usw. Daher kann diesbez\u00fcglich f\u00fcr unsachgem\u00e4\u00dfe Anwendung keine Haftung \u00fcbernommen werden. \u00a0Jeder Benutzer tr\u00e4gt die volle Verantwortung f\u00fcr die Verwendung bzw den richtigen Gebrauch der Produkte und dessen unvorhersehbaren Folgen.<\/span><\/p>\n<\/blockquote>\n","protected":false},"excerpt":{"rendered":"<p>Lieferzeit: 5-7 Tage*<\/p>\n","protected":false},"featured_media":8622,"template":"","meta":[],"product_brand":[],"product_cat":[224,252],"product_tag":[],"class_list":{"0":"post-2993","1":"product","2":"type-product","3":"status-publish","4":"has-post-thumbnail","6":"product_cat-lustschmerz","7":"product_cat-peitschen-gerten","9":"first","10":"instock","11":"taxable","12":"shipping-taxable","13":"purchasable","14":"product-type-simple"},"_links":{"self":[{"href":"https:\/\/bavarian-bondage.de\/de\/wp-json\/wp\/v2\/product\/2993","targetHints":{"allow":["GET"]}}],"collection":[{"href":"https:\/\/bavarian-bondage.de\/de\/wp-json\/wp\/v2\/product"}],"about":[{"href":"https:\/\/bavarian-bondage.de\/de\/wp-json\/wp\/v2\/types\/product"}],"version-history":[{"count":4,"href":"https:\/\/bavarian-bondage.de\/de\/wp-json\/wp\/v2\/product\/2993\/revisions"}],"predecessor-version":[{"id":16505,"href":"https:\/\/bavarian-bondage.de\/de\/wp-json\/wp\/v2\/product\/2993\/revisions\/16505"}],"wp:featuredmedia":[{"embeddable":true,"href":"https:\/\/bavarian-bondage.de\/de\/wp-json\/wp\/v2\/media\/8622"}],"wp:attachment":[{"href":"https:\/\/bavarian-bondage.de\/de\/wp-json\/wp\/v2\/media?parent=2993"}],"wp:term":[{"taxonomy":"product_brand","embeddable":true,"href":"https:\/\/bavarian-bondage.de\/de\/wp-json\/wp\/v2\/product_brand?post=2993"},{"taxonomy":"product_cat","embeddable":true,"href":"https:\/\/bavarian-bondage.de\/de\/wp-json\/wp\/v2\/product_cat?post=2993"},{"taxonomy":"product_tag","embeddable":true,"href":"https:\/\/bavarian-bondage.de\/de\/wp-json\/wp\/v2\/product_tag?post=2993"}],"curies":[{"name":"wp","href":"https:\/\/api.w.org\/{rel}","templated":true}]}}