{"id":2994,"date":"2020-10-17T12:50:41","date_gmt":"2020-10-17T10:50:41","guid":{"rendered":"https:\/\/bavarian-bondage.tivendo.com\/produkt\/import-placeholder-for-545\/"},"modified":"2025-05-04T16:50:20","modified_gmt":"2025-05-04T14:50:20","slug":"klammern-mit-haken","status":"publish","type":"product","link":"https:\/\/bavarian-bondage.de\/de\/produkt\/klammern-mit-haken\/","title":{"rendered":"Klammern mit Haken"},"content":{"rendered":"<h3 style=\"text-align: center\">Klammern mit Haken<\/h3>\n<p style=\"text-align: center\">Diese klassischen aus Metall gefertigten Klammern, bieten durch ihre gro\u00dfe, mit Gummi \u00fcberzogene Auflage ein angenehmes Tragegef\u00fchl. \u00a0An den praktischen und beweglichen Haken kann allerlei eingeh\u00e4ngt und befestigt werden.<\/p>\n<p>&nbsp;<\/p>\n<p style=\"text-align: left\"><strong>Details:<\/strong><\/p>\n<p>Material: Metall, Gummiauflage<br \/>\nL\u00e4nge: 7cm<br \/>\nBreite: 3cm<\/p>\n<p>&nbsp;<\/p>\n<p><strong>Lieferumfang:<\/strong> 2 St\u00fcck Klammern mit Haken<\/p>\n<p>&nbsp;<\/p>\n<hr \/>\n<blockquote>\n<p style=\"text-align: center\"><span style=\"color: #333399\">\u00a0Die Angaben zu den Produkten erfolgt nach bestem Wissen und Gewissen. Alle Ma\u00dfe sind ca-Angaben. Die Benutzung der hier im Shop angebotenen Produkte ist auf eigene Gefahr. Jeder Mensch reagiert anders auf \u00e4u\u00dfere Einwirkungen, auf Lust oder Schmerz usw. Daher kann diesbez\u00fcglich f\u00fcr unsachgem\u00e4\u00dfe Anwendung keine Haftung \u00fcbernommen werden. \u00a0Jeder Benutzer tr\u00e4gt die volle Verantwortung f\u00fcr die Verwendung bzw den richtigen Gebrauch der Produkte und dessen unvorhersehbaren Folgen.<\/span><\/p>\n<\/blockquote>\n","protected":false},"excerpt":{"rendered":"<p>Lieferzeit: 5-7 Tage*<\/p>\n","protected":false},"featured_media":8565,"template":"","meta":[],"product_brand":[],"product_cat":[248],"product_tag":[309,310,311],"class_list":{"0":"post-2994","1":"product","2":"type-product","3":"status-publish","4":"has-post-thumbnail","6":"product_cat-klammern","7":"product_tag-haken","8":"product_tag-klammer","9":"product_tag-nippelklammern","11":"first","12":"instock","13":"taxable","14":"shipping-taxable","15":"purchasable","16":"product-type-simple"},"_links":{"self":[{"href":"https:\/\/bavarian-bondage.de\/de\/wp-json\/wp\/v2\/product\/2994","targetHints":{"allow":["GET"]}}],"collection":[{"href":"https:\/\/bavarian-bondage.de\/de\/wp-json\/wp\/v2\/product"}],"about":[{"href":"https:\/\/bavarian-bondage.de\/de\/wp-json\/wp\/v2\/types\/product"}],"version-history":[{"count":3,"href":"https:\/\/bavarian-bondage.de\/de\/wp-json\/wp\/v2\/product\/2994\/revisions"}],"predecessor-version":[{"id":13963,"href":"https:\/\/bavarian-bondage.de\/de\/wp-json\/wp\/v2\/product\/2994\/revisions\/13963"}],"wp:featuredmedia":[{"embeddable":true,"href":"https:\/\/bavarian-bondage.de\/de\/wp-json\/wp\/v2\/media\/8565"}],"wp:attachment":[{"href":"https:\/\/bavarian-bondage.de\/de\/wp-json\/wp\/v2\/media?parent=2994"}],"wp:term":[{"taxonomy":"product_brand","embeddable":true,"href":"https:\/\/bavarian-bondage.de\/de\/wp-json\/wp\/v2\/product_brand?post=2994"},{"taxonomy":"product_cat","embeddable":true,"href":"https:\/\/bavarian-bondage.de\/de\/wp-json\/wp\/v2\/product_cat?post=2994"},{"taxonomy":"product_tag","embeddable":true,"href":"https:\/\/bavarian-bondage.de\/de\/wp-json\/wp\/v2\/product_tag?post=2994"}],"curies":[{"name":"wp","href":"https:\/\/api.w.org\/{rel}","templated":true}]}}