{"id":2996,"date":"2020-10-17T12:58:41","date_gmt":"2020-10-17T10:58:41","guid":{"rendered":"https:\/\/bavarian-bondage.tivendo.com\/produkt\/import-placeholder-for-555\/"},"modified":"2026-01-04T22:56:07","modified_gmt":"2026-01-04T21:56:07","slug":"ledergerte-braun","status":"publish","type":"product","link":"https:\/\/bavarian-bondage.de\/de\/produkt\/ledergerte-braun\/","title":{"rendered":"Ledergerte Braun"},"content":{"rendered":"<h3 style=\"text-align: center\">Ledergerte Braun<\/h3>\n<p style=\"text-align: center\">Eine elegante Gerte mit gro\u00dfer, weicher Echtleder-Klatsche verspricht Spanking auf h\u00f6chsten Niveau. Der mit Kunstleder umwickelte Griff sowie die gro\u00dfe Endkappe sorgen f\u00fcr einen guten Halt. Die Gerte selbst besteht aus mit Nylon ummantelten Kunststoff. Im Vergleich zu anderen Gerten ist diese etwas h\u00e4rter und weniger biegsam.<\/p>\n<p>&nbsp;<\/p>\n<p><strong>Details:<\/strong><\/p>\n<p>Material: Echtleder, Kunstleder, Kunststoff, Nylon<br \/>\nGesamtl\u00e4nge: 60cm<br \/>\nLederklatsche: ca. 7cm lang und 6cm breit<br \/>\nFarbe: Schwarz, Chrom<\/p>\n<p>&nbsp;<\/p>\n<p><strong>Lieferumfang:<\/strong> 1 Ledergerte braun<\/p>\n<p>&nbsp;<\/p>\n<hr \/>\n<blockquote>\n<p style=\"text-align: center\"><span style=\"color: #333399\">Die Angaben zu den Produkten erfolgt nach bestem Wissen und Gewissen. Alle Ma\u00dfe sind ca-Angaben. Die Benutzung der hier im Shop angebotenen Produkte ist auf eigene Gefahr. Jeder Mensch reagiert anders auf \u00e4u\u00dfere Einwirkungen, auf Lust oder Schmerz usw. Daher kann diesbez\u00fcglich f\u00fcr unsachgem\u00e4\u00dfe Anwendung keine Haftung \u00fcbernommen werden. \u00a0Jeder Benutzer tr\u00e4gt die volle Verantwortung f\u00fcr die Verwendung bzw den richtigen Gebrauch der Produkte und dessen unvorhersehbaren Folgen.<\/span><\/p>\n<\/blockquote>\n","protected":false},"excerpt":{"rendered":"<p>Lieferzeit: 5-7 Tage*<\/p>\n","protected":false},"featured_media":8625,"template":"","meta":[],"product_brand":[],"product_cat":[224,252],"product_tag":[],"class_list":{"0":"post-2996","1":"product","2":"type-product","3":"status-publish","4":"has-post-thumbnail","6":"product_cat-lustschmerz","7":"product_cat-peitschen-gerten","9":"first","10":"instock","11":"taxable","12":"shipping-taxable","13":"purchasable","14":"product-type-simple"},"_links":{"self":[{"href":"https:\/\/bavarian-bondage.de\/de\/wp-json\/wp\/v2\/product\/2996","targetHints":{"allow":["GET"]}}],"collection":[{"href":"https:\/\/bavarian-bondage.de\/de\/wp-json\/wp\/v2\/product"}],"about":[{"href":"https:\/\/bavarian-bondage.de\/de\/wp-json\/wp\/v2\/types\/product"}],"version-history":[{"count":4,"href":"https:\/\/bavarian-bondage.de\/de\/wp-json\/wp\/v2\/product\/2996\/revisions"}],"predecessor-version":[{"id":13971,"href":"https:\/\/bavarian-bondage.de\/de\/wp-json\/wp\/v2\/product\/2996\/revisions\/13971"}],"wp:featuredmedia":[{"embeddable":true,"href":"https:\/\/bavarian-bondage.de\/de\/wp-json\/wp\/v2\/media\/8625"}],"wp:attachment":[{"href":"https:\/\/bavarian-bondage.de\/de\/wp-json\/wp\/v2\/media?parent=2996"}],"wp:term":[{"taxonomy":"product_brand","embeddable":true,"href":"https:\/\/bavarian-bondage.de\/de\/wp-json\/wp\/v2\/product_brand?post=2996"},{"taxonomy":"product_cat","embeddable":true,"href":"https:\/\/bavarian-bondage.de\/de\/wp-json\/wp\/v2\/product_cat?post=2996"},{"taxonomy":"product_tag","embeddable":true,"href":"https:\/\/bavarian-bondage.de\/de\/wp-json\/wp\/v2\/product_tag?post=2996"}],"curies":[{"name":"wp","href":"https:\/\/api.w.org\/{rel}","templated":true}]}}