{"id":2997,"date":"2020-10-17T12:55:41","date_gmt":"2020-10-17T10:55:41","guid":{"rendered":"https:\/\/bavarian-bondage.tivendo.com\/produkt\/import-placeholder-for-560\/"},"modified":"2026-03-15T21:54:29","modified_gmt":"2026-03-15T20:54:29","slug":"lederknebel-mit-innenball","status":"publish","type":"product","link":"https:\/\/bavarian-bondage.de\/de\/produkt\/lederknebel-mit-innenball\/","title":{"rendered":"Lederknebel mit Innenball"},"content":{"rendered":"<h3 style=\"text-align: center\">Lederknebel mit Innenball<\/h3>\n<p style=\"text-align: center\">Ein sehr effektiver Echtleder Knebel der den Ball aus TPE im Mund sicher einschlie\u00dft. Durch insgesamt 13 L\u00f6cher zentimeterweise einstellbar.<\/p>\n<p><strong>Details:<\/strong><\/p>\n<p>Material: Echtleder, TPE<br \/>\nGesamtl\u00e4nge: 66cm<br \/>\nBallgr\u00f6\u00dfe: 4cm<br \/>\nLederband: 2cm<br \/>\nFarbe: Schwarz\/Rot<\/p>\n<p>&nbsp;<\/p>\n<p><strong>Lieferumfang:<\/strong> 1 Lederknebel mit Innenball<\/p>\n<p>&nbsp;<\/p>\n<hr \/>\n<blockquote>\n<p style=\"text-align: center\"><span style=\"color: #333399\">Die Angaben zu den Produkten erfolgt nach bestem Wissen und Gewissen. Alle Ma\u00dfe sind ca-Angaben. Die Benutzung der hier im Shop angebotenen Produkte ist auf eigene Gefahr. Jeder Mensch reagiert anders auf \u00e4u\u00dfere Einwirkungen, auf Lust oder Schmerz usw. Daher kann diesbez\u00fcglich f\u00fcr unsachgem\u00e4\u00dfe Anwendung keine Haftung \u00fcbernommen werden. \u00a0Jeder Benutzer tr\u00e4gt die volle Verantwortung f\u00fcr die Verwendung bzw den richtigen Gebrauch der Produkte und dessen unvorhersehbaren Folgen.<\/span><\/p>\n<\/blockquote>\n","protected":false},"excerpt":{"rendered":"<p>Lieferzeit: 5-7 Tage*<\/p>\n","protected":false},"featured_media":8608,"template":"","meta":[],"product_brand":[],"product_cat":[229],"product_tag":[232,312,313],"class_list":{"0":"post-2997","1":"product","2":"type-product","3":"status-publish","4":"has-post-thumbnail","6":"product_cat-knebel","7":"product_tag-knebel","8":"product_tag-ringknebel","9":"product_tag-spidergag","11":"first","12":"instock","13":"taxable","14":"shipping-taxable","15":"purchasable","16":"product-type-simple"},"_links":{"self":[{"href":"https:\/\/bavarian-bondage.de\/de\/wp-json\/wp\/v2\/product\/2997","targetHints":{"allow":["GET"]}}],"collection":[{"href":"https:\/\/bavarian-bondage.de\/de\/wp-json\/wp\/v2\/product"}],"about":[{"href":"https:\/\/bavarian-bondage.de\/de\/wp-json\/wp\/v2\/types\/product"}],"version-history":[{"count":3,"href":"https:\/\/bavarian-bondage.de\/de\/wp-json\/wp\/v2\/product\/2997\/revisions"}],"predecessor-version":[{"id":13965,"href":"https:\/\/bavarian-bondage.de\/de\/wp-json\/wp\/v2\/product\/2997\/revisions\/13965"}],"wp:featuredmedia":[{"embeddable":true,"href":"https:\/\/bavarian-bondage.de\/de\/wp-json\/wp\/v2\/media\/8608"}],"wp:attachment":[{"href":"https:\/\/bavarian-bondage.de\/de\/wp-json\/wp\/v2\/media?parent=2997"}],"wp:term":[{"taxonomy":"product_brand","embeddable":true,"href":"https:\/\/bavarian-bondage.de\/de\/wp-json\/wp\/v2\/product_brand?post=2997"},{"taxonomy":"product_cat","embeddable":true,"href":"https:\/\/bavarian-bondage.de\/de\/wp-json\/wp\/v2\/product_cat?post=2997"},{"taxonomy":"product_tag","embeddable":true,"href":"https:\/\/bavarian-bondage.de\/de\/wp-json\/wp\/v2\/product_tag?post=2997"}],"curies":[{"name":"wp","href":"https:\/\/api.w.org\/{rel}","templated":true}]}}