{"id":2998,"date":"2020-10-17T12:57:41","date_gmt":"2020-10-17T10:57:41","guid":{"rendered":"https:\/\/bavarian-bondage.tivendo.com\/produkt\/import-placeholder-for-565\/"},"modified":"2025-08-22T17:44:22","modified_gmt":"2025-08-22T15:44:22","slug":"silikonknebel-o-ring","status":"publish","type":"product","link":"https:\/\/bavarian-bondage.de\/de\/produkt\/silikonknebel-o-ring\/","title":{"rendered":"Silikonknebel O-Ring"},"content":{"rendered":"<h3 style=\"text-align: center\">Silikonknebel O-Ring<\/h3>\n<p style=\"text-align: center\">Ein kleiner aber dennoch sehr effektiver Ringknebel der unauff\u00e4llig in jede Hosentasche passen w\u00fcrde. \u00a0Der Knebel besteht aus einem mit Silikon ummantelten Metallring und einem D\u00fcnnen ebenfalls aus Silikon gefertigten Befestigungsriemen zur Fixierung und ist somit leicht und angenehm zu tragen.<\/p>\n<p style=\"text-align: center\">Der Knebel ist sehr gut verarbeitet, schneidet nicht ein und sorgt f\u00fcr ein angenehmes Tragegef\u00fchl.<\/p>\n<p>&nbsp;<\/p>\n<p><strong>Detail:<\/strong><\/p>\n<p>Material: Silikon, Metall<br \/>\nRingdurchmesser: 5cm, Innen 4cm<br \/>\nGesamtl\u00e4nge: 65cmm<br \/>\nBandbreite Riemen: 2cm<\/p>\n<p>&nbsp;<\/p>\n<p><strong>Lieferumfang:<\/strong> 1 Silikonknebel O-Ring<\/p>\n<p>&nbsp;<\/p>\n<hr \/>\n<blockquote>\n<p style=\"text-align: center\"><span style=\"color: #333399\">Die Angaben zu den Produkten erfolgt nach bestem Wissen und Gewissen. Alle Ma\u00dfe sind ca-Angaben. Die Benutzung der hier im Shop angebotenen Produkte ist auf eigene Gefahr. Jeder Mensch reagiert anders auf \u00e4u\u00dfere Einwirkungen, auf Lust oder Schmerz usw. Daher kann diesbez\u00fcglich f\u00fcr unsachgem\u00e4\u00dfe Anwendung keine Haftung \u00fcbernommen werden. \u00a0Jeder Benutzer tr\u00e4gt die volle Verantwortung f\u00fcr die Verwendung bzw den richtigen Gebrauch der Produkte und dessen unvorhersehbaren Folgen.<\/span><\/p>\n<\/blockquote>\n","protected":false},"excerpt":{"rendered":"<p>Lieferzeit: 5-7 Tage*<\/p>\n","protected":false},"featured_media":8610,"template":"","meta":[],"product_brand":[],"product_cat":[229],"product_tag":[227,306,312],"class_list":{"0":"post-2998","1":"product","2":"type-product","3":"status-publish","4":"has-post-thumbnail","6":"product_cat-knebel","7":"product_tag-bondage","8":"product_tag-leder","9":"product_tag-ringknebel","11":"first","12":"instock","13":"taxable","14":"shipping-taxable","15":"purchasable","16":"product-type-simple"},"_links":{"self":[{"href":"https:\/\/bavarian-bondage.de\/de\/wp-json\/wp\/v2\/product\/2998","targetHints":{"allow":["GET"]}}],"collection":[{"href":"https:\/\/bavarian-bondage.de\/de\/wp-json\/wp\/v2\/product"}],"about":[{"href":"https:\/\/bavarian-bondage.de\/de\/wp-json\/wp\/v2\/types\/product"}],"version-history":[{"count":4,"href":"https:\/\/bavarian-bondage.de\/de\/wp-json\/wp\/v2\/product\/2998\/revisions"}],"predecessor-version":[{"id":13966,"href":"https:\/\/bavarian-bondage.de\/de\/wp-json\/wp\/v2\/product\/2998\/revisions\/13966"}],"wp:featuredmedia":[{"embeddable":true,"href":"https:\/\/bavarian-bondage.de\/de\/wp-json\/wp\/v2\/media\/8610"}],"wp:attachment":[{"href":"https:\/\/bavarian-bondage.de\/de\/wp-json\/wp\/v2\/media?parent=2998"}],"wp:term":[{"taxonomy":"product_brand","embeddable":true,"href":"https:\/\/bavarian-bondage.de\/de\/wp-json\/wp\/v2\/product_brand?post=2998"},{"taxonomy":"product_cat","embeddable":true,"href":"https:\/\/bavarian-bondage.de\/de\/wp-json\/wp\/v2\/product_cat?post=2998"},{"taxonomy":"product_tag","embeddable":true,"href":"https:\/\/bavarian-bondage.de\/de\/wp-json\/wp\/v2\/product_tag?post=2998"}],"curies":[{"name":"wp","href":"https:\/\/api.w.org\/{rel}","templated":true}]}}