{"id":2999,"date":"2020-10-17T12:56:42","date_gmt":"2020-10-17T10:56:42","guid":{"rendered":"https:\/\/bavarian-bondage.tivendo.com\/produkt\/import-placeholder-for-570\/"},"modified":"2025-08-05T22:52:35","modified_gmt":"2025-08-05T20:52:35","slug":"lederpaddel","status":"publish","type":"product","link":"https:\/\/bavarian-bondage.de\/de\/produkt\/lederpaddel\/","title":{"rendered":"Lederpaddel"},"content":{"rendered":"<h3 style=\"text-align: center\">Lederpaddel<\/h3>\n<p style=\"text-align: center\">Ein Lederpaddel der ganz klassischen Art mit schwarzem Holzgriff der gut in der Hand liegt und einer Trageschlaufe. Das Leder selbst ist nicht zu dick, angenehm weich und beweglich. \u00a0Mit einer Gesamtl\u00e4nge von 46cm und einer Breite von 9cm gro\u00df genug f\u00fcr bestm\u00f6gliche Ergebnisse.<\/p>\n<p>&nbsp;<\/p>\n<p><strong>Details:<\/strong><\/p>\n<p>Material: Echtleder, Holz<br \/>\nFarbe: Schwarz<br \/>\nGesamtl\u00e4nge: 46cm<br \/>\nGriffl\u00e4nge: 24cm<br \/>\nBreite: 9cm<\/p>\n<p>&nbsp;<\/p>\n<p><strong>Lieferumfang:<\/strong> 1 Lederpaddel<\/p>\n<p>&nbsp;<\/p>\n<hr \/>\n<blockquote>\n<p style=\"text-align: center\"><span style=\"color: #333399\">\u00a0Die Angaben zu den Produkten erfolgt nach bestem Wissen und Gewissen. Alle Ma\u00dfe sind ca-Angaben. Die Benutzung der hier im Shop angebotenen Produkte ist auf eigene Gefahr. Jeder Mensch reagiert anders auf \u00e4u\u00dfere Einwirkungen, auf Lust oder Schmerz usw. Daher kann diesbez\u00fcglich f\u00fcr unsachgem\u00e4\u00dfe Anwendung keine Haftung \u00fcbernommen werden. \u00a0Jeder Benutzer tr\u00e4gt die volle Verantwortung f\u00fcr die Verwendung bzw den richtigen Gebrauch der Produkte und dessen unvorhersehbaren Folgen.<\/span><\/p>\n<\/blockquote>\n","protected":false},"excerpt":{"rendered":"<p>Lieferzeit: 5-7 Tage*<\/p>\n","protected":false},"featured_media":8636,"template":"","meta":[],"product_brand":[],"product_cat":[224,252],"product_tag":[254,314,315],"class_list":{"0":"post-2999","1":"product","2":"type-product","3":"status-publish","4":"has-post-thumbnail","6":"product_cat-lustschmerz","7":"product_cat-peitschen-gerten","8":"product_tag-echtleder","9":"product_tag-holzgriff","10":"product_tag-lederpaddel","12":"first","13":"instock","14":"taxable","15":"shipping-taxable","16":"purchasable","17":"product-type-simple"},"_links":{"self":[{"href":"https:\/\/bavarian-bondage.de\/de\/wp-json\/wp\/v2\/product\/2999","targetHints":{"allow":["GET"]}}],"collection":[{"href":"https:\/\/bavarian-bondage.de\/de\/wp-json\/wp\/v2\/product"}],"about":[{"href":"https:\/\/bavarian-bondage.de\/de\/wp-json\/wp\/v2\/types\/product"}],"version-history":[{"count":3,"href":"https:\/\/bavarian-bondage.de\/de\/wp-json\/wp\/v2\/product\/2999\/revisions"}],"predecessor-version":[{"id":13975,"href":"https:\/\/bavarian-bondage.de\/de\/wp-json\/wp\/v2\/product\/2999\/revisions\/13975"}],"wp:featuredmedia":[{"embeddable":true,"href":"https:\/\/bavarian-bondage.de\/de\/wp-json\/wp\/v2\/media\/8636"}],"wp:attachment":[{"href":"https:\/\/bavarian-bondage.de\/de\/wp-json\/wp\/v2\/media?parent=2999"}],"wp:term":[{"taxonomy":"product_brand","embeddable":true,"href":"https:\/\/bavarian-bondage.de\/de\/wp-json\/wp\/v2\/product_brand?post=2999"},{"taxonomy":"product_cat","embeddable":true,"href":"https:\/\/bavarian-bondage.de\/de\/wp-json\/wp\/v2\/product_cat?post=2999"},{"taxonomy":"product_tag","embeddable":true,"href":"https:\/\/bavarian-bondage.de\/de\/wp-json\/wp\/v2\/product_tag?post=2999"}],"curies":[{"name":"wp","href":"https:\/\/api.w.org\/{rel}","templated":true}]}}