{"id":3000,"date":"2020-10-17T12:58:42","date_gmt":"2020-10-17T10:58:42","guid":{"rendered":"https:\/\/bavarian-bondage.tivendo.com\/produkt\/import-placeholder-for-575\/"},"modified":"2025-11-16T02:03:50","modified_gmt":"2025-11-16T01:03:50","slug":"lederpeitsche-lila","status":"publish","type":"product","link":"https:\/\/bavarian-bondage.de\/de\/produkt\/lederpeitsche-lila\/","title":{"rendered":"Lederpeitsche Lila"},"content":{"rendered":"<h3 style=\"text-align: center\">Lederpeitsche Lila<\/h3>\n<p style=\"text-align: center\">Diese kleine und sehr elegante Peitsche besteht aus einem mit Leder ummantelten Holzgriff, einer Trageschlaufe und 40 sehr weichen Lederstriemen. Von zarten Streicheleinheiten bis zu kr\u00e4ftigen Bestrafungen ist die kleine Peitsche bestens geeignet.<\/p>\n<p style=\"text-align: center\">Kleine sehr sch\u00f6n verarbeitete Wildlederpeitsche.<\/p>\n<p><strong>Details:<\/strong><\/p>\n<p>Material: Leder, Holzgriff<br \/>\nFarbe: Lila \/ Schwarz<br \/>\nL\u00e4nge: 44cm<br \/>\nGriffl\u00e4nge: 16cm<br \/>\nBreite: 35mm<\/p>\n<p>&nbsp;<\/p>\n<p><strong>Lieferumfang:<\/strong> 1 Lederpeitsche Lila<\/p>\n<p>&nbsp;<\/p>\n<hr \/>\n<blockquote>\n<p style=\"text-align: center\"><span style=\"color: #333399\">Die Angaben zu den Produkten erfolgt nach bestem Wissen und Gewissen. Alle Ma\u00dfe sind ca-Angaben. Die Benutzung der hier im Shop angebotenen Produkte ist auf eigene Gefahr. Jeder Mensch reagiert anders auf \u00e4u\u00dfere Einwirkungen, auf Lust oder Schmerz usw. Daher kann diesbez\u00fcglich f\u00fcr unsachgem\u00e4\u00dfe Anwendung keine Haftung \u00fcbernommen werden. \u00a0Jeder Benutzer tr\u00e4gt die volle Verantwortung f\u00fcr die Verwendung bzw den richtigen Gebrauch der Produkte und dessen unvorhersehbaren Folgen.<\/span><\/p>\n<\/blockquote>\n","protected":false},"excerpt":{"rendered":"<p>Lieferzeit: 5-7 Tage*<\/p>\n","protected":false},"featured_media":8653,"template":"","meta":[],"product_brand":[],"product_cat":[224,252],"product_tag":[307,316],"class_list":{"0":"post-3000","1":"product","2":"type-product","3":"status-publish","4":"has-post-thumbnail","6":"product_cat-lustschmerz","7":"product_cat-peitschen-gerten","8":"product_tag-peitsche","9":"product_tag-wildleder","11":"first","12":"instock","13":"taxable","14":"shipping-taxable","15":"purchasable","16":"product-type-simple"},"_links":{"self":[{"href":"https:\/\/bavarian-bondage.de\/de\/wp-json\/wp\/v2\/product\/3000","targetHints":{"allow":["GET"]}}],"collection":[{"href":"https:\/\/bavarian-bondage.de\/de\/wp-json\/wp\/v2\/product"}],"about":[{"href":"https:\/\/bavarian-bondage.de\/de\/wp-json\/wp\/v2\/types\/product"}],"version-history":[{"count":4,"href":"https:\/\/bavarian-bondage.de\/de\/wp-json\/wp\/v2\/product\/3000\/revisions"}],"predecessor-version":[{"id":13970,"href":"https:\/\/bavarian-bondage.de\/de\/wp-json\/wp\/v2\/product\/3000\/revisions\/13970"}],"wp:featuredmedia":[{"embeddable":true,"href":"https:\/\/bavarian-bondage.de\/de\/wp-json\/wp\/v2\/media\/8653"}],"wp:attachment":[{"href":"https:\/\/bavarian-bondage.de\/de\/wp-json\/wp\/v2\/media?parent=3000"}],"wp:term":[{"taxonomy":"product_brand","embeddable":true,"href":"https:\/\/bavarian-bondage.de\/de\/wp-json\/wp\/v2\/product_brand?post=3000"},{"taxonomy":"product_cat","embeddable":true,"href":"https:\/\/bavarian-bondage.de\/de\/wp-json\/wp\/v2\/product_cat?post=3000"},{"taxonomy":"product_tag","embeddable":true,"href":"https:\/\/bavarian-bondage.de\/de\/wp-json\/wp\/v2\/product_tag?post=3000"}],"curies":[{"name":"wp","href":"https:\/\/api.w.org\/{rel}","templated":true}]}}