{"id":3003,"date":"2020-10-17T12:56:53","date_gmt":"2020-10-17T10:56:53","guid":{"rendered":"https:\/\/bavarian-bondage.tivendo.com\/produkt\/import-placeholder-for-592\/"},"modified":"2026-01-15T17:29:29","modified_gmt":"2026-01-15T16:29:29","slug":"paddel-schmal","status":"publish","type":"product","link":"https:\/\/bavarian-bondage.de\/de\/produkt\/paddel-schmal\/","title":{"rendered":"Paddel Schmal"},"content":{"rendered":"<h3 style=\"text-align: center\">Paddel Schmal<\/h3>\n<p style=\"text-align: center\">Ein Paddel, oder doch ein Rohrstock? Auf jeden Fall ein sehr sch\u00f6n verarbeitetes und effektives Toy, das f\u00fcr viel Spa\u00df sorgen kann. Das solide Paddel besteht aus einem Griff aus Gummi und einer gepolsterten und mit Leder \u00fcberzogenen Schlagfl\u00e4che.<\/p>\n<p style=\"text-align: center\">Ein neuartiges und geniales Design.<\/p>\n<p>&nbsp;<\/p>\n<p><strong>Details:<\/strong><\/p>\n<p>Material: Leder, Gummi<br \/>\nFarbe: Schwarz<br \/>\nL\u00e4nge: 60cm<br \/>\nBreite: 35mm<\/p>\n<p>&nbsp;<\/p>\n<p><strong>Lieferumfang:<\/strong> 1 Paddel Schmal<\/p>\n<p>&nbsp;<\/p>\n<hr \/>\n<blockquote>\n<p style=\"text-align: center\"><span style=\"color: #333399\">Die Angaben zu den Produkten erfolgt nach bestem Wissen und Gewissen. Alle Ma\u00dfe sind ca-Angaben. Die Benutzung der hier im Shop angebotenen Produkte ist auf eigene Gefahr. Jeder Mensch reagiert anders auf \u00e4u\u00dfere Einwirkungen, auf Lust oder Schmerz usw. Daher kann diesbez\u00fcglich f\u00fcr unsachgem\u00e4\u00dfe Anwendung keine Haftung \u00fcbernommen werden. \u00a0Jeder Benutzer tr\u00e4gt die volle Verantwortung f\u00fcr die Verwendung bzw den richtigen Gebrauch der Produkte und dessen unvorhersehbaren Folgen.<\/span><\/p>\n<\/blockquote>\n","protected":false},"excerpt":{"rendered":"<p>Lieferzeit: 5-7 Tage*<\/p>\n","protected":false},"featured_media":8633,"template":"","meta":[],"product_brand":[],"product_cat":[224,252],"product_tag":[255,306,308],"class_list":{"0":"post-3003","1":"product","2":"type-product","3":"status-publish","4":"has-post-thumbnail","6":"product_cat-lustschmerz","7":"product_cat-peitschen-gerten","8":"product_tag-paddel","9":"product_tag-leder","10":"product_tag-rohrstock","12":"first","13":"instock","14":"taxable","15":"shipping-taxable","16":"purchasable","17":"product-type-simple"},"_links":{"self":[{"href":"https:\/\/bavarian-bondage.de\/de\/wp-json\/wp\/v2\/product\/3003","targetHints":{"allow":["GET"]}}],"collection":[{"href":"https:\/\/bavarian-bondage.de\/de\/wp-json\/wp\/v2\/product"}],"about":[{"href":"https:\/\/bavarian-bondage.de\/de\/wp-json\/wp\/v2\/types\/product"}],"version-history":[{"count":3,"href":"https:\/\/bavarian-bondage.de\/de\/wp-json\/wp\/v2\/product\/3003\/revisions"}],"predecessor-version":[{"id":16497,"href":"https:\/\/bavarian-bondage.de\/de\/wp-json\/wp\/v2\/product\/3003\/revisions\/16497"}],"wp:featuredmedia":[{"embeddable":true,"href":"https:\/\/bavarian-bondage.de\/de\/wp-json\/wp\/v2\/media\/8633"}],"wp:attachment":[{"href":"https:\/\/bavarian-bondage.de\/de\/wp-json\/wp\/v2\/media?parent=3003"}],"wp:term":[{"taxonomy":"product_brand","embeddable":true,"href":"https:\/\/bavarian-bondage.de\/de\/wp-json\/wp\/v2\/product_brand?post=3003"},{"taxonomy":"product_cat","embeddable":true,"href":"https:\/\/bavarian-bondage.de\/de\/wp-json\/wp\/v2\/product_cat?post=3003"},{"taxonomy":"product_tag","embeddable":true,"href":"https:\/\/bavarian-bondage.de\/de\/wp-json\/wp\/v2\/product_tag?post=3003"}],"curies":[{"name":"wp","href":"https:\/\/api.w.org\/{rel}","templated":true}]}}