{"id":3012,"date":"2020-10-17T12:56:54","date_gmt":"2020-10-17T10:56:54","guid":{"rendered":"https:\/\/bavarian-bondage.tivendo.com\/produkt\/import-placeholder-for-619\/"},"modified":"2026-04-11T14:27:10","modified_gmt":"2026-04-11T12:27:10","slug":"seilknebel","status":"publish","type":"product","link":"https:\/\/bavarian-bondage.de\/de\/produkt\/seilknebel\/","title":{"rendered":"Seilknebel"},"content":{"rendered":"<h3 style=\"text-align: center\">Seilknebel<\/h3>\n<p style=\"text-align: center\">Der Seilknebel ist eine spannende Alternative zu herk\u00f6mmlichen Knebeln, die das Gesamtbild sch\u00f6ner Fesselungen perfekt abrundet. Der Grundk\u00f6rper besteht aus Birkenholz und die Ummantelung aus 4mm Hanfseil. Erg\u00e4nzt wird der Rope-Gag durch ein ca. 3m langes Reserveseil in Natur. Durch die Konstruktion des Grundk\u00f6rpers kann das Seil problemlos abgenommen werden, um es zu waschen oder auszutauschen. Das erm\u00f6glicht eine dauerhafte Hygiene. Der Seilknebel steht in drei Farben zur Auswahl.<\/p>\n<p>&nbsp;<\/p>\n<p style=\"text-align: left\"><strong>Detail:<\/strong><\/p>\n<p>Material: Birkenholz, Hanfseil<br \/>\nMa\u00dfe: L 150mm, B 25mm<br \/>\nGesamtl\u00e4nge: ca. 750mm<br \/>\nReserveseil: 4mm Hanfseil Natur, ca. 3m<\/p>\n<p>&nbsp;<\/p>\n<p><strong>Lieferumfang wahlweise:\u00a0 <\/strong>1 Seilknebel plus Reserveseil oder Reserveseil einzeln<\/p>\n<p>&nbsp;<\/p>\n<hr \/>\n<blockquote>\n<p style=\"text-align: center\"><span style=\"color: #333399\">Die Angaben zu den Produkten erfolgt nach bestem Wissen und Gewissen. Alle Ma\u00dfe sind ca-Angaben. Die Benutzung der hier im Shop angebotenen Produkte ist auf eigene Gefahr. Jeder Mensch reagiert anders auf \u00e4u\u00dfere Einwirkungen, auf Lust oder Schmerz usw. Daher kann diesbez\u00fcglich f\u00fcr unsachgem\u00e4\u00dfe Anwendung keine Haftung \u00fcbernommen werden. \u00a0Jeder Benutzer tr\u00e4gt die volle Verantwortung f\u00fcr die Verwendung bzw den richtigen Gebrauch der Produkte und dessen unvorhersehbaren Folgen.<\/span><\/p>\n<\/blockquote>\n","protected":false},"excerpt":{"rendered":"<p>Lieferzeit: 5-7 Tage*<\/p>\n","protected":false},"featured_media":8883,"template":"","meta":[],"product_brand":[],"product_cat":[229],"product_tag":[227,260,325,326],"class_list":{"0":"post-3012","1":"product","2":"type-product","3":"status-publish","4":"has-post-thumbnail","6":"product_cat-knebel","7":"product_tag-bondage","8":"product_tag-hanfseil","9":"product_tag-ropegag","10":"product_tag-seilknebel","12":"first","13":"instock","14":"taxable","15":"shipping-taxable","16":"purchasable","17":"product-type-variable"},"_links":{"self":[{"href":"https:\/\/bavarian-bondage.de\/de\/wp-json\/wp\/v2\/product\/3012","targetHints":{"allow":["GET"]}}],"collection":[{"href":"https:\/\/bavarian-bondage.de\/de\/wp-json\/wp\/v2\/product"}],"about":[{"href":"https:\/\/bavarian-bondage.de\/de\/wp-json\/wp\/v2\/types\/product"}],"version-history":[{"count":4,"href":"https:\/\/bavarian-bondage.de\/de\/wp-json\/wp\/v2\/product\/3012\/revisions"}],"predecessor-version":[{"id":16510,"href":"https:\/\/bavarian-bondage.de\/de\/wp-json\/wp\/v2\/product\/3012\/revisions\/16510"}],"wp:featuredmedia":[{"embeddable":true,"href":"https:\/\/bavarian-bondage.de\/de\/wp-json\/wp\/v2\/media\/8883"}],"wp:attachment":[{"href":"https:\/\/bavarian-bondage.de\/de\/wp-json\/wp\/v2\/media?parent=3012"}],"wp:term":[{"taxonomy":"product_brand","embeddable":true,"href":"https:\/\/bavarian-bondage.de\/de\/wp-json\/wp\/v2\/product_brand?post=3012"},{"taxonomy":"product_cat","embeddable":true,"href":"https:\/\/bavarian-bondage.de\/de\/wp-json\/wp\/v2\/product_cat?post=3012"},{"taxonomy":"product_tag","embeddable":true,"href":"https:\/\/bavarian-bondage.de\/de\/wp-json\/wp\/v2\/product_tag?post=3012"}],"curies":[{"name":"wp","href":"https:\/\/api.w.org\/{rel}","templated":true}]}}