{"id":3015,"date":"2020-10-17T12:56:55","date_gmt":"2020-10-17T10:56:55","guid":{"rendered":"https:\/\/bavarian-bondage.tivendo.com\/produkt\/import-placeholder-for-626\/"},"modified":"2026-04-12T09:14:43","modified_gmt":"2026-04-12T07:14:43","slug":"seilpflegeoel-basis-100ml","status":"publish","type":"product","link":"https:\/\/bavarian-bondage.de\/de\/produkt\/seilpflegeoel-basis-100ml\/","title":{"rendered":"Seilpflege\u00f6l Basis 100ml"},"content":{"rendered":"<h3 style=\"text-align: center\">Seilpflege\u00f6l Basis<\/h3>\n<p style=\"text-align: center\">(Eigene Herstellung)<\/p>\n<p style=\"text-align: center\">Es ist d\u00fcnnfl\u00fcssig, 100% nat\u00fcrlich und hat einen neutralen Geruch!<\/p>\n<p style=\"text-align: center\">Tipps zur Seilpflege und Anwendung findet ihr <a href=\"https:\/\/bavarian-bondage.de\/pflegetipps-fuer-die-seile\/\">hier.<\/a><\/p>\n<p>&nbsp;<\/p>\n<p style=\"text-align: center\"><span style=\"color: #ff0000\">Kein Kosmetikartikel.<\/span><\/p>\n<p style=\"text-align: center\"><span style=\"color: #ff0000\">Nicht zum Verzehr geeignet.<\/span><\/p>\n<p>&nbsp;<\/p>\n<p><strong>Zusammensetzung:<\/strong><\/p>\n<p>Jojoba\u00f6l<br \/>\nKamelien\u00f6l<br \/>\nBienenwachs<\/p>\n<p>&nbsp;<\/p>\n<p><strong>Lieferumfang:<\/strong> 100ml Seilpflege\u00f6l Basis<\/p>\n<p>&nbsp;<\/p>\n<hr \/>\n<blockquote>\n<p style=\"text-align: center\"><span style=\"color: #333399\">Die Angaben zu den Produkten erfolgt nach bestem Wissen und Gewissen. Alle Ma\u00dfe sind ca-Angaben. Die Benutzung der hier im Shop angebotenen Produkte ist auf eigene Gefahr. Jeder Mensch reagiert anders auf \u00e4u\u00dfere Einwirkungen, auf Lust oder Schmerz usw. Daher kann diesbez\u00fcglich f\u00fcr unsachgem\u00e4\u00dfe Anwendung keine Haftung \u00fcbernommen werden. \u00a0Jeder Benutzer tr\u00e4gt die volle Verantwortung f\u00fcr die Verwendung bzw den richtigen Gebrauch der Produkte und dessen unvorhersehbaren Folgen.<\/span><\/p>\n<\/blockquote>\n","protected":false},"excerpt":{"rendered":"<p>Grundpreis: 89,00 \u20ac\/l<\/p>\n<p>Lieferzeit: 5-7 Tage*<\/p>\n","protected":false},"featured_media":8544,"template":"","meta":[],"product_brand":[],"product_cat":[322],"product_tag":[324,327],"class_list":{"0":"post-3015","1":"product","2":"type-product","3":"status-publish","4":"has-post-thumbnail","6":"product_cat-seilpflege","7":"product_tag-seilpflege","8":"product_tag-seilpflegeoel","10":"first","11":"instock","12":"taxable","13":"shipping-taxable","14":"purchasable","15":"product-type-simple"},"_links":{"self":[{"href":"https:\/\/bavarian-bondage.de\/de\/wp-json\/wp\/v2\/product\/3015","targetHints":{"allow":["GET"]}}],"collection":[{"href":"https:\/\/bavarian-bondage.de\/de\/wp-json\/wp\/v2\/product"}],"about":[{"href":"https:\/\/bavarian-bondage.de\/de\/wp-json\/wp\/v2\/types\/product"}],"version-history":[{"count":6,"href":"https:\/\/bavarian-bondage.de\/de\/wp-json\/wp\/v2\/product\/3015\/revisions"}],"predecessor-version":[{"id":13911,"href":"https:\/\/bavarian-bondage.de\/de\/wp-json\/wp\/v2\/product\/3015\/revisions\/13911"}],"wp:featuredmedia":[{"embeddable":true,"href":"https:\/\/bavarian-bondage.de\/de\/wp-json\/wp\/v2\/media\/8544"}],"wp:attachment":[{"href":"https:\/\/bavarian-bondage.de\/de\/wp-json\/wp\/v2\/media?parent=3015"}],"wp:term":[{"taxonomy":"product_brand","embeddable":true,"href":"https:\/\/bavarian-bondage.de\/de\/wp-json\/wp\/v2\/product_brand?post=3015"},{"taxonomy":"product_cat","embeddable":true,"href":"https:\/\/bavarian-bondage.de\/de\/wp-json\/wp\/v2\/product_cat?post=3015"},{"taxonomy":"product_tag","embeddable":true,"href":"https:\/\/bavarian-bondage.de\/de\/wp-json\/wp\/v2\/product_tag?post=3015"}],"curies":[{"name":"wp","href":"https:\/\/api.w.org\/{rel}","templated":true}]}}