{"id":3016,"date":"2020-10-17T12:56:55","date_gmt":"2020-10-17T10:56:55","guid":{"rendered":"https:\/\/bavarian-bondage.tivendo.com\/produkt\/import-placeholder-for-628\/"},"modified":"2026-04-09T19:25:23","modified_gmt":"2026-04-09T17:25:23","slug":"seilpflegeoel-eukalyptus-100ml","status":"publish","type":"product","link":"https:\/\/bavarian-bondage.de\/de\/produkt\/seilpflegeoel-eukalyptus-100ml\/","title":{"rendered":"Seilpflege\u00f6l Eukalyptus 100ml"},"content":{"rendered":"<h3 style=\"text-align: center\">Seilpflege\u00f6l Eukalyptus<\/h3>\n<p style=\"text-align: center\">(Eigene Herstellung)<\/p>\n<p style=\"text-align: center\">Eine abgestimmte \u00d6lmischung f\u00fcr die Nachbehandlung von Bondageseilen! Mit dem aromatischen Geruch von Eukalyptus!<\/p>\n<p style=\"text-align: center\">Tipps zur Seilpflege und Anwendung findet ihr <a href=\"https:\/\/bavarian-bondage.de\/pflegetipps-fuer-die-seile\/\">hier.<\/a><\/p>\n<p>&nbsp;<\/p>\n<p style=\"text-align: center\"><span style=\"color: #ff0000\">Kein Kosmetikartikel.<\/span><\/p>\n<p style=\"text-align: center\"><span style=\"color: #ff0000\">Nicht zum Verzehr geeignet.<\/span><\/p>\n<p>&nbsp;<\/p>\n<p><strong>Zusammensetzung:<\/strong><\/p>\n<p>Jojoba\u00f6l<br \/>\nKamelien\u00f6l<br \/>\nBienenwachs<br \/>\n100% nat\u00fcrliches \u00e4therisches Eukalyptus\u00f6l<\/p>\n<p>&nbsp;<\/p>\n<p><strong>Lieferumfang:\u00a0<\/strong>100ml Seilpflege\u00f6l Eukalyptus; Merkblatt<\/p>\n<p>&nbsp;<\/p>\n<hr \/>\n<blockquote>\n<p style=\"text-align: center\"><span style=\"color: #333399\">Die Angaben zu den Produkten erfolgt nach bestem Wissen und Gewissen. Alle Ma\u00dfe sind ca-Angaben. Die Benutzung der hier im Shop angebotenen Produkte ist auf eigene Gefahr. Jeder Mensch reagiert anders auf \u00e4u\u00dfere Einwirkungen, auf Lust oder Schmerz usw. Daher kann diesbez\u00fcglich f\u00fcr unsachgem\u00e4\u00dfe Anwendung keine Haftung \u00fcbernommen werden. \u00a0Jeder Benutzer tr\u00e4gt die volle Verantwortung f\u00fcr die Verwendung bzw den richtigen Gebrauch der Produkte und dessen unvorhersehbaren Folgen.<\/span><\/p>\n<\/blockquote>\n","protected":false},"excerpt":{"rendered":"<p>Grundpreis: 95,00 \u20ac\/l<\/p>\n<p>Lieferzeit: 5-7 Tage*<\/p>\n","protected":false},"featured_media":8547,"template":"","meta":[],"product_brand":[],"product_cat":[322],"product_tag":[324,327],"class_list":{"0":"post-3016","1":"product","2":"type-product","3":"status-publish","4":"has-post-thumbnail","6":"product_cat-seilpflege","7":"product_tag-seilpflege","8":"product_tag-seilpflegeoel","10":"first","11":"instock","12":"taxable","13":"shipping-taxable","14":"purchasable","15":"product-type-simple"},"_links":{"self":[{"href":"https:\/\/bavarian-bondage.de\/de\/wp-json\/wp\/v2\/product\/3016","targetHints":{"allow":["GET"]}}],"collection":[{"href":"https:\/\/bavarian-bondage.de\/de\/wp-json\/wp\/v2\/product"}],"about":[{"href":"https:\/\/bavarian-bondage.de\/de\/wp-json\/wp\/v2\/types\/product"}],"version-history":[{"count":5,"href":"https:\/\/bavarian-bondage.de\/de\/wp-json\/wp\/v2\/product\/3016\/revisions"}],"predecessor-version":[{"id":8537,"href":"https:\/\/bavarian-bondage.de\/de\/wp-json\/wp\/v2\/product\/3016\/revisions\/8537"}],"wp:featuredmedia":[{"embeddable":true,"href":"https:\/\/bavarian-bondage.de\/de\/wp-json\/wp\/v2\/media\/8547"}],"wp:attachment":[{"href":"https:\/\/bavarian-bondage.de\/de\/wp-json\/wp\/v2\/media?parent=3016"}],"wp:term":[{"taxonomy":"product_brand","embeddable":true,"href":"https:\/\/bavarian-bondage.de\/de\/wp-json\/wp\/v2\/product_brand?post=3016"},{"taxonomy":"product_cat","embeddable":true,"href":"https:\/\/bavarian-bondage.de\/de\/wp-json\/wp\/v2\/product_cat?post=3016"},{"taxonomy":"product_tag","embeddable":true,"href":"https:\/\/bavarian-bondage.de\/de\/wp-json\/wp\/v2\/product_tag?post=3016"}],"curies":[{"name":"wp","href":"https:\/\/api.w.org\/{rel}","templated":true}]}}