{"id":3018,"date":"2020-10-17T13:00:55","date_gmt":"2020-10-17T11:00:55","guid":{"rendered":"https:\/\/bavarian-bondage.tivendo.com\/produkt\/import-placeholder-for-632\/"},"modified":"2026-03-27T09:26:42","modified_gmt":"2026-03-27T08:26:42","slug":"leinenhanfseil-natur-5mm-exklusiv-set-10x8m-und-2x4m","status":"publish","type":"product","link":"https:\/\/bavarian-bondage.de\/de\/produkt\/leinenhanfseil-natur-5mm-exklusiv-set-10x8m-und-2x4m\/","title":{"rendered":"Leinenhanf-Seil natur 5mm Exklusiv; Set 10x8m und 2x4m"},"content":{"rendered":"<h3 style=\"text-align: center\">Leinenhanf-Seil 5mm EXKLUSIV!<\/h3>\n<p style=\"text-align: center\">Das gro\u00dfe Set f\u00fcr gro\u00dfe Fesselungen. Insgesamt 88 Meter Bondageseil. Mit diesem Set ist man bestens mit Seilen ausger\u00fcstet! Das Leinenhanf-Seil 5mm EXKLUSIV ist sehr weich und geschmeidig! Es wurde mehrmals behandelt, um die beste Qualit\u00e4t zu erhalten. Das Seil besticht durch eine runde, gleichm\u00e4\u00dfige und knotenlose Struktur auf ganzer L\u00e4nge. Des Weiteren werden die Enden mit kleinen Spleisknoten versehen. Mit seinen 5mm Durchmesser, bestens f\u00fcr kunstvolles fesseln geeignet.<\/p>\n<p style=\"text-align: left\"><strong>Details:<\/strong><\/p>\n<p>Leinenhanf-Seil 5mm EXKLUSIV<br \/>\n3-sch\u00e4ftig gedreht<br \/>\nFarbe: helles Grau<br \/>\nTriskenknoten<br \/>\nL\u00e4nge: 10x8m \/ 2x4m<br \/>\n(Die Seill\u00e4nge kann bis zu 3% von der L\u00e4ngenangabe abweichen)<\/p>\n<blockquote><p>&nbsp;<\/p><\/blockquote>\n<p><strong><span style=\"color: #ff0000\">Hinweis:<\/span><\/strong><\/p>\n<p>Seile regelm\u00e4\u00dfig auf Verschlei\u00df und Besch\u00e4digungen kontrollieren!<br \/>\nBei geschlagenen bzw. gedrehten Seilen kann es passieren, dass diese sich bei der Verwendung lockern!<\/p>\n<p><strong>Lieferumfang:<\/strong> 10x8m \/ 2x4m Leinenhanf-Seil 5mm EXKLUSIV<\/p>\n<p>&nbsp;<\/p>\n<hr \/>\n<blockquote>\n<p style=\"text-align: center\"><span style=\"color: #333399\">Die Angaben zu den Produkten erfolgt nach bestem Wissen und Gewissen. Alle Ma\u00dfe sind ca-Angaben. Die Benutzung der hier im Shop angebotenen Produkte ist auf eigene Gefahr. Jeder Mensch reagiert anders auf \u00e4u\u00dfere Einwirkungen, auf Lust oder Schmerz usw. Daher kann diesbez\u00fcglich f\u00fcr unsachgem\u00e4\u00dfe Anwendung keine Haftung \u00fcbernommen werden. \u00a0Jeder Benutzer tr\u00e4gt die volle Verantwortung f\u00fcr die Verwendung bzw den richtigen Gebrauch der Produkte und dessen unvorhersehbaren Folgen.<\/span><\/p>\n<\/blockquote>\n<p>&nbsp;<\/p>\n","protected":false},"excerpt":{"rendered":"<p>Grundpreis: 1,99 \u20ac\/m<\/p>\n<p>Lieferzeit: 5-7 Tage*<\/p>\n","protected":false},"featured_media":9406,"template":"","meta":[],"product_brand":[],"product_cat":[216,217,218],"product_tag":[261,221,260],"class_list":{"0":"post-3018","1":"product","2":"type-product","3":"status-publish","4":"has-post-thumbnail","6":"product_cat-bondageseile","7":"product_cat-leinenhanfseil","8":"product_cat-leinenhanfseil-natur","9":"product_tag-bondageseil","10":"product_tag-seilset","11":"product_tag-hanfseil","13":"first","14":"instock","15":"taxable","16":"shipping-taxable","17":"purchasable","18":"product-type-simple"},"_links":{"self":[{"href":"https:\/\/bavarian-bondage.de\/de\/wp-json\/wp\/v2\/product\/3018","targetHints":{"allow":["GET"]}}],"collection":[{"href":"https:\/\/bavarian-bondage.de\/de\/wp-json\/wp\/v2\/product"}],"about":[{"href":"https:\/\/bavarian-bondage.de\/de\/wp-json\/wp\/v2\/types\/product"}],"version-history":[{"count":7,"href":"https:\/\/bavarian-bondage.de\/de\/wp-json\/wp\/v2\/product\/3018\/revisions"}],"predecessor-version":[{"id":6153,"href":"https:\/\/bavarian-bondage.de\/de\/wp-json\/wp\/v2\/product\/3018\/revisions\/6153"}],"wp:featuredmedia":[{"embeddable":true,"href":"https:\/\/bavarian-bondage.de\/de\/wp-json\/wp\/v2\/media\/9406"}],"wp:attachment":[{"href":"https:\/\/bavarian-bondage.de\/de\/wp-json\/wp\/v2\/media?parent=3018"}],"wp:term":[{"taxonomy":"product_brand","embeddable":true,"href":"https:\/\/bavarian-bondage.de\/de\/wp-json\/wp\/v2\/product_brand?post=3018"},{"taxonomy":"product_cat","embeddable":true,"href":"https:\/\/bavarian-bondage.de\/de\/wp-json\/wp\/v2\/product_cat?post=3018"},{"taxonomy":"product_tag","embeddable":true,"href":"https:\/\/bavarian-bondage.de\/de\/wp-json\/wp\/v2\/product_tag?post=3018"}],"curies":[{"name":"wp","href":"https:\/\/api.w.org\/{rel}","templated":true}]}}