{"id":3020,"date":"2020-10-17T13:00:55","date_gmt":"2020-10-17T11:00:55","guid":{"rendered":"https:\/\/bavarian-bondage.tivendo.com\/produkt\/import-placeholder-for-640\/"},"modified":"2026-03-27T09:26:56","modified_gmt":"2026-03-27T08:26:56","slug":"leinenhanfseil-natur-6mm-klassik-set-10x8m-und-2x4m","status":"publish","type":"product","link":"https:\/\/bavarian-bondage.de\/de\/produkt\/leinenhanfseil-natur-6mm-klassik-set-10x8m-und-2x4m\/","title":{"rendered":"Leinenhanf-Seil natur 6mm Klassik; Set 10x8m und 2x4m"},"content":{"rendered":"<h3 style=\"text-align: center\">Leinenhanf-Seil 6mm KLASSIK!<\/h3>\n<p style=\"text-align: center\">Das gro\u00dfe Set mit richtig viel Seil! Geeignet f\u00fcr umfangreiche Fesselungen aller Art!<\/p>\n<p style=\"text-align: center\">Das Leinenhanf-Seill 6mm Klassik ist angenehm weich, sehr geschmeidig und besticht durch eine gleichm\u00e4\u00dfige Beschaffenheit. Es ist knotenlos, geruchsneutral und fusselt sehr wenig. Das Hanfseil wurde gewaschen, gebrochen, geflammt und anschlie\u00dfend ge\u00f6lt. Die Farbe des Seils ist ganz nat\u00fcrlich in einem hellen Grauton. Die Enden wurden mit einem einfachen \u00dcberhandknoten versehen!<\/p>\n<p style=\"text-align: left\"><strong>Details:<\/strong><\/p>\n<p>Leinenhanf-Seil 6mm Klassik<br \/>\n3-sch\u00e4ftig gedreht<br \/>\nFarbe: helles Grau<br \/>\n\u00dcberhandknoten<br \/>\nL\u00e4nge: 10x8m \/ 2x4m<br \/>\n(Die Seill\u00e4nge kann bis zu 3% von der L\u00e4ngenangabe abweichen)<\/p>\n<p>&nbsp;<\/p>\n<p><span style=\"color: #ff0000\"><strong>Hinweis:<\/strong><\/span><\/p>\n<p>Seile regelm\u00e4\u00dfig auf Verschlei\u00df und Besch\u00e4digungen kontrollieren!<br \/>\nBei geschlagenen bzw. gedrehten Seilen kann es passieren, dass diese sich bei der Verwendung lockern!<\/p>\n<p><strong>Lieferumfang:\u00a0<\/strong>10x8m \/ 2x4m Leinenhanf-Seil 6mm KLASSIK<\/p>\n<p>&nbsp;<\/p>\n<blockquote>\n<hr \/>\n<p style=\"text-align: center\"><span style=\"color: #333399\">Die Angaben zu den Produkten erfolgt nach bestem Wissen und Gewissen. Alle Ma\u00dfe sind ca-Angaben. Die Benutzung der hier im Shop angebotenen Produkte ist auf eigene Gefahr. Jeder Mensch reagiert anders auf \u00e4u\u00dfere Einwirkungen, auf Lust oder Schmerz usw. Daher kann diesbez\u00fcglich f\u00fcr unsachgem\u00e4\u00dfe Anwendung keine Haftung \u00fcbernommen werden. \u00a0Jeder Benutzer tr\u00e4gt die volle Verantwortung f\u00fcr die Verwendung bzw den richtigen Gebrauch der Produkte und dessen unvorhersehbaren Folgen.<\/span><\/p>\n<\/blockquote>\n","protected":false},"excerpt":{"rendered":"<p>Grundpreis: 1,93 \u20ac\/m<\/p>\n<p>Lieferzeit: 5-7 Tage*<\/p>\n","protected":false},"featured_media":9401,"template":"","meta":[],"product_brand":[],"product_cat":[216,217,218],"product_tag":[261,281,289,528,529],"class_list":{"0":"post-3020","1":"product","2":"type-product","3":"status-publish","4":"has-post-thumbnail","6":"product_cat-bondageseile","7":"product_cat-leinenhanfseil","8":"product_cat-leinenhanfseil-natur","9":"product_tag-bondageseil","10":"product_tag-hanfseil-6mm","11":"product_tag-natur","12":"product_tag-leinenhanfseil","13":"product_tag-leinenhanf","15":"first","16":"outofstock","17":"taxable","18":"shipping-taxable","19":"purchasable","20":"product-type-simple"},"_links":{"self":[{"href":"https:\/\/bavarian-bondage.de\/de\/wp-json\/wp\/v2\/product\/3020","targetHints":{"allow":["GET"]}}],"collection":[{"href":"https:\/\/bavarian-bondage.de\/de\/wp-json\/wp\/v2\/product"}],"about":[{"href":"https:\/\/bavarian-bondage.de\/de\/wp-json\/wp\/v2\/types\/product"}],"version-history":[{"count":5,"href":"https:\/\/bavarian-bondage.de\/de\/wp-json\/wp\/v2\/product\/3020\/revisions"}],"predecessor-version":[{"id":16203,"href":"https:\/\/bavarian-bondage.de\/de\/wp-json\/wp\/v2\/product\/3020\/revisions\/16203"}],"wp:featuredmedia":[{"embeddable":true,"href":"https:\/\/bavarian-bondage.de\/de\/wp-json\/wp\/v2\/media\/9401"}],"wp:attachment":[{"href":"https:\/\/bavarian-bondage.de\/de\/wp-json\/wp\/v2\/media?parent=3020"}],"wp:term":[{"taxonomy":"product_brand","embeddable":true,"href":"https:\/\/bavarian-bondage.de\/de\/wp-json\/wp\/v2\/product_brand?post=3020"},{"taxonomy":"product_cat","embeddable":true,"href":"https:\/\/bavarian-bondage.de\/de\/wp-json\/wp\/v2\/product_cat?post=3020"},{"taxonomy":"product_tag","embeddable":true,"href":"https:\/\/bavarian-bondage.de\/de\/wp-json\/wp\/v2\/product_tag?post=3020"}],"curies":[{"name":"wp","href":"https:\/\/api.w.org\/{rel}","templated":true}]}}