{"id":3034,"date":"2020-10-17T12:57:03","date_gmt":"2020-10-17T10:57:03","guid":{"rendered":"https:\/\/bavarian-bondage.tivendo.com\/produkt\/import-placeholder-for-676\/"},"modified":"2026-03-12T08:43:45","modified_gmt":"2026-03-12T07:43:45","slug":"leinenhanfseil-petrol-6mm-exklusiv-set-3x8m","status":"publish","type":"product","link":"https:\/\/bavarian-bondage.de\/de\/produkt\/leinenhanfseil-petrol-6mm-exklusiv-set-3x8m\/","title":{"rendered":"Leinenhanf-Seil Petrol 6mm Exklusiv; Set 3x8m"},"content":{"rendered":"<p style=\"text-align: center\"><strong>Leinenhanf-Seil 6mm petrol EXKLUSIV<\/strong><\/p>\n<p style=\"text-align: center\">F\u00fcr den Start und die ersten Fesselungen reichen drei Seile schon aus!<\/p>\n<p style=\"text-align: center\">Das Leinenhanf-Seil 6mm EXKLUSIV ist sehr weich, kr\u00e4ftig in der Farbe und geschmeidig! Es wurde mehrmals behandelt, um die beste Qualit\u00e4t zu erhalten. Das Seil besticht durch eine runde, gleichm\u00e4\u00dfige und knotenlose Struktur auf ganzer L\u00e4nge. Des Weiteren werden die Enden mit kleinen Knoten versehen.<\/p>\n<p>&nbsp;<\/p>\n<p><strong>Details:<\/strong><\/p>\n<p>Leinenhanf-Seil 6mm petrol EXKLUSIV<br \/>\n3-sch\u00e4ftig gedreht<br \/>\nFarbe: Petrol<br \/>\nTriskenknoten<br \/>\nL\u00e4nge: 3x8m<br \/>\n(Die Seill\u00e4nge kann bis zu 3% von der L\u00e4ngenangabe abweichen)<\/p>\n<p>&nbsp;<\/p>\n<p><span style=\"color: #ff0000\"><strong>Hinweis:<\/strong><\/span><\/p>\n<p>Seile regelm\u00e4\u00dfig auf Verschlei\u00df und Besch\u00e4digungen kontrollieren! Bei geschlagenen\u00a0bzw.\u00a0gedrehten Seilen kann es\u00a0passieren, dass diese sich bei der Verwendung lockern!<br \/>\nDie Seile wurden im Ganzen gef\u00e4rbt und sind nicht bis zur Mitte in gleicher Farbe.<\/p>\n<p>&nbsp;<\/p>\n<p><strong>Lieferumfang:<\/strong> Seilset 3x8m Leinenhanf-Seil 6mm petrol EXKLUSIV<\/p>\n<p>&nbsp;<\/p>\n<hr \/>\n<blockquote>\n<p style=\"text-align: center\"><span style=\"color: #333399\">Die Angaben zu den Produkten erfolgt nach bestem Wissen und Gewissen. Alle Ma\u00dfe sind ca-Angaben. Die Benutzung der hier im Shop angebotenen Produkte ist auf eigene Gefahr. Jeder Mensch reagiert anders auf \u00e4u\u00dfere Einwirkungen, auf Lust oder Schmerz usw. Daher kann diesbez\u00fcglich f\u00fcr unsachgem\u00e4\u00dfe Anwendung keine Haftung \u00fcbernommen werden. \u00a0Jeder Benutzer tr\u00e4gt die volle Verantwortung f\u00fcr die Verwendung bzw den richtigen Gebrauch der Produkte und dessen unvorhersehbaren Folgen.<\/span><\/p>\n<\/blockquote>\n","protected":false},"excerpt":{"rendered":"<p>Grundpreis: 2,81 \u20ac\/m<\/p>\n<p>Lieferzeit: 5-7 Tage*<\/p>\n","protected":false},"featured_media":9702,"template":"","meta":[],"product_brand":[],"product_cat":[216,217,262,266],"product_tag":[332,530,221,281],"class_list":{"0":"post-3034","1":"product","2":"type-product","3":"status-publish","4":"has-post-thumbnail","6":"product_cat-bondageseile","7":"product_cat-leinenhanfseil","8":"product_cat-leinenhanfseil-farbig","9":"product_cat-petrol-edition","10":"product_tag-bonndageseil","11":"product_tag-leinenhafseil","12":"product_tag-seilset","13":"product_tag-hanfseil-6mm","15":"first","16":"outofstock","17":"taxable","18":"shipping-taxable","19":"purchasable","20":"product-type-simple"},"_links":{"self":[{"href":"https:\/\/bavarian-bondage.de\/de\/wp-json\/wp\/v2\/product\/3034","targetHints":{"allow":["GET"]}}],"collection":[{"href":"https:\/\/bavarian-bondage.de\/de\/wp-json\/wp\/v2\/product"}],"about":[{"href":"https:\/\/bavarian-bondage.de\/de\/wp-json\/wp\/v2\/types\/product"}],"version-history":[{"count":4,"href":"https:\/\/bavarian-bondage.de\/de\/wp-json\/wp\/v2\/product\/3034\/revisions"}],"predecessor-version":[{"id":13696,"href":"https:\/\/bavarian-bondage.de\/de\/wp-json\/wp\/v2\/product\/3034\/revisions\/13696"}],"wp:featuredmedia":[{"embeddable":true,"href":"https:\/\/bavarian-bondage.de\/de\/wp-json\/wp\/v2\/media\/9702"}],"wp:attachment":[{"href":"https:\/\/bavarian-bondage.de\/de\/wp-json\/wp\/v2\/media?parent=3034"}],"wp:term":[{"taxonomy":"product_brand","embeddable":true,"href":"https:\/\/bavarian-bondage.de\/de\/wp-json\/wp\/v2\/product_brand?post=3034"},{"taxonomy":"product_cat","embeddable":true,"href":"https:\/\/bavarian-bondage.de\/de\/wp-json\/wp\/v2\/product_cat?post=3034"},{"taxonomy":"product_tag","embeddable":true,"href":"https:\/\/bavarian-bondage.de\/de\/wp-json\/wp\/v2\/product_tag?post=3034"}],"curies":[{"name":"wp","href":"https:\/\/api.w.org\/{rel}","templated":true}]}}