{"id":3067,"date":"2020-10-17T12:57:12","date_gmt":"2020-10-17T10:57:12","guid":{"rendered":"https:\/\/bavarian-bondage.tivendo.com\/produkt\/import-placeholder-for-762\/"},"modified":"2026-02-22T15:27:09","modified_gmt":"2026-02-22T14:27:09","slug":"silikon-augenbinde","status":"publish","type":"product","link":"https:\/\/bavarian-bondage.de\/de\/produkt\/silikon-augenbinde\/","title":{"rendered":"Silikon Augenbinde"},"content":{"rendered":"<h3 style=\"text-align: center\">Silikon Augenbinde<\/h3>\n<p style=\"text-align: center\">Die sehr leichte und anschmiegsame Augenbinde ist aus Silikon gefertigt. Ziernieten sowie die Schnalle runden das Gesamtbild ab. Stufenlos einstellbar durch zahlreiche L\u00f6cher.<\/p>\n<p style=\"text-align: center\">Blickdicht und ein sehr angenehmes Tragegef\u00fchl.<\/p>\n<p>&nbsp;<\/p>\n<p style=\"text-align: left\"><strong>Details:<\/strong><\/p>\n<p>Material: Silikon, Metall<br \/>\nFarbe: Schwarz<br \/>\nGesamtl\u00e4nge 63cm<\/p>\n<p>&nbsp;<\/p>\n<p><strong>Lieferumfang:<\/strong> 1 Silikon Augenbinde<\/p>\n<p>&nbsp;<\/p>\n<hr \/>\n<blockquote>\n<p style=\"text-align: center\"><span style=\"color: #333399\">Die Angaben zu den Produkten erfolgt nach bestem Wissen und Gewissen. Alle Ma\u00dfe sind ca-Angaben. Die Benutzung der hier im Shop angebotenen Produkte ist auf eigene Gefahr. Jeder Mensch reagiert anders auf \u00e4u\u00dfere Einwirkungen, auf Lust oder Schmerz usw. Daher kann diesbez\u00fcglich f\u00fcr unsachgem\u00e4\u00dfe Anwendung keine Haftung \u00fcbernommen werden. \u00a0Jeder Benutzer tr\u00e4gt die volle Verantwortung f\u00fcr die Verwendung bzw den richtigen Gebrauch der Produkte und dessen unvorhersehbaren Folgen.<\/span><\/p>\n<\/blockquote>\n","protected":false},"excerpt":{"rendered":"<p>Lieferzeit: 5-7 Tage*<\/p>\n","protected":false},"featured_media":8584,"template":"","meta":[],"product_brand":[],"product_cat":[245],"product_tag":[246,342,343],"class_list":{"0":"post-3067","1":"product","2":"type-product","3":"status-publish","4":"has-post-thumbnail","6":"product_cat-augenbinden","7":"product_tag-augenbinde","8":"product_tag-augenmaske","9":"product_tag-silikon","11":"first","12":"instock","13":"taxable","14":"shipping-taxable","15":"purchasable","16":"product-type-simple"},"_links":{"self":[{"href":"https:\/\/bavarian-bondage.de\/de\/wp-json\/wp\/v2\/product\/3067","targetHints":{"allow":["GET"]}}],"collection":[{"href":"https:\/\/bavarian-bondage.de\/de\/wp-json\/wp\/v2\/product"}],"about":[{"href":"https:\/\/bavarian-bondage.de\/de\/wp-json\/wp\/v2\/types\/product"}],"version-history":[{"count":1,"href":"https:\/\/bavarian-bondage.de\/de\/wp-json\/wp\/v2\/product\/3067\/revisions"}],"predecessor-version":[{"id":5944,"href":"https:\/\/bavarian-bondage.de\/de\/wp-json\/wp\/v2\/product\/3067\/revisions\/5944"}],"wp:featuredmedia":[{"embeddable":true,"href":"https:\/\/bavarian-bondage.de\/de\/wp-json\/wp\/v2\/media\/8584"}],"wp:attachment":[{"href":"https:\/\/bavarian-bondage.de\/de\/wp-json\/wp\/v2\/media?parent=3067"}],"wp:term":[{"taxonomy":"product_brand","embeddable":true,"href":"https:\/\/bavarian-bondage.de\/de\/wp-json\/wp\/v2\/product_brand?post=3067"},{"taxonomy":"product_cat","embeddable":true,"href":"https:\/\/bavarian-bondage.de\/de\/wp-json\/wp\/v2\/product_cat?post=3067"},{"taxonomy":"product_tag","embeddable":true,"href":"https:\/\/bavarian-bondage.de\/de\/wp-json\/wp\/v2\/product_tag?post=3067"}],"curies":[{"name":"wp","href":"https:\/\/api.w.org\/{rel}","templated":true}]}}