{"id":3068,"date":"2020-10-17T12:57:13","date_gmt":"2020-10-17T10:57:13","guid":{"rendered":"https:\/\/bavarian-bondage.tivendo.com\/produkt\/import-placeholder-for-767\/"},"modified":"2026-03-16T15:00:59","modified_gmt":"2026-03-16T14:00:59","slug":"slapper-paddel","status":"publish","type":"product","link":"https:\/\/bavarian-bondage.de\/de\/produkt\/slapper-paddel\/","title":{"rendered":"Slapper-Paddel"},"content":{"rendered":"<h3 style=\"text-align: center\">Slapper<\/h3>\n<p style=\"text-align: center\">Der Slapper kann, wie sein Name schon sagt, bei richtigem Gebrauch ziemlich laut werden. Das Paddel ist sehr sch\u00f6n verarbeitet, verf\u00fcgt \u00fcber einen Holzgriff, an dem die Lederschlaufe mit mehreren Ziernieten angebracht ist, sowie \u00fcber ein Trageband.<\/p>\n<p style=\"text-align: center\">Ein interessant aussehendes und sch\u00f6n verarbeitetes Paddel.<\/p>\n<p><strong>Details:<\/strong><\/p>\n<p>Material: Holz, Leder<br \/>\nFarbe: Schwarz<br \/>\nGesamtl\u00e4nge: 40cm<br \/>\nGriffl\u00e4nge: 18cm<br \/>\nBreite: 4cm<\/p>\n<p><strong>Lieferumfang:<\/strong> 1 Paddel-Slapper<\/p>\n<p>&nbsp;<\/p>\n<hr \/>\n<blockquote>\n<p style=\"text-align: center\"><span style=\"color: #333399\">Die Angaben zu den Produkten erfolgt nach bestem Wissen und Gewissen. Alle Ma\u00dfe sind ca-Angaben. Die Benutzung der hier im Shop angebotenen Produkte ist auf eigene Gefahr. Jeder Mensch reagiert anders auf \u00e4u\u00dfere Einwirkungen, auf Lust oder Schmerz usw. Daher kann diesbez\u00fcglich f\u00fcr unsachgem\u00e4\u00dfe Anwendung keine Haftung \u00fcbernommen werden. \u00a0Jeder Benutzer tr\u00e4gt die volle Verantwortung f\u00fcr die Verwendung bzw den richtigen Gebrauch der Produkte und dessen unvorhersehbaren Folgen.<\/span><\/p>\n<\/blockquote>\n","protected":false},"excerpt":{"rendered":"<p>Lieferzeit: 5-7 Tage*<\/p>\n","protected":false},"featured_media":8630,"template":"","meta":[],"product_brand":[],"product_cat":[224,252],"product_tag":[254,255,344],"class_list":{"0":"post-3068","1":"product","2":"type-product","3":"status-publish","4":"has-post-thumbnail","6":"product_cat-lustschmerz","7":"product_cat-peitschen-gerten","8":"product_tag-echtleder","9":"product_tag-paddel","10":"product_tag-slapper","12":"first","13":"instock","14":"taxable","15":"shipping-taxable","16":"purchasable","17":"product-type-simple"},"_links":{"self":[{"href":"https:\/\/bavarian-bondage.de\/de\/wp-json\/wp\/v2\/product\/3068","targetHints":{"allow":["GET"]}}],"collection":[{"href":"https:\/\/bavarian-bondage.de\/de\/wp-json\/wp\/v2\/product"}],"about":[{"href":"https:\/\/bavarian-bondage.de\/de\/wp-json\/wp\/v2\/types\/product"}],"version-history":[{"count":3,"href":"https:\/\/bavarian-bondage.de\/de\/wp-json\/wp\/v2\/product\/3068\/revisions"}],"predecessor-version":[{"id":13973,"href":"https:\/\/bavarian-bondage.de\/de\/wp-json\/wp\/v2\/product\/3068\/revisions\/13973"}],"wp:featuredmedia":[{"embeddable":true,"href":"https:\/\/bavarian-bondage.de\/de\/wp-json\/wp\/v2\/media\/8630"}],"wp:attachment":[{"href":"https:\/\/bavarian-bondage.de\/de\/wp-json\/wp\/v2\/media?parent=3068"}],"wp:term":[{"taxonomy":"product_brand","embeddable":true,"href":"https:\/\/bavarian-bondage.de\/de\/wp-json\/wp\/v2\/product_brand?post=3068"},{"taxonomy":"product_cat","embeddable":true,"href":"https:\/\/bavarian-bondage.de\/de\/wp-json\/wp\/v2\/product_cat?post=3068"},{"taxonomy":"product_tag","embeddable":true,"href":"https:\/\/bavarian-bondage.de\/de\/wp-json\/wp\/v2\/product_tag?post=3068"}],"curies":[{"name":"wp","href":"https:\/\/api.w.org\/{rel}","templated":true}]}}