{"id":3069,"date":"2020-10-17T12:57:13","date_gmt":"2020-10-17T10:57:13","guid":{"rendered":"https:\/\/bavarian-bondage.tivendo.com\/produkt\/import-placeholder-for-772\/"},"modified":"2025-03-28T18:56:17","modified_gmt":"2025-03-28T17:56:17","slug":"spezial-klammern","status":"publish","type":"product","link":"https:\/\/bavarian-bondage.de\/de\/produkt\/spezial-klammern\/","title":{"rendered":"Spezial Klammern"},"content":{"rendered":"<h3 style=\"text-align: center\">Spezialklammern<\/h3>\n<p style=\"text-align: center\">Optisch als auch praktisch sehr gelungen. Die sehr stabil gebaute Klammer kann von sehr sanft bis richtig hart zupacken. Die genoppten Gummiauflagen sorgen f\u00fcr Halt und die fein justierbaren Stellschrauben f\u00fcr den Effekt. Die sehr massive Kette verbindet die beiden Klammern fest miteinander.<\/p>\n<p><strong>Details:<\/strong><\/p>\n<p>Material: Metall, Gummi<br \/>\nGesamtl\u00e4nge: 49cm<br \/>\nL\u00e4nge Klammern: 9cm<br \/>\nBreite Klammern: 3cm<\/p>\n<p><strong>Lieferumfang:<\/strong> Spezialklammer<\/p>\n<p>&nbsp;<\/p>\n<hr \/>\n<blockquote>\n<p style=\"text-align: center\"><span style=\"color: #333399\">Die Angaben zu den Produkten erfolgt nach bestem Wissen und Gewissen. Alle Ma\u00dfe sind ca-Angaben. Die Benutzung der hier im Shop angebotenen Produkte ist auf eigene Gefahr. Jeder Mensch reagiert anders auf \u00e4u\u00dfere Einwirkungen, auf Lust oder Schmerz usw. Daher kann diesbez\u00fcglich f\u00fcr unsachgem\u00e4\u00dfe Anwendung keine Haftung \u00fcbernommen werden. \u00a0Jeder Benutzer tr\u00e4gt die volle Verantwortung f\u00fcr die Verwendung bzw den richtigen Gebrauch der Produkte und dessen unvorhersehbaren Folgen.<\/span><\/p>\n<\/blockquote>\n","protected":false},"excerpt":{"rendered":"<p>Lieferzeit: 5-7 Tage*<\/p>\n","protected":false},"featured_media":8562,"template":"","meta":[],"product_brand":[],"product_cat":[248],"product_tag":[310,345],"class_list":{"0":"post-3069","1":"product","2":"type-product","3":"status-publish","4":"has-post-thumbnail","6":"product_cat-klammern","7":"product_tag-klammer","8":"product_tag-nippelklemmen","10":"first","11":"instock","12":"taxable","13":"shipping-taxable","14":"purchasable","15":"product-type-simple"},"_links":{"self":[{"href":"https:\/\/bavarian-bondage.de\/de\/wp-json\/wp\/v2\/product\/3069","targetHints":{"allow":["GET"]}}],"collection":[{"href":"https:\/\/bavarian-bondage.de\/de\/wp-json\/wp\/v2\/product"}],"about":[{"href":"https:\/\/bavarian-bondage.de\/de\/wp-json\/wp\/v2\/types\/product"}],"version-history":[{"count":1,"href":"https:\/\/bavarian-bondage.de\/de\/wp-json\/wp\/v2\/product\/3069\/revisions"}],"predecessor-version":[{"id":5422,"href":"https:\/\/bavarian-bondage.de\/de\/wp-json\/wp\/v2\/product\/3069\/revisions\/5422"}],"wp:featuredmedia":[{"embeddable":true,"href":"https:\/\/bavarian-bondage.de\/de\/wp-json\/wp\/v2\/media\/8562"}],"wp:attachment":[{"href":"https:\/\/bavarian-bondage.de\/de\/wp-json\/wp\/v2\/media?parent=3069"}],"wp:term":[{"taxonomy":"product_brand","embeddable":true,"href":"https:\/\/bavarian-bondage.de\/de\/wp-json\/wp\/v2\/product_brand?post=3069"},{"taxonomy":"product_cat","embeddable":true,"href":"https:\/\/bavarian-bondage.de\/de\/wp-json\/wp\/v2\/product_cat?post=3069"},{"taxonomy":"product_tag","embeddable":true,"href":"https:\/\/bavarian-bondage.de\/de\/wp-json\/wp\/v2\/product_tag?post=3069"}],"curies":[{"name":"wp","href":"https:\/\/api.w.org\/{rel}","templated":true}]}}