{"id":3070,"date":"2020-10-17T11:57:13","date_gmt":"2020-10-17T09:57:13","guid":{"rendered":"https:\/\/bavarian-bondage.tivendo.com\/produkt\/import-placeholder-for-777\/"},"modified":"2026-03-28T10:42:31","modified_gmt":"2026-03-28T09:42:31","slug":"stahl-sicherheitskarabiner","status":"publish","type":"product","link":"https:\/\/bavarian-bondage.de\/de\/produkt\/stahl-sicherheitskarabiner\/","title":{"rendered":"Stahl Sicherheitskarabiner"},"content":{"rendered":"<h3 style=\"text-align: center\">Stahl Karabiner<\/h3>\n<p style=\"text-align: center\">Der Sicherheitskarabiner aus verzinkten Stahl ist eine g\u00fcnstige Alternative zu teurem Edelstahl oder Aluminium Karabinern.\u00a0 Ob als Befestigung f\u00fcr einen Ring, als Erweiterung am Ring oder als Befestigung f\u00fcr ein Seil. Durch die oben und unten runde Form ist der Karabiner f\u00fcr viele Einsatzzwecke geeignet.<\/p>\n<p style=\"text-align: center\">Auch die f\u00fcr die Sicherheit ist bei diesem Karabiner gesorgt. Dreht man das Aluminiumrad nach oben, l\u00e4sst sich der Karabiner nicht versehentlich \u00f6ffnen.<\/p>\n<p><strong>Details:<\/strong><\/p>\n<p>Material: Stahl verzinkt, Aluminium<br \/>\nGr\u00f6\u00dfe: L 10,5cm \/ B 5cm<br \/>\n\u00d6ffnung: 1,8cm<br \/>\nTragkraft: geschlossen 25KN<br \/>\nGewicht: 160g<br \/>\nFarbe: Silber<br \/>\nEN362:2004<\/p>\n<p>&nbsp;<\/p>\n<p>&nbsp;<\/p>\n<p><strong>Lieferumfang:<\/strong> Stahl Sicherheitskarabiner<\/p>\n<p>&nbsp;<\/p>\n<hr \/>\n<blockquote>\n<p style=\"text-align: center\"><span style=\"color: #333399\">Die Angaben zu den Produkten erfolgt nach bestem Wissen und Gewissen. Alle Ma\u00dfe sind ca-Angaben. Die Benutzung der hier im Shop angebotenen Produkte ist auf eigene Gefahr. Jeder Mensch reagiert anders auf \u00e4u\u00dfere Einwirkungen, auf Lust oder Schmerz usw. Daher kann diesbez\u00fcglich f\u00fcr unsachgem\u00e4\u00dfe Anwendung keine Haftung \u00fcbernommen werden. Jeder Benutzer tr\u00e4gt die volle Verantwortung f\u00fcr die Verwendung bzw den richtigen Gebrauch der Produkte und dessen unvorhersehbaren Folgen.<\/span><\/p>\n<\/blockquote>\n","protected":false},"excerpt":{"rendered":"<p>Lieferzeit: 5-7 Tage*<\/p>\n","protected":false},"featured_media":8176,"template":"","meta":[],"product_brand":[],"product_cat":[222,223],"product_tag":[],"class_list":{"0":"post-3070","1":"product","2":"type-product","3":"status-publish","4":"has-post-thumbnail","6":"product_cat-alle-produkte","7":"product_cat-zubehoer","9":"first","10":"instock","11":"taxable","12":"shipping-taxable","13":"purchasable","14":"product-type-simple"},"_links":{"self":[{"href":"https:\/\/bavarian-bondage.de\/de\/wp-json\/wp\/v2\/product\/3070","targetHints":{"allow":["GET"]}}],"collection":[{"href":"https:\/\/bavarian-bondage.de\/de\/wp-json\/wp\/v2\/product"}],"about":[{"href":"https:\/\/bavarian-bondage.de\/de\/wp-json\/wp\/v2\/types\/product"}],"version-history":[{"count":5,"href":"https:\/\/bavarian-bondage.de\/de\/wp-json\/wp\/v2\/product\/3070\/revisions"}],"predecessor-version":[{"id":14149,"href":"https:\/\/bavarian-bondage.de\/de\/wp-json\/wp\/v2\/product\/3070\/revisions\/14149"}],"wp:featuredmedia":[{"embeddable":true,"href":"https:\/\/bavarian-bondage.de\/de\/wp-json\/wp\/v2\/media\/8176"}],"wp:attachment":[{"href":"https:\/\/bavarian-bondage.de\/de\/wp-json\/wp\/v2\/media?parent=3070"}],"wp:term":[{"taxonomy":"product_brand","embeddable":true,"href":"https:\/\/bavarian-bondage.de\/de\/wp-json\/wp\/v2\/product_brand?post=3070"},{"taxonomy":"product_cat","embeddable":true,"href":"https:\/\/bavarian-bondage.de\/de\/wp-json\/wp\/v2\/product_cat?post=3070"},{"taxonomy":"product_tag","embeddable":true,"href":"https:\/\/bavarian-bondage.de\/de\/wp-json\/wp\/v2\/product_tag?post=3070"}],"curies":[{"name":"wp","href":"https:\/\/api.w.org\/{rel}","templated":true}]}}