{"id":3071,"date":"2020-10-17T12:58:13","date_gmt":"2020-10-17T10:58:13","guid":{"rendered":"https:\/\/bavarian-bondage.tivendo.com\/produkt\/import-placeholder-for-1070\/"},"modified":"2026-04-09T19:25:23","modified_gmt":"2026-04-09T17:25:23","slug":"juteseil-standard-6mm-exklusiv-einzelseil-8m","status":"publish","type":"product","link":"https:\/\/bavarian-bondage.de\/de\/produkt\/juteseil-standard-6mm-exklusiv-einzelseil-8m\/","title":{"rendered":"Juteseil standard 6mm Exklusiv; Einzelseil 8m"},"content":{"rendered":"<h3 style=\"text-align: center\">Das Juteseil 6mm EXKLUSIV<\/h3>\n<p style=\"text-align: center\">Ein Seil ersetzen, das Set erweitern oder einfach die Qualit\u00e4t pr\u00fcfen.<\/p>\n<p style=\"text-align: center\">Das Juteseil ist fest gedreht und am Anfang noch etwas starr und ruppig, was sich aber mit der Verwendung stetig bessert! Die Seile werden gereinigt, gebrochen, geflammt und anschlie\u00dfend ge\u00f6lt. Das Seil wird aus einem Garn hergestellt und ist somit durchgehend, gleichm\u00e4\u00dfig und knotenlos.<\/p>\n<p><strong>Details:<\/strong><\/p>\n<p>Juteseil 6mm EXKLUSIV<br \/>\n3-sch\u00e4ftig fest gedreht<br \/>\nKaramellfarben<br \/>\nKleine Endknoten<br \/>\nL\u00e4nge: 1x8m<br \/>\n(Die Seill\u00e4nge kann bis zu 3% der L\u00e4ngenangabe abweichen.)<\/p>\n<p>&nbsp;<\/p>\n<p><span style=\"color: #ff0000\"><strong>Hinweis:<\/strong><\/span><\/p>\n<p>Seile regelm\u00e4\u00dfig auf Verschlei\u00df und Besch\u00e4digungen kontrollieren!<br \/>\nBei geschlagenen bzw. gedrehten Seilen kann es passieren, dass diese sich bei der Verwendung lockern!<br \/>\nJuteseile, wenn m\u00f6glich nicht waschen. Am besten mit einem feuchten Lappen reinigen.<\/p>\n<p>&nbsp;<\/p>\n<p><strong>Lieferumfang:<\/strong> 1x8m Juteseil 6mm EXKLUSIV<\/p>\n<p>&nbsp;<\/p>\n<hr \/>\n<blockquote>\n<p style=\"text-align: center\"><span style=\"color: #333399\">Die Angaben zu den Produkten erfolgt nach bestem Wissen und Gewissen. Alle Ma\u00dfe sind ca-Angaben. Die Benutzung der hier im Shop angebotenen Produkte ist auf eigene Gefahr. Jeder Mensch reagiert anders auf \u00e4u\u00dfere Einwirkungen, auf Lust oder Schmerz usw. Daher kann diesbez\u00fcglich f\u00fcr unsachgem\u00e4\u00dfe Anwendung keine Haftung \u00fcbernommen werden. \u00a0Jeder Benutzer tr\u00e4gt die volle Verantwortung f\u00fcr die Verwendung bzw den richtigen Gebrauch der Produkte und dessen unvorhersehbaren Folgen.<\/span><\/p>\n<\/blockquote>\n","protected":false},"excerpt":{"rendered":"<p>Grundpreis: 2,50 \u20ac\/m<\/p>\n<p>Lieferzeit: 5-7 Tage*<\/p>\n","protected":false},"featured_media":8475,"template":"","meta":[],"product_brand":[],"product_cat":[294,346,216,222],"product_tag":[297,347,261,284],"class_list":{"0":"post-3071","1":"product","2":"type-product","3":"status-publish","4":"has-post-thumbnail","6":"product_cat-juteseile","7":"product_cat-juteseil-6mm","8":"product_cat-bondageseile","9":"product_cat-alle-produkte","10":"product_tag-juteseil","11":"product_tag-fesselset","12":"product_tag-bondageseil","13":"product_tag-6mm","15":"first","16":"instock","17":"taxable","18":"shipping-taxable","19":"purchasable","20":"product-type-simple"},"_links":{"self":[{"href":"https:\/\/bavarian-bondage.de\/de\/wp-json\/wp\/v2\/product\/3071","targetHints":{"allow":["GET"]}}],"collection":[{"href":"https:\/\/bavarian-bondage.de\/de\/wp-json\/wp\/v2\/product"}],"about":[{"href":"https:\/\/bavarian-bondage.de\/de\/wp-json\/wp\/v2\/types\/product"}],"version-history":[{"count":5,"href":"https:\/\/bavarian-bondage.de\/de\/wp-json\/wp\/v2\/product\/3071\/revisions"}],"predecessor-version":[{"id":15984,"href":"https:\/\/bavarian-bondage.de\/de\/wp-json\/wp\/v2\/product\/3071\/revisions\/15984"}],"wp:featuredmedia":[{"embeddable":true,"href":"https:\/\/bavarian-bondage.de\/de\/wp-json\/wp\/v2\/media\/8475"}],"wp:attachment":[{"href":"https:\/\/bavarian-bondage.de\/de\/wp-json\/wp\/v2\/media?parent=3071"}],"wp:term":[{"taxonomy":"product_brand","embeddable":true,"href":"https:\/\/bavarian-bondage.de\/de\/wp-json\/wp\/v2\/product_brand?post=3071"},{"taxonomy":"product_cat","embeddable":true,"href":"https:\/\/bavarian-bondage.de\/de\/wp-json\/wp\/v2\/product_cat?post=3071"},{"taxonomy":"product_tag","embeddable":true,"href":"https:\/\/bavarian-bondage.de\/de\/wp-json\/wp\/v2\/product_tag?post=3071"}],"curies":[{"name":"wp","href":"https:\/\/api.w.org\/{rel}","templated":true}]}}