{"id":3074,"date":"2020-10-17T12:56:13","date_gmt":"2020-10-17T10:56:13","guid":{"rendered":"https:\/\/bavarian-bondage.tivendo.com\/produkt\/import-placeholder-for-1076\/"},"modified":"2026-03-09T20:51:05","modified_gmt":"2026-03-09T19:51:05","slug":"juteseil-standard-6mm-klassik-einzelseil-4m","status":"publish","type":"product","link":"https:\/\/bavarian-bondage.de\/de\/produkt\/juteseil-standard-6mm-klassik-einzelseil-4m\/","title":{"rendered":"Juteseil standard 6mm Klassik; Einzelseil 4m"},"content":{"rendered":"<h3 style=\"text-align: center\">Das Juteseil 6mm KLASSIK<\/h3>\n<p style=\"text-align: center\">Ein Seil ersetzen, das Set erweitern oder einfach die Qualit\u00e4t pr\u00fcfen.<\/p>\n<p style=\"text-align: center\">Die Seile sind durch ihre feste Drehung anfangs noch etwas starr und ruppig, das sich aber mit der Verwendung bald \u00e4ndert. Das Juteseil hat fast keinen Eigengeruch, es riecht minimal nach dem verwendeten Behandlungs\u00f6l. Die Seilenden werden mit einem normalen \u00dcberhandknoten versehen. Eine sch\u00f6ne Optik bietet der, durch das fl\u00e4mmen entstandene, karamellfarbene Farbton. Das Seil wird aus einem Garn gefertigt und ist somit gleichm\u00e4\u00dfig und knotenlos auf voller L\u00e4nge.<\/p>\n<p><strong>Details:<\/strong><\/p>\n<p>Juteseil 6mm KLASSIK<br \/>\n3-sch\u00e4ftig fest gedreht<br \/>\nKaramellfarben<br \/>\nNormale \u00dcberhandknoten<br \/>\nL\u00e4nge: 1x4m<br \/>\n(Die Seill\u00e4nge kann bis zu 3% der L\u00e4ngenangabe abweichen.)<\/p>\n<p>&nbsp;<\/p>\n<p><strong><span style=\"color: #ff0000\">Hinweis:<\/span><\/strong><\/p>\n<p>Seile regelm\u00e4\u00dfig auf Verschlei\u00df und Besch\u00e4digungen kontrollieren!<br \/>\nBei geschlagenen bzw. gedrehten Seilen kann es passieren, dass diese sich bei der Verwendung lockern!<br \/>\nJuteseile sollten nicht gewaschen werden. Besser mit einem feuchten Lappen reinigen.<\/p>\n<p><strong>Lieferumfang:<\/strong> 1x4m Juteseil 6mm KLASSIK<\/p>\n<p>&nbsp;<\/p>\n<hr \/>\n<blockquote>\n<p style=\"text-align: center\"><span style=\"color: #333399\">Die Angaben zu den Produkten erfolgt nach bestem Wissen und Gewissen. Alle Ma\u00dfe sind ca-Angaben. Die Benutzung der hier im Shop angebotenen Produkte ist auf eigene Gefahr. Jeder Mensch reagiert anders auf \u00e4u\u00dfere Einwirkungen, auf Lust oder Schmerz usw. Daher kann diesbez\u00fcglich f\u00fcr unsachgem\u00e4\u00dfe Anwendung keine Haftung \u00fcbernommen werden. \u00a0Jeder Benutzer tr\u00e4gt die volle Verantwortung f\u00fcr die Verwendung bzw den richtigen Gebrauch der Produkte und dessen unvorhersehbaren Folgen.<\/span><\/p>\n<\/blockquote>\n","protected":false},"excerpt":{"rendered":"<p>Grundpreis: 2,38 \u20ac\/m<\/p>\n<p>Lieferzeit: 5-7 Tage*<\/p>\n","protected":false},"featured_media":8472,"template":"","meta":[],"product_brand":[],"product_cat":[216,222,294,346],"product_tag":[221,261,284,297],"class_list":{"0":"post-3074","1":"product","2":"type-product","3":"status-publish","4":"has-post-thumbnail","6":"product_cat-bondageseile","7":"product_cat-alle-produkte","8":"product_cat-juteseile","9":"product_cat-juteseil-6mm","10":"product_tag-seilset","11":"product_tag-bondageseil","12":"product_tag-6mm","13":"product_tag-juteseil","15":"first","16":"instock","17":"taxable","18":"shipping-taxable","19":"purchasable","20":"product-type-simple"},"_links":{"self":[{"href":"https:\/\/bavarian-bondage.de\/de\/wp-json\/wp\/v2\/product\/3074","targetHints":{"allow":["GET"]}}],"collection":[{"href":"https:\/\/bavarian-bondage.de\/de\/wp-json\/wp\/v2\/product"}],"about":[{"href":"https:\/\/bavarian-bondage.de\/de\/wp-json\/wp\/v2\/types\/product"}],"version-history":[{"count":5,"href":"https:\/\/bavarian-bondage.de\/de\/wp-json\/wp\/v2\/product\/3074\/revisions"}],"predecessor-version":[{"id":16149,"href":"https:\/\/bavarian-bondage.de\/de\/wp-json\/wp\/v2\/product\/3074\/revisions\/16149"}],"wp:featuredmedia":[{"embeddable":true,"href":"https:\/\/bavarian-bondage.de\/de\/wp-json\/wp\/v2\/media\/8472"}],"wp:attachment":[{"href":"https:\/\/bavarian-bondage.de\/de\/wp-json\/wp\/v2\/media?parent=3074"}],"wp:term":[{"taxonomy":"product_brand","embeddable":true,"href":"https:\/\/bavarian-bondage.de\/de\/wp-json\/wp\/v2\/product_brand?post=3074"},{"taxonomy":"product_cat","embeddable":true,"href":"https:\/\/bavarian-bondage.de\/de\/wp-json\/wp\/v2\/product_cat?post=3074"},{"taxonomy":"product_tag","embeddable":true,"href":"https:\/\/bavarian-bondage.de\/de\/wp-json\/wp\/v2\/product_tag?post=3074"}],"curies":[{"name":"wp","href":"https:\/\/api.w.org\/{rel}","templated":true}]}}