{"id":3075,"date":"2020-10-17T13:01:13","date_gmt":"2020-10-17T11:01:13","guid":{"rendered":"https:\/\/bavarian-bondage.tivendo.com\/produkt\/import-placeholder-for-1078\/"},"modified":"2025-11-17T11:24:50","modified_gmt":"2025-11-17T10:24:50","slug":"juteseil-standard-6mm-exklusiv-set-10x8-und-2x4m","status":"publish","type":"product","link":"https:\/\/bavarian-bondage.de\/de\/produkt\/juteseil-standard-6mm-exklusiv-set-10x8-und-2x4m\/","title":{"rendered":"Juteseil standard 6mm Exklusiv; Set 10&#215;8 und 2x4m"},"content":{"rendered":"<h3 style=\"text-align: center\">Das Juteseil 6mm EXKLUSIV<\/h3>\n<p style=\"text-align: center\">Das gro\u00dfe Profi-Set bietet jede Menge Seil f\u00fcr anspruchsvolle Fesselungen. Die zwei kurzen Seile erg\u00e4nzen das Set optimal und bieten vielseitige Einsatzm\u00f6glichkeiten!<\/p>\n<p style=\"text-align: center\">Die fest geschlagenen Seile sind anfangs noch etwas starr und ruppig, das sich bei der Verwendung aber bald \u00e4ndern wird! Die Seile werden mit kleinen Endknoten versehen. Durch das veredeln, erh\u00e4lt das Juteseil eine sch\u00f6ne karamellfarbene Optik. Das Seil wird aus einem Garn gefertigt und ist somit gleichm\u00e4\u00dfig und knotenlos auf voller L\u00e4nge.<\/p>\n<p>&nbsp;<\/p>\n<p><strong>Details:<\/strong><\/p>\n<p>Juteseil 6mm EXKLUSIV<br \/>\n3-sch\u00e4ftig fest gedreht<br \/>\nKaramellfarben<br \/>\nKleine Endknoten<br \/>\nL\u00e4nge: 10x8m \/ 2x4m<br \/>\n(Die Seill\u00e4nge kann bis zu 3% der L\u00e4ngenangabe abweichen.)<\/p>\n<p>&nbsp;<\/p>\n<p><span style=\"color: #ff0000\"><strong>Hinweis:<\/strong><\/span><\/p>\n<p>Seile regelm\u00e4\u00dfig auf Verschlei\u00df und Besch\u00e4digungen kontrollieren!<br \/>\nBei geschlagenen bzw. gedrehten Seilen kann es passieren, dass diese sich bei der Verwendung lockern!<br \/>\nJuteseile nicht waschen. Am besten mit einem feuchten Lappen reinigen.<\/p>\n<p>&nbsp;<\/p>\n<p><strong>Lieferumfang:<\/strong> 10x8m und 2x4m Juteseil 6mm EXKLUSIV<\/p>\n<p>&nbsp;<\/p>\n<hr \/>\n<blockquote>\n<p style=\"text-align: center\"><span style=\"color: #333399\">Die Angaben zu den Produkten erfolgt nach bestem Wissen und Gewissen. Alle Ma\u00dfe sind ca-Angaben. Die Benutzung der hier im Shop angebotenen Produkte ist auf eigene Gefahr. Jeder Mensch reagiert anders auf \u00e4u\u00dfere Einwirkungen, auf Lust oder Schmerz usw. Daher kann diesbez\u00fcglich f\u00fcr unsachgem\u00e4\u00dfe Anwendung keine Haftung \u00fcbernommen werden. \u00a0Jeder Benutzer tr\u00e4gt die volle Verantwortung f\u00fcr die Verwendung bzw den richtigen Gebrauch der Produkte und dessen unvorhersehbaren Folgen.<\/span><\/p>\n<\/blockquote>\n","protected":false},"excerpt":{"rendered":"<p>Grundpreis: 2,09 \u20ac\/m<\/p>\n<p>Lieferzeit: 5-7 Tage*<\/p>\n","protected":false},"featured_media":8477,"template":"","meta":[],"product_brand":[],"product_cat":[216,222,294,346],"product_tag":[221,261,284,297],"class_list":{"0":"post-3075","1":"product","2":"type-product","3":"status-publish","4":"has-post-thumbnail","6":"product_cat-bondageseile","7":"product_cat-alle-produkte","8":"product_cat-juteseile","9":"product_cat-juteseil-6mm","10":"product_tag-seilset","11":"product_tag-bondageseil","12":"product_tag-6mm","13":"product_tag-juteseil","15":"first","16":"instock","17":"taxable","18":"shipping-taxable","19":"purchasable","20":"product-type-simple"},"_links":{"self":[{"href":"https:\/\/bavarian-bondage.de\/de\/wp-json\/wp\/v2\/product\/3075","targetHints":{"allow":["GET"]}}],"collection":[{"href":"https:\/\/bavarian-bondage.de\/de\/wp-json\/wp\/v2\/product"}],"about":[{"href":"https:\/\/bavarian-bondage.de\/de\/wp-json\/wp\/v2\/types\/product"}],"version-history":[{"count":5,"href":"https:\/\/bavarian-bondage.de\/de\/wp-json\/wp\/v2\/product\/3075\/revisions"}],"predecessor-version":[{"id":15987,"href":"https:\/\/bavarian-bondage.de\/de\/wp-json\/wp\/v2\/product\/3075\/revisions\/15987"}],"wp:featuredmedia":[{"embeddable":true,"href":"https:\/\/bavarian-bondage.de\/de\/wp-json\/wp\/v2\/media\/8477"}],"wp:attachment":[{"href":"https:\/\/bavarian-bondage.de\/de\/wp-json\/wp\/v2\/media?parent=3075"}],"wp:term":[{"taxonomy":"product_brand","embeddable":true,"href":"https:\/\/bavarian-bondage.de\/de\/wp-json\/wp\/v2\/product_brand?post=3075"},{"taxonomy":"product_cat","embeddable":true,"href":"https:\/\/bavarian-bondage.de\/de\/wp-json\/wp\/v2\/product_cat?post=3075"},{"taxonomy":"product_tag","embeddable":true,"href":"https:\/\/bavarian-bondage.de\/de\/wp-json\/wp\/v2\/product_tag?post=3075"}],"curies":[{"name":"wp","href":"https:\/\/api.w.org\/{rel}","templated":true}]}}