{"id":3087,"date":"2020-10-17T12:54:15","date_gmt":"2020-10-17T10:54:15","guid":{"rendered":"https:\/\/bavarian-bondage.tivendo.com\/produkt\/import-placeholder-for-1519\/"},"modified":"2025-11-18T12:59:47","modified_gmt":"2025-11-18T11:59:47","slug":"high-class-jute-4mm-exklusiv-set-3x8m","status":"publish","type":"product","link":"https:\/\/bavarian-bondage.de\/de\/produkt\/high-class-jute-4mm-exklusiv-set-3x8m\/","title":{"rendered":"High class Jute 4mm EXKLUSIV; Set 3x8m"},"content":{"rendered":"<h3 style=\"text-align: center\">High class Jute 4mm EXKLUSIV<\/h3>\n<p style=\"text-align: center\">Bestens geeignet f\u00fcr den Start als Rigger, oder um ein bestehendes Set zu erweitern.<\/p>\n<p style=\"text-align: center\">Schon bei der Herstellung der Seile wird auf beste Qualit\u00e4t geachtet, was dem sp\u00e4teren Einsatz sehr zugutekommt. Die Seile werden von Hand auf schonende wei\u00dfe weiterverarbeitet und veredelt.<\/p>\n<p style=\"text-align: center\">Die Enden werden mit kleinen Trisken-Knoten versehen, was beim Fesseln eine gro\u00dfe Erleichterung darstellt.<\/p>\n<p>&nbsp;<\/p>\n<p><strong>Details:<\/strong><\/p>\n<p>High class Jute 4mm EXKLUSIV<br \/>\n3-sch\u00e4ftig gedreht<br \/>\nHeller Karamellton<br \/>\nKleine Endknoten<br \/>\nL\u00e4nge: 3x8m<br \/>\n(Die Seill\u00e4nge kann bis zu 3% der L\u00e4ngenangabe abweichen.)<\/p>\n<p>&nbsp;<\/p>\n<p><span style=\"color: #ff0000\"><strong>Hinweis:<\/strong><\/span><\/p>\n<p>Seile regelm\u00e4\u00dfig auf Verschlei\u00df und Besch\u00e4digungen kontrollieren!<br \/>\nBei geschlagenen bzw. gedrehten Seilen kann es passieren, dass diese sich bei der Verwendung lockern!<br \/>\nJuteseile nicht waschen. Am besten mit einem feuchten Lappen reinigen.<\/p>\n<p>&nbsp;<\/p>\n<p><strong>Lieferumfang:<\/strong> 3x8m High class Jute 4mm EXKLUSIV<\/p>\n<p>&nbsp;<\/p>\n","protected":false},"excerpt":{"rendered":"<p>Grundpreis: 2,33 \u20ac\/m<\/p>\n<p>Lieferzeit: 5-7 Tage*<\/p>\n","protected":false},"featured_media":8380,"template":"","meta":[],"product_brand":[],"product_cat":[349,216,222,294],"product_tag":[297,261,296],"class_list":{"0":"post-3087","1":"product","2":"type-product","3":"status-publish","4":"has-post-thumbnail","6":"product_cat-high-class-jute-4mm","7":"product_cat-bondageseile","8":"product_cat-alle-produkte","9":"product_cat-juteseile","10":"product_tag-juteseil","11":"product_tag-bondageseil","12":"product_tag-high-class-jute","14":"first","15":"instock","16":"taxable","17":"shipping-taxable","18":"purchasable","19":"product-type-simple"},"_links":{"self":[{"href":"https:\/\/bavarian-bondage.de\/de\/wp-json\/wp\/v2\/product\/3087","targetHints":{"allow":["GET"]}}],"collection":[{"href":"https:\/\/bavarian-bondage.de\/de\/wp-json\/wp\/v2\/product"}],"about":[{"href":"https:\/\/bavarian-bondage.de\/de\/wp-json\/wp\/v2\/types\/product"}],"version-history":[{"count":5,"href":"https:\/\/bavarian-bondage.de\/de\/wp-json\/wp\/v2\/product\/3087\/revisions"}],"predecessor-version":[{"id":16142,"href":"https:\/\/bavarian-bondage.de\/de\/wp-json\/wp\/v2\/product\/3087\/revisions\/16142"}],"wp:featuredmedia":[{"embeddable":true,"href":"https:\/\/bavarian-bondage.de\/de\/wp-json\/wp\/v2\/media\/8380"}],"wp:attachment":[{"href":"https:\/\/bavarian-bondage.de\/de\/wp-json\/wp\/v2\/media?parent=3087"}],"wp:term":[{"taxonomy":"product_brand","embeddable":true,"href":"https:\/\/bavarian-bondage.de\/de\/wp-json\/wp\/v2\/product_brand?post=3087"},{"taxonomy":"product_cat","embeddable":true,"href":"https:\/\/bavarian-bondage.de\/de\/wp-json\/wp\/v2\/product_cat?post=3087"},{"taxonomy":"product_tag","embeddable":true,"href":"https:\/\/bavarian-bondage.de\/de\/wp-json\/wp\/v2\/product_tag?post=3087"}],"curies":[{"name":"wp","href":"https:\/\/api.w.org\/{rel}","templated":true}]}}