{"id":3093,"date":"2020-10-17T12:51:22","date_gmt":"2020-10-17T10:51:22","guid":{"rendered":"https:\/\/bavarian-bondage.tivendo.com\/produkt\/import-placeholder-for-1525\/"},"modified":"2026-03-22T17:09:01","modified_gmt":"2026-03-22T16:09:01","slug":"high-class-jute-6mm-exklusiv-einzelseil-4m","status":"publish","type":"product","link":"https:\/\/bavarian-bondage.de\/de\/produkt\/high-class-jute-6mm-exklusiv-einzelseil-4m\/","title":{"rendered":"High class Jute 6mm EXKLUSIV; Einzelseil 4m"},"content":{"rendered":"<h3 style=\"text-align: center\">High class Jute 6mm EXKLUSIV<\/h3>\n<p style=\"text-align: center\">Ein Seil ersetzen, das Set erweitern oder einfach die Qualit\u00e4t pr\u00fcfen.<\/p>\n<p style=\"text-align: center\">Schon bei der Herstellung der Seile wird auf beste Qualit\u00e4t geachtet, was dem sp\u00e4teren Einsatz sehr zugutekommt. Die Seile werden von Hand auf schonende wei\u00dfe weiterverarbeitet und veredelt.<\/p>\n<p style=\"text-align: center\">Die Enden werden mit kleinen Trisken-Knoten versehen, was beim Fesseln eine gro\u00dfe Erleichterung darstellt.<\/p>\n<p>&nbsp;<\/p>\n<p><strong>Details:<\/strong><\/p>\n<p>High class Jute 6mm EXKLUSIV<br \/>\n3-sch\u00e4ftig gedreht<br \/>\nHeller Karamellton<br \/>\nKleine Endknoten<br \/>\nL\u00e4nge: 1x4m<br \/>\n(Die Seill\u00e4nge kann bis zu 3% der L\u00e4ngenangabe abweichen.)<\/p>\n<p>&nbsp;<\/p>\n<p><span style=\"color: #ff0000\"><strong>Hinweis:<\/strong><\/span><\/p>\n<p>Seile regelm\u00e4\u00dfig auf Verschlei\u00df und Besch\u00e4digungen kontrollieren!<br \/>\nBei geschlagenen bzw. gedrehten Seilen kann es passieren, dass diese sich bei der Verwendung lockern!<br \/>\nJuteseile nicht waschen. Am besten mit einem feuchten Lappen reinigen.<\/p>\n<p>&nbsp;<\/p>\n<p><strong>Lieferumfang:<\/strong> 1x4m High class Jute 6mm EXKLUSIV<\/p>\n<p>&nbsp;<\/p>\n<hr \/>\n<blockquote>\n<p style=\"text-align: center\"><span style=\"color: #333399\">Die Angaben zu den Produkten erfolgt nach bestem Wissen und Gewissen. Alle Ma\u00dfe sind ca-Angaben. Die Benutzung der hier im Shop angebotenen Produkte ist auf eigene Gefahr. Jeder Mensch reagiert anders auf \u00e4u\u00dfere Einwirkungen, auf Lust oder Schmerz usw. Daher kann diesbez\u00fcglich f\u00fcr unsachgem\u00e4\u00dfe Anwendung keine Haftung \u00fcbernommen werden. \u00a0Jeder Benutzer tr\u00e4gt die volle Verantwortung f\u00fcr die Verwendung bzw den richtigen Gebrauch der Produkte und dessen unvorhersehbaren Folgen.<\/span><\/p>\n<\/blockquote>\n","protected":false},"excerpt":{"rendered":"<p>Grundpreis: 3,73 \u20ac\/m<\/p>\n<p>Lieferzeit: 5-7 Tage*<\/p>\n","protected":false},"featured_media":8352,"template":"","meta":[],"product_brand":[],"product_cat":[222,294,353,216],"product_tag":[221,261,296],"class_list":{"0":"post-3093","1":"product","2":"type-product","3":"status-publish","4":"has-post-thumbnail","6":"product_cat-alle-produkte","7":"product_cat-juteseile","8":"product_cat-high-class-jute-6mm","9":"product_cat-bondageseile","10":"product_tag-seilset","11":"product_tag-bondageseil","12":"product_tag-high-class-jute","14":"first","15":"instock","16":"taxable","17":"shipping-taxable","18":"purchasable","19":"product-type-simple"},"_links":{"self":[{"href":"https:\/\/bavarian-bondage.de\/de\/wp-json\/wp\/v2\/product\/3093","targetHints":{"allow":["GET"]}}],"collection":[{"href":"https:\/\/bavarian-bondage.de\/de\/wp-json\/wp\/v2\/product"}],"about":[{"href":"https:\/\/bavarian-bondage.de\/de\/wp-json\/wp\/v2\/types\/product"}],"version-history":[{"count":5,"href":"https:\/\/bavarian-bondage.de\/de\/wp-json\/wp\/v2\/product\/3093\/revisions"}],"predecessor-version":[{"id":13834,"href":"https:\/\/bavarian-bondage.de\/de\/wp-json\/wp\/v2\/product\/3093\/revisions\/13834"}],"wp:featuredmedia":[{"embeddable":true,"href":"https:\/\/bavarian-bondage.de\/de\/wp-json\/wp\/v2\/media\/8352"}],"wp:attachment":[{"href":"https:\/\/bavarian-bondage.de\/de\/wp-json\/wp\/v2\/media?parent=3093"}],"wp:term":[{"taxonomy":"product_brand","embeddable":true,"href":"https:\/\/bavarian-bondage.de\/de\/wp-json\/wp\/v2\/product_brand?post=3093"},{"taxonomy":"product_cat","embeddable":true,"href":"https:\/\/bavarian-bondage.de\/de\/wp-json\/wp\/v2\/product_cat?post=3093"},{"taxonomy":"product_tag","embeddable":true,"href":"https:\/\/bavarian-bondage.de\/de\/wp-json\/wp\/v2\/product_tag?post=3093"}],"curies":[{"name":"wp","href":"https:\/\/api.w.org\/{rel}","templated":true}]}}